{"id":84,"date":"2016-04-19T05:29:11","date_gmt":"2016-04-19T05:29:11","guid":{"rendered":"https:\/\/splash.copy\/?page_id=84"},"modified":"2024-05-08T19:03:30","modified_gmt":"2024-05-08T16:03:30","slug":"home-page-2-2","status":"publish","type":"page","link":"https:\/\/kuivasjarvenaura.fi\/","title":{"rendered":"Etusivu"},"content":{"rendered":"<div class=\"wpb-content-wrapper\"><p>[vc_row][vc_column][\/vc_column][\/vc_row][vc_row][vc_column width=&#8221;1\/2&#8243;][vc_raw_html]JTIwJTVCZWFzeS1mYi1saWtlLWJveCUyMHVybCUzRCUyMmh0dHBzJTNBJTJGJTJGd3d3LmZhY2Vib29rLmNvbSUyRkt1aXZhc2pydmVuLUF1cmEtMjY0ODUwNTk3MDM1NjM4JTJGJTIyJTIwd2lkdGglM0QlMjIzMjUlMjIlMjBoZWlnaHQlM0QlMjI0MDAlMjIlMjBmYWNlcyUzRCUyMmZhbHNlJTIyJTIwaGlkZWNvdmVyJTNEJTIyZmFsc2UlMjIlMjB0YWJzJTNEJTIydGltZWxpbmUlMjIlMjBzbWFsbF9oZWFkZXIlM0QlMjJmYWxzZSUyMmhpZGVfY3RhJTNEJTIyZmFsc2UlMjIlMjAlMjJhY3clM0QlMjJmYWxzZSUyMiUyMGxvY2FsZSUzRCUyMmZpX0ZJJTIyJTVE[\/vc_raw_html][\/vc_column][vc_column width=&#8221;1\/2&#8243;][vc_column_text]<\/p>\n<h1 style=\"text-align: center;\">Kuivasj\u00e4rven Aura<\/h1>\n<h3 style=\"text-align: center;\">Urheilua Hyv\u00e4ss\u00e4 Seurassa<\/h3>\n<p>[\/vc_column_text][vc_single_image image=&#8221;5699&#8243; img_size=&#8221;full&#8221;][\/vc_column][\/vc_row][vc_row][vc_column][stm_latest_news_most_styles title=&#8221;Ajankohtaista&#8221; view_style=&#8221;masonry&#8221; news_page_url=&#8221;index.php\/category\/ajankohtaista\/&#8221; number=&#8221;6&#8243;][\/vc_column][\/vc_row][vc_row full_width=&#8221;stretch_row&#8221; css=&#8221;.vc_custom_1612180272976{background-color: #e7e9f1 !important;}&#8221;][vc_column][stm_spacing lg_spacing=&#8221;15&#8243; md_spacing=&#8221;15&#8243; sm_spacing=&#8221;15&#8243; xs_spacing=&#8221;15&#8243;][stm_carousel image_size=&#8221;full&#8221; disable_controlls=&#8221;disable&#8221; disable_grayscale=&#8221;yes&#8221; images=&#8221;2292,2290,4484&#8243; custom_links=&#8221;#E-8_aHR0cHMlM0ElMkYlMkZ3d3cuaW50ZXJzcG9ydC5maSUyRmZpJTJGa2F1cHBhJTJGb3VsdS12YWxrZWElMkYlMkNodHRwcyUzQSUyRiUyRmtpcHVsaWhha3NldC5maSUyQ2h0dHBzJTNBJTJGJTJGd3d3Lm9kbC5maQ==&#8221;][stm_spacing lg_spacing=&#8221;50&#8243; md_spacing=&#8221;50&#8243; sm_spacing=&#8221;50&#8243; xs_spacing=&#8221;50&#8243;][\/vc_column][\/vc_row]<\/p>\n<\/div>","protected":false},"excerpt":{"rendered":"<p>[vc_row][vc_column][\/vc_column][\/vc_row][vc_row][vc_column width=&#8221;1\/2&#8243;][vc_raw_html]JTIwJTVCZWFzeS1mYi1saWtlLWJveCUyMHVybCUzRCUyMmh0dHBzJTNBJTJGJTJGd3d3LmZhY2Vib29rLmNvbSUyRkt1aXZhc2pydmVuLUF1cmEtMjY0ODUwNTk3MDM1NjM4JTJGJTIyJTIwd2lkdGglM0QlMjIzMjUlMjIlMjBoZWlnaHQlM0QlMjI0MDAlMjIlMjBmYWNlcyUzRCUyMmZhbHNlJTIyJTIwaGlkZWNvdmVyJTNEJTIyZmFsc2UlMjIlMjB0YWJzJTNEJTIydGltZWxpbmUlMjIlMjBzbWFsbF9oZWFkZXIlM0QlMjJmYWxzZSUyMmhpZGVfY3RhJTNEJTIyZmFsc2UlMjIlMjAlMjJhY3clM0QlMjJmYWxzZSUyMiUyMGxvY2FsZSUzRCUyMmZpX0ZJJTIyJTVE[\/vc_raw_html][\/vc_column][vc_column width=&#8221;1\/2&#8243;][vc_column_text] Kuivasj\u00e4rven Aura Urheilua Hyv\u00e4ss\u00e4 Seurassa [\/vc_column_text][vc_single_image image=&#8221;5699&#8243; img_size=&#8221;full&#8221;][\/vc_column][\/vc_row][vc_row][vc_column][stm_latest_news_most_styles title=&#8221;Ajankohtaista&#8221; view_style=&#8221;masonry&#8221; news_page_url=&#8221;index.php\/category\/ajankohtaista\/&#8221; number=&#8221;6&#8243;][\/vc_column][\/vc_row][vc_row full_width=&#8221;stretch_row&#8221; css=&#8221;.vc_custom_1612180272976{background-color: #e7e9f1 !important;}&#8221;][vc_column][stm_spacing lg_spacing=&#8221;15&#8243; md_spacing=&#8221;15&#8243; sm_spacing=&#8221;15&#8243; xs_spacing=&#8221;15&#8243;][stm_carousel image_size=&#8221;full&#8221; disable_controlls=&#8221;disable&#8221; disable_grayscale=&#8221;yes&#8221; images=&#8221;2292,2290,4484&#8243; custom_links=&#8221;#E-8_aHR0cHMlM0ElMkYlMkZ3d3cuaW50ZXJzcG9ydC5maSUyRmZpJTJGa2F1cHBhJTJGb3VsdS12YWxrZWElMkYlMkNodHRwcyUzQSUyRiUyRmtpcHVsaWhha3NldC5maSUyQ2h0dHBzJTNBJTJGJTJGd3d3Lm9kbC5maQ==&#8221;][stm_spacing lg_spacing=&#8221;50&#8243; md_spacing=&#8221;50&#8243; sm_spacing=&#8221;50&#8243; xs_spacing=&#8221;50&#8243;][\/vc_column][\/vc_row]<\/p>\n","protected":false},"author":1,"featured_media":2631,"parent":0,"menu_order":0,"comment_status":"closed","ping_status":"closed","template":"","meta":{"footnotes":""},"class_list":["post-84","page","type-page","status-publish","has-post-thumbnail","hentry"],"_links":{"self":[{"href":"https:\/\/kuivasjarvenaura.fi\/index.php\/wp-json\/wp\/v2\/pages\/84","targetHints":{"allow":["GET"]}}],"collection":[{"href":"https:\/\/kuivasjarvenaura.fi\/index.php\/wp-json\/wp\/v2\/pages"}],"about":[{"href":"https:\/\/kuivasjarvenaura.fi\/index.php\/wp-json\/wp\/v2\/types\/page"}],"author":[{"embeddable":true,"href":"https:\/\/kuivasjarvenaura.fi\/index.php\/wp-json\/wp\/v2\/users\/1"}],"replies":[{"embeddable":true,"href":"https:\/\/kuivasjarvenaura.fi\/index.php\/wp-json\/wp\/v2\/comments?post=84"}],"version-history":[{"count":84,"href":"https:\/\/kuivasjarvenaura.fi\/index.php\/wp-json\/wp\/v2\/pages\/84\/revisions"}],"predecessor-version":[{"id":5772,"href":"https:\/\/kuivasjarvenaura.fi\/index.php\/wp-json\/wp\/v2\/pages\/84\/revisions\/5772"}],"wp:featuredmedia":[{"embeddable":true,"href":"https:\/\/kuivasjarvenaura.fi\/index.php\/wp-json\/wp\/v2\/media\/2631"}],"wp:attachment":[{"href":"https:\/\/kuivasjarvenaura.fi\/index.php\/wp-json\/wp\/v2\/media?parent=84"}],"curies":[{"name":"wp","href":"https:\/\/api.w.org\/{rel}","templated":true}]}}