{"id":709,"date":"2016-05-10T09:55:45","date_gmt":"2016-05-10T09:55:45","guid":{"rendered":"https:\/\/splash.copy\/?page_id=709"},"modified":"2025-03-31T15:26:32","modified_gmt":"2025-03-31T12:26:32","slug":"yhteystiedot","status":"publish","type":"page","link":"https:\/\/kuivasjarvenaura.fi\/index.php\/yhteystiedot\/","title":{"rendered":"Yhteystiedot"},"content":{"rendered":"<div class=\"wpb-content-wrapper\"><p>[vc_row css=&#8221;.vc_custom_1462881653084{margin-bottom: 90px !important;}&#8221;][vc_column width=&#8221;2\/3&#8243;][vc_row_inner][vc_column_inner width=&#8221;1\/2&#8243;][stm_contact_info image=&#8221;716&#8243; phone=&#8221;040-7411608 (Auranmaja)&#8221;][stm_contact_info phone=&#8221;0413100662 (toimisto)&#8221; email=&#8221;kuivau49@gmail.com&#8221;][\/vc_column_inner][vc_column_inner width=&#8221;1\/2&#8243;][\/vc_column_inner][\/vc_row_inner][vc_column_text css=&#8221;.vc_custom_1743423990185{margin-bottom: 45px !important;}&#8221;]<\/p>\n<h5 style=\"letter-spacing: 0.8px; margin-bottom: 30px;\"><b><br \/>\nLajit:\u00a0<\/b><b>Yleisurheilu ja hiihto<\/b><\/h5>\n<p>J\u00e4seni\u00e4: n. 750<\/p>\n<p><strong>Hallitus:<\/strong><\/p>\n<p><strong>Puheenjohtaja:<\/strong> Antero Lehto puh. 040-7541983<\/p>\n<p><strong>Sihteeri:<\/strong> Anna Okkonen<\/p>\n<p><strong>Lis\u00e4ksi:<\/strong> Olivia Jokinen, Seija Karvinen, Henri Pakisj\u00e4rvi, Jani Laine, Merja Talvitie, Ari-Pekka Tuomela, Reijo Poutanen<\/p>\n<p>&nbsp;<\/p>\n<p>Sosiaalisen median kanavat:<\/p>\n<p>IG\/FB Kuivasjarvenaura<\/p>\n<p>IG\/FB Auranmaja<\/p>\n<p>Tiktok kuivasjarvenaura[\/vc_column_text][\/vc_column][vc_column width=&#8221;1\/3&#8243;][vc_row_inner][vc_column_inner][vc_column_text css=&#8221;.vc_custom_1603896300005{margin-bottom: 30px !important;}&#8221;]<\/p>\n<h4 style=\"letter-spacing: 1.2px;\">L\u00c4HET\u00c4 VIESTI\u00c4<\/h4>\n<p>[\/vc_column_text][\/vc_column_inner][\/vc_row_inner]\n<div class=\"wpcf7 no-js\" id=\"wpcf7-f89-o1\" lang=\"en-US\" dir=\"ltr\" data-wpcf7-id=\"89\">\n<div class=\"screen-reader-response\"><p role=\"status\" aria-live=\"polite\" aria-atomic=\"true\"><\/p> <ul><\/ul><\/div>\n<form action=\"\/index.php\/wp-json\/wp\/v2\/pages\/709#wpcf7-f89-o1\" method=\"post\" class=\"wpcf7-form init\" aria-label=\"Contact form\" novalidate=\"novalidate\" data-status=\"init\">\n<fieldset class=\"hidden-fields-container\"><input type=\"hidden\" name=\"_wpcf7\" value=\"89\" \/><input type=\"hidden\" name=\"_wpcf7_version\" value=\"6.1.5\" \/><input type=\"hidden\" name=\"_wpcf7_locale\" value=\"en_US\" \/><input type=\"hidden\" name=\"_wpcf7_unit_tag\" value=\"wpcf7-f89-o1\" \/><input type=\"hidden\" name=\"_wpcf7_container_post\" value=\"0\" \/><input type=\"hidden\" name=\"_wpcf7_posted_data_hash\" value=\"\" \/>\n<\/fieldset>\n<p><span class=\"wpcf7-form-control-wrap\" data-name=\"your-name\"><input size=\"40\" maxlength=\"400\" class=\"wpcf7-form-control wpcf7-text wpcf7-validates-as-required style-2\" aria-required=\"true\" aria-invalid=\"false\" placeholder=\"Nimi\" value=\"\" type=\"text\" name=\"your-name\" \/><\/span>\n<\/p>\n<p><span class=\"wpcf7-form-control-wrap\" data-name=\"your-email\"><input size=\"40\" maxlength=\"400\" class=\"wpcf7-form-control wpcf7-email wpcf7-validates-as-required wpcf7-text wpcf7-validates-as-email style-2\" aria-required=\"true\" aria-invalid=\"false\" placeholder=\"S\u00e4hk\u00f6posti\" value=\"\" type=\"email\" name=\"your-email\" \/><\/span>\n<\/p>\n<p><span class=\"wpcf7-form-control-wrap\" data-name=\"tel-505\"><input size=\"40\" maxlength=\"400\" class=\"wpcf7-form-control wpcf7-tel wpcf7-text wpcf7-validates-as-tel style-2\" aria-invalid=\"false\" placeholder=\"Puhelin\" value=\"\" type=\"tel\" name=\"tel-505\" \/><\/span>\n<\/p>\n<p><span class=\"wpcf7-form-control-wrap\" data-name=\"your-message\"><textarea cols=\"40\" rows=\"10\" maxlength=\"2000\" class=\"wpcf7-form-control wpcf7-textarea style-2\" aria-invalid=\"false\" placeholder=\"Viesti\" name=\"your-message\"><\/textarea><\/span>\n<\/p>\n<p><input class=\"wpcf7-form-control wpcf7-submit has-spinner btn-md\" type=\"submit\" value=\"L\u00e4het\u00e4\" \/>\n<\/p><div class=\"wpcf7-response-output\" aria-hidden=\"true\"><\/div>\n<\/form>\n<\/div>\n[\/vc_column][\/vc_row][vc_row full_width=&#8221;stretch_row_content_no_spaces&#8221;][vc_column][stm_gmap map_height=&#8221;500px&#8221; map_zoom=&#8221;14&#8243; lat=&#8221;65.081655&#8243; lng=&#8221;25.547129&#8243; image=&#8221;2008&#8243; infowindow_text=&#8221;Auran maja&#8221;][\/vc_column][\/vc_row]<\/p>\n<\/div>","protected":false},"excerpt":{"rendered":"<p>[vc_row css=&#8221;.vc_custom_1462881653084{margin-bottom: 90px !important;}&#8221;][vc_column width=&#8221;2\/3&#8243;][vc_row_inner][vc_column_inner width=&#8221;1\/2&#8243;][stm_contact_info image=&#8221;716&#8243; phone=&#8221;040-7411608 (Auranmaja)&#8221;][stm_contact_info phone=&#8221;0413100662 (toimisto)&#8221; email=&#8221;kuivau49@gmail.com&#8221;][\/vc_column_inner][vc_column_inner width=&#8221;1\/2&#8243;][\/vc_column_inner][\/vc_row_inner][vc_column_text css=&#8221;.vc_custom_1743423990185{margin-bottom: 45px !important;}&#8221;] Lajit:\u00a0Yleisurheilu ja hiihto J\u00e4seni\u00e4: n. 750 Hallitus: Puheenjohtaja: Antero Lehto puh. 040-7541983 Sihteeri: Anna Okkonen Lis\u00e4ksi: Olivia Jokinen, Seija Karvinen, Henri Pakisj\u00e4rvi, Jani Laine, Merja Talvitie, Ari-Pekka Tuomela, Reijo Poutanen &nbsp; Sosiaalisen median kanavat: IG\/FB Kuivasjarvenaura IG\/FB Auranmaja Tiktok&#8230;<\/p>\n","protected":false},"author":1,"featured_media":0,"parent":0,"menu_order":0,"comment_status":"closed","ping_status":"closed","template":"","meta":{"footnotes":""},"class_list":["post-709","page","type-page","status-publish","hentry"],"_links":{"self":[{"href":"https:\/\/kuivasjarvenaura.fi\/index.php\/wp-json\/wp\/v2\/pages\/709","targetHints":{"allow":["GET"]}}],"collection":[{"href":"https:\/\/kuivasjarvenaura.fi\/index.php\/wp-json\/wp\/v2\/pages"}],"about":[{"href":"https:\/\/kuivasjarvenaura.fi\/index.php\/wp-json\/wp\/v2\/types\/page"}],"author":[{"embeddable":true,"href":"https:\/\/kuivasjarvenaura.fi\/index.php\/wp-json\/wp\/v2\/users\/1"}],"replies":[{"embeddable":true,"href":"https:\/\/kuivasjarvenaura.fi\/index.php\/wp-json\/wp\/v2\/comments?post=709"}],"version-history":[{"count":39,"href":"https:\/\/kuivasjarvenaura.fi\/index.php\/wp-json\/wp\/v2\/pages\/709\/revisions"}],"predecessor-version":[{"id":6670,"href":"https:\/\/kuivasjarvenaura.fi\/index.php\/wp-json\/wp\/v2\/pages\/709\/revisions\/6670"}],"wp:attachment":[{"href":"https:\/\/kuivasjarvenaura.fi\/index.php\/wp-json\/wp\/v2\/media?parent=709"}],"curies":[{"name":"wp","href":"https:\/\/api.w.org\/{rel}","templated":true}]}}