{"id":6394,"date":"2024-11-05T14:35:22","date_gmt":"2024-11-05T12:35:22","guid":{"rendered":"https:\/\/kuivasjarvenaura.fi\/?page_id=6394"},"modified":"2026-05-04T17:29:00","modified_gmt":"2026-05-04T14:29:00","slug":"historia","status":"publish","type":"page","link":"https:\/\/kuivasjarvenaura.fi\/index.php\/historia\/","title":{"rendered":"KES\u00c4N YLEISURHEILUKOULU"},"content":{"rendered":"<div class=\"wpb-content-wrapper\"><p>[vc_row][vc_column][vc_column_text css=&#8221;&#8221;]<\/p>\n<p><strong>JO NYT MUKANA OLEVAT YLEISURHEILUKOULULAISET EIV\u00c4T ILMOITTAUDU KES\u00c4KSI UUDELLEEN. TEID\u00c4N KAUSI KEST\u00c4\u00c4 13.8. SAAKKA!!!<\/strong><\/p>\n<p class=\"isSelectedEnd\"><strong>AURAN KES\u00c4N SUOSITTUJEN YLEISURHEILUKOULUJEN ILMOITTAUTUMINEN ON AUKI!\u00a0<\/strong><\/p>\n<p class=\"isSelectedEnd\">Tervetuloa mukaan iloiseen ja liikunnalliseen lasten yleisurheilukouluun Raatin Stadionille! Harjoituksissa tutustutaan monipuolisesti juoksuun, hyppyihin, heittoihin ja leikkeihin kannustavassa ilmapiiriss\u00e4. Yleisurheilukoulu on suunnattu <strong>2022\u20132010-syntyneille<\/strong> lapsille ja nuorille. Toiminnassa opitaan liikuntataitojen lis\u00e4ksi my\u00f6s monia t\u00e4rkeit\u00e4 taitoja, kuten ryhm\u00e4ss\u00e4 toimimista, toisten kannustamista, s\u00e4\u00e4nt\u00f6jen noudattamista, keskittymist\u00e4, itseluottamusta ja yhdess\u00e4 onnistumisen iloa treenikavereiden kesken. Harjoituksissa jokainen saa kehitty\u00e4 omalla tasollaan turvallisessa ja innostavassa ymp\u00e4rist\u00f6ss\u00e4.<\/p>\n<p class=\"isSelectedEnd\"><strong>Paikka:<\/strong> Raatin Stadion + l\u00e4hialueet (esim. Qstockin rakentamisen aikana).<br \/>\n<strong>Aika:<\/strong> 1.6.\u201313.8.2026<br \/>\n<strong>Kenelle:<\/strong> 2022\u20132010-syntyneille<\/p>\n<p>L\u00e4hde mukaan viett\u00e4m\u00e4\u00e4n kes\u00e4\u00e4 yleisurheilun parissa!<\/p>\n<p><strong>Ryhm\u00e4t:<\/strong><\/p>\n<p><strong>Ma &amp; ke klo 17-17:55 &amp; klo 18-18:55 (55min)<\/strong><\/p>\n<ul class=\"wp-block-list\">\n<li>2020-, 2019-, 2018- ja 2017-syntyneet<\/li>\n<li>2021<strong> 17-17:45<\/strong>, <strong>18-18:45 (45min)<\/strong><\/li>\n<li>2022 vain keskiviikkoisin <strong>klo 17-17:45 (45min)<\/strong><\/li>\n<\/ul>\n<p><strong>Ti &amp; to klo 18-19.30 (1,5h)<\/strong><\/p>\n<ul class=\"wp-block-list\">\n<li>2016-, 2015-, 2014-, 2013-, 2012-, 2011- ja 2010-syntyneet<\/li>\n<\/ul>\n<p>&nbsp;<\/p>\n<p><strong>Ilmoittautuminen:\u00a0<a href=\"https:\/\/kuivasjarvenaura.myclub.fi\/\">https:\/\/kuivasjarvenaura.myclub.fi\/<\/a><\/strong><\/p>\n<p>&nbsp;<\/p>\n<p>Ohjeita:<\/p>\n<p>\u2013&gt; Ilmoittautumiset<\/p>\n<p>\u2013&gt;Valitse SYNTYM\u00c4VUODEN &amp; OIKEAN P\u00c4IV\u00c4N mukainen ryhm\u00e4! Jos lapsi k\u00e4y 2x\/vko, valitse molemmista p\u00e4ivist\u00e4 oikea ryhm\u00e4.<\/p>\n<p>\u2014&gt; Klikkaa\u00a0<strong>ilmoittaudu<\/strong><\/p>\n<p>\u2013&gt;Ilmoita lapsen sek\u00e4 huoltajan tiedot<\/p>\n<p>\u2013&gt;Ilmoita muut lis\u00e4tiedot, joita lomake kysyy (mm. Sportti ID\/2x vai 1x\/vko)<\/p>\n<p>\u2013&gt;Vahvista ilmoittautuminen<\/p>\n<p>\u2013&gt; Luo k\u00e4ytt\u00e4j\u00e4tunnus MyClubiin<\/p>\n<p>\u2013&gt; Saat s\u00e4hk\u00f6postiisi vahvistuksen ilmoittautumisesta<\/p>\n<p>Toisen huoltajan lis\u00e4\u00e4minen k\u00e4ytt\u00e4j\u00e4ksi tapahtuu sen huoltajan kautta, joka on ilmoittautumisen tehnyt.<\/p>\n<p><strong>Eth\u00e4n ilmoita lastasi Kuivasj\u00e4rven Auran j\u00e4senyys -kurssiin!<\/strong> Urheilukoululaiset liittyv\u00e4t automaattisesti j\u00e4seneksi urheilukouluilmoittautumisen kautta. J\u00e4senmaksu laskutetaan kausimaksun yhteydess\u00e4!<\/p>\n<p><strong>Hinta:<\/strong><\/p>\n<p>2x\/vko 110\u20ac<\/p>\n<p>1x\/vko 75\u20ac<\/p>\n<p>Lis\u00e4ksi 15\u20ac j\u00e4senmaksu.<\/p>\n<p>-Maksua saa maksaa kes\u00e4,hein\u00e4 &amp; elokuussa vaikka lasku l\u00e4hetet\u00e4\u00e4n kerralla MyCLubin kautta.<\/p>\n<p>Hinta sis\u00e4lt\u00e4\u00e4:<\/p>\n<ul class=\"wp-block-list\">\n<li>11 viikon harjoitukset kes\u00e4n aikana koulutetuilla ohjaajilla<\/li>\n<li>2013-2018 syntyneille Suomen Urheiluliiton lisenssin (kilpailulupa) ja Sporttiturva-vakuutuksen<\/li>\n<li>2019 ja my\u00f6hemmin syntyneille Sporttiturva-ryhm\u00e4vakuutuksen<\/li>\n<li>2012- ja aiemmin syntyneet ostavat itse lisenssin Suomisportista, suosittelemme ostamaan my\u00f6s vakuutuksen. Edellyt\u00e4mme lisenssin ostamista kaikilta seurassamme treenaavilta. (1.10.2025-30.9.2026 lisenssikausi)<\/li>\n<li>Oikeuden osallistua Auran suosittuihin seurakisoihin<\/li>\n<li>Yli 9-vuotiaille piirinmestaruuskilpailuiden osanottomaksun 1.lajiin\/kilpailu (sisukilpailut)<\/li>\n<\/ul>\n<p><strong>Peruutus:<\/strong><br \/>\nPaikan voi peruuttaa ilmaiseksi 14.6 menness\u00e4, t\u00e4m\u00e4n j\u00e4lkeen tehdyist\u00e4 peruutuksista veloitamme lisenssikulut+treenimaksua peruutusajankohdan mukaan.<\/p>\n<p><strong>LIS\u00c4TIETOA:<\/strong><\/p>\n<p>puh. 0413100662\/Henriikka<\/p>\n<p><a href=\"mailto:kuivau49@gmail.com\">kuivau49@gmail.com<\/a><\/p>\n<p>&nbsp;<\/p>\n<p>Lis\u00e4tietoa yleisurheilulisenssist\u00e4:<\/p>\n<p><a href=\"https:\/\/www.yleisurheilu.fi\/seura-ja-kilpailutoiminta\/info\/yleisurheilulisenssit\/\">Suomisport ja lisenssit &#8211; Suomen Urheiluliitto ry<\/a>[\/vc_column_text][\/vc_column][\/vc_row]<\/p>\n<\/div>","protected":false},"excerpt":{"rendered":"<p>[vc_row][vc_column][vc_column_text css=&#8221;&#8221;] JO NYT MUKANA OLEVAT YLEISURHEILUKOULULAISET EIV\u00c4T ILMOITTAUDU KES\u00c4KSI UUDELLEEN. TEID\u00c4N KAUSI KEST\u00c4\u00c4 13.8. SAAKKA!!! AURAN KES\u00c4N SUOSITTUJEN YLEISURHEILUKOULUJEN ILMOITTAUTUMINEN ON AUKI!\u00a0 Tervetuloa mukaan iloiseen ja liikunnalliseen lasten yleisurheilukouluun Raatin Stadionille! Harjoituksissa tutustutaan monipuolisesti juoksuun, hyppyihin, heittoihin ja leikkeihin kannustavassa ilmapiiriss\u00e4. Yleisurheilukoulu on suunnattu 2022\u20132010-syntyneille lapsille ja nuorille. Toiminnassa opitaan liikuntataitojen lis\u00e4ksi my\u00f6s monia&#8230;<\/p>\n","protected":false},"author":3,"featured_media":7081,"parent":0,"menu_order":0,"comment_status":"closed","ping_status":"closed","template":"","meta":{"footnotes":""},"class_list":["post-6394","page","type-page","status-publish","has-post-thumbnail","hentry"],"_links":{"self":[{"href":"https:\/\/kuivasjarvenaura.fi\/index.php\/wp-json\/wp\/v2\/pages\/6394","targetHints":{"allow":["GET"]}}],"collection":[{"href":"https:\/\/kuivasjarvenaura.fi\/index.php\/wp-json\/wp\/v2\/pages"}],"about":[{"href":"https:\/\/kuivasjarvenaura.fi\/index.php\/wp-json\/wp\/v2\/types\/page"}],"author":[{"embeddable":true,"href":"https:\/\/kuivasjarvenaura.fi\/index.php\/wp-json\/wp\/v2\/users\/3"}],"replies":[{"embeddable":true,"href":"https:\/\/kuivasjarvenaura.fi\/index.php\/wp-json\/wp\/v2\/comments?post=6394"}],"version-history":[{"count":21,"href":"https:\/\/kuivasjarvenaura.fi\/index.php\/wp-json\/wp\/v2\/pages\/6394\/revisions"}],"predecessor-version":[{"id":7157,"href":"https:\/\/kuivasjarvenaura.fi\/index.php\/wp-json\/wp\/v2\/pages\/6394\/revisions\/7157"}],"wp:featuredmedia":[{"embeddable":true,"href":"https:\/\/kuivasjarvenaura.fi\/index.php\/wp-json\/wp\/v2\/media\/7081"}],"wp:attachment":[{"href":"https:\/\/kuivasjarvenaura.fi\/index.php\/wp-json\/wp\/v2\/media?parent=6394"}],"curies":[{"name":"wp","href":"https:\/\/api.w.org\/{rel}","templated":true}]}}