{"id":612,"date":"2016-05-05T10:36:13","date_gmt":"2016-05-05T10:36:13","guid":{"rendered":"https:\/\/splash.copy\/?page_id=612"},"modified":"2024-04-04T10:49:59","modified_gmt":"2024-04-04T07:49:59","slug":"yleisurheilu-info","status":"publish","type":"page","link":"https:\/\/kuivasjarvenaura.fi\/index.php\/yleisurheilu-2-2\/yleisurheilu-info\/","title":{"rendered":"Yleisurheilun esittely"},"content":{"rendered":"<div class=\"wpb-content-wrapper\"><p>[vc_row full_width=&#8221;stretch_row&#8221; css=&#8221;.vc_custom_1584939033954{margin-top: 0px !important;margin-bottom: 0px !important;background-color: #ffffff !important;}&#8221;][vc_column width=&#8221;1\/2&#8243; css=&#8221;.vc_custom_1584522598519{padding-top: 0px !important;}&#8221;][vc_column_text css=&#8221;.vc_custom_1615836311873{margin-bottom: 23px !important;}&#8221;]<span data-contrast=\"auto\">Kehityksemme <\/span><span data-contrast=\"auto\">pienest\u00e4 kyl\u00e4seurasta\u00a0<\/span><span data-contrast=\"auto\">Pohjois-Suomen suurimmaksi yleisurheiluseuraksi on alkanut vuonna 1997, jolloin j\u00e4rjestettiin\u00a0<\/span><span data-contrast=\"auto\">ensimm\u00e4ist\u00e4 kertaa yleisurheilukoul<\/span><span data-contrast=\"auto\">u<\/span><span data-contrast=\"auto\">.<\/span><span data-contrast=\"auto\"> T\u00e4t\u00e4 ennen seuraamme edusti vain muutama yksitt\u00e4inen urheilija.<\/span><span data-contrast=\"auto\">\u00a0J<\/span><span data-contrast=\"auto\">o <\/span><span data-contrast=\"auto\">ensimm\u00e4isen\u00e4 vuonna\u00a0<\/span><span data-contrast=\"auto\">osallistujia\u00a0<\/span><span data-contrast=\"auto\">oli<\/span><span data-contrast=\"auto\">\u00a0<\/span><span data-contrast=\"auto\">yli 100, ja m<\/span><span data-contrast=\"auto\">\u00e4\u00e4r\u00e4 on kasvanut nykyisilleen yli 600 vuosittaiseen lisenssiin.<\/span><span data-contrast=\"auto\">\u00a0Suomen Urheiluliiton valtakunnallisessa Seuraliiga-luokittelussa olemme Superliiga-sarjassa, 20 parhaan joukossa sijalla 17. Nuorten sarjoissa sijoituksemme on 8.<\/span><span data-ccp-props=\"{&quot;201341983&quot;:0,&quot;335559739&quot;:160,&quot;335559740&quot;:259}\">\u00a0<\/span><\/p>\n<p><span data-contrast=\"auto\">Meille on t\u00e4rke\u00e4\u00e4 pysy\u00e4 matalan kynnyksen urheiluseurana, jonne jokainen on tervetullut<\/span><span data-contrast=\"auto\">\u00a0ja jossa jokainen on yht\u00e4 t\u00e4rke\u00e4<\/span><span data-contrast=\"auto\">\u00a0taso<\/span><span data-contrast=\"auto\">onsa<\/span><span data-contrast=\"auto\"> ja tavoitteis<\/span><span data-contrast=\"auto\">iinsa<\/span><span data-contrast=\"auto\">\u00a0<\/span><span data-contrast=\"auto\">katsomatta<\/span><span data-contrast=\"auto\">. Talkootoiminnan avulla olemme pyrkineet pit\u00e4m\u00e4\u00e4n <\/span><span data-contrast=\"auto\">my\u00f6s\u00a0<\/span><span data-contrast=\"auto\">osallistumismaksut matalina.<\/span><span data-contrast=\"auto\">\u00a0Seurassamme jokainen p\u00e4\u00e4see tutustumaan yleisurheilun saloihin ja kokemaan liikunnan iloa<\/span><span data-contrast=\"auto\"> omalla tasollaan. S<\/span><span data-contrast=\"auto\">uosittu <a href=\"http:\/\/kuivasjarvenaura.fi\/index.php\/yleisurheilu-2-2\/yleisurheilu-info\/yleisurheilukoulu\/\">yleisurheilukoulumme<\/a> ottaa vastaan nuoremmat<\/span><span data-contrast=\"auto\"> ja aloittelevat<\/span><span data-contrast=\"auto\"> liikkujat. Tarjoamme my\u00f6s tasokasta <a href=\"http:\/\/kuivasjarvenaura.fi\/index.php\/yleisurheilu-2-2\/yleisurheilu-info\/kilparyhmat\/\">kilpavalmennusta.<\/a><\/span><span data-contrast=\"auto\">\u00a0Kilpaili<\/span><span data-contrast=\"auto\">joitamme<\/span><span data-contrast=\"auto\"> o<\/span><span data-contrast=\"auto\">n\u00a0<\/span><span data-contrast=\"auto\">jo vuosia <\/span><span data-contrast=\"auto\">n\u00e4hty\u00a0<\/span><span data-contrast=\"auto\">SM-tasolla <\/span><span data-contrast=\"auto\">mitalisijoilla<\/span><span data-contrast=\"auto\">.<\/span><span data-ccp-props=\"{&quot;201341983&quot;:0,&quot;335559739&quot;:160,&quot;335559740&quot;:259}\">\u00a0<\/span><\/p>\n<p><span data-contrast=\"auto\">Yhteis\u00f6llisyys on meille t\u00e4rke\u00e4 arvo. Seuramme tunnetaan kansallisissa yleisurheilupiireiss\u00e4 siit\u00e4, ett\u00e4 kannustamme aina toisiamme ja iloitsemme toisten <\/span><span data-contrast=\"auto\">onnistumisista yht\u00e4 lailla kuin omista<\/span><span data-contrast=\"auto\">mme<\/span><span data-contrast=\"auto\">. T\u00e4t\u00e4 <\/span><span data-contrast=\"auto\">ajatusta\u00a0<\/span><span data-contrast=\"auto\">toteutamme kaikenik\u00e4isten urheilussa<\/span><span data-contrast=\"auto\"> &#8211; yhdess\u00e4 liikkuminenkin on hauskempaa<\/span><span data-contrast=\"auto\">. <\/span><span data-contrast=\"auto\">Tule mukaan l\u00e4mminhenkiseen urheiluperheeseen!<\/span><span data-ccp-props=\"{&quot;201341983&quot;:0,&quot;335559739&quot;:160,&quot;335559740&quot;:259}\">\u00a0<\/span>[\/vc_column_text][\/vc_column][vc_column width=&#8221;1\/2&#8243;][vc_single_image image=&#8221;2167&#8243; img_size=&#8221;large&#8221; onclick=&#8221;link_image&#8221; css_animation=&#8221;right-to-left&#8221;][vc_single_image image=&#8221;2782&#8243; img_size=&#8221;medium&#8221;][vc_single_image image=&#8221;5696&#8243; img_size=&#8221;large&#8221;][\/vc_column][\/vc_row][vc_row][vc_column][\/vc_column][\/vc_row]<\/p>\n<\/div>","protected":false},"excerpt":{"rendered":"<p>[vc_row full_width=&#8221;stretch_row&#8221; css=&#8221;.vc_custom_1584939033954{margin-top: 0px !important;margin-bottom: 0px !important;background-color: #ffffff !important;}&#8221;][vc_column width=&#8221;1\/2&#8243; css=&#8221;.vc_custom_1584522598519{padding-top: 0px !important;}&#8221;][vc_column_text css=&#8221;.vc_custom_1615836311873{margin-bottom: 23px !important;}&#8221;]Kehityksemme pienest\u00e4 kyl\u00e4seurasta\u00a0Pohjois-Suomen suurimmaksi yleisurheiluseuraksi on alkanut vuonna 1997, jolloin j\u00e4rjestettiin\u00a0ensimm\u00e4ist\u00e4 kertaa yleisurheilukoulu. T\u00e4t\u00e4 ennen seuraamme edusti vain muutama yksitt\u00e4inen urheilija.\u00a0Jo ensimm\u00e4isen\u00e4 vuonna\u00a0osallistujia\u00a0oli\u00a0yli 100, ja m\u00e4\u00e4r\u00e4 on kasvanut nykyisilleen yli 600 vuosittaiseen lisenssiin.\u00a0Suomen Urheiluliiton valtakunnallisessa Seuraliiga-luokittelussa olemme Superliiga-sarjassa, 20 parhaan&#8230;<\/p>\n","protected":false},"author":1,"featured_media":0,"parent":2341,"menu_order":0,"comment_status":"closed","ping_status":"closed","template":"","meta":{"footnotes":""},"class_list":["post-612","page","type-page","status-publish","hentry"],"_links":{"self":[{"href":"https:\/\/kuivasjarvenaura.fi\/index.php\/wp-json\/wp\/v2\/pages\/612","targetHints":{"allow":["GET"]}}],"collection":[{"href":"https:\/\/kuivasjarvenaura.fi\/index.php\/wp-json\/wp\/v2\/pages"}],"about":[{"href":"https:\/\/kuivasjarvenaura.fi\/index.php\/wp-json\/wp\/v2\/types\/page"}],"author":[{"embeddable":true,"href":"https:\/\/kuivasjarvenaura.fi\/index.php\/wp-json\/wp\/v2\/users\/1"}],"replies":[{"embeddable":true,"href":"https:\/\/kuivasjarvenaura.fi\/index.php\/wp-json\/wp\/v2\/comments?post=612"}],"version-history":[{"count":32,"href":"https:\/\/kuivasjarvenaura.fi\/index.php\/wp-json\/wp\/v2\/pages\/612\/revisions"}],"predecessor-version":[{"id":5723,"href":"https:\/\/kuivasjarvenaura.fi\/index.php\/wp-json\/wp\/v2\/pages\/612\/revisions\/5723"}],"up":[{"embeddable":true,"href":"https:\/\/kuivasjarvenaura.fi\/index.php\/wp-json\/wp\/v2\/pages\/2341"}],"wp:attachment":[{"href":"https:\/\/kuivasjarvenaura.fi\/index.php\/wp-json\/wp\/v2\/media?parent=612"}],"curies":[{"name":"wp","href":"https:\/\/api.w.org\/{rel}","templated":true}]}}