{"id":5714,"date":"2024-03-27T13:12:02","date_gmt":"2024-03-27T11:12:02","guid":{"rendered":"https:\/\/kuivasjarvenaura.fi\/?page_id=5714"},"modified":"2025-06-17T17:00:24","modified_gmt":"2025-06-17T14:00:24","slug":"heittotreenit","status":"publish","type":"page","link":"https:\/\/kuivasjarvenaura.fi\/index.php\/heittotreenit\/","title":{"rendered":"Heittotreenit"},"content":{"rendered":"<p>Auran heittotreenit pidet\u00e4\u00e4n maanantaisin klo 18-19:30 Anteron vet\u00e4min\u00e4.<\/p>\n<p>Ota yhteys suoraan heittovalmentaja Anteroon heittotreeneihin liittyen.<\/p>\n<p>Antero Lehto puh. 040-7541983<\/p>\n\n\n<figure class=\"wp-block-image size-large is-resized\"><img loading=\"lazy\" decoding=\"async\" src=\"https:\/\/kuivasjarvenaura.fi\/wp-content\/uploads\/2024\/11\/IMG_3596-1024x682.jpeg\" alt=\"\" class=\"wp-image-6426\" width=\"487\" height=\"324\" srcset=\"https:\/\/kuivasjarvenaura.fi\/wp-content\/uploads\/2024\/11\/IMG_3596-1024x682.jpeg 1024w, https:\/\/kuivasjarvenaura.fi\/wp-content\/uploads\/2024\/11\/IMG_3596-300x200.jpeg 300w, https:\/\/kuivasjarvenaura.fi\/wp-content\/uploads\/2024\/11\/IMG_3596-768x512.jpeg 768w, https:\/\/kuivasjarvenaura.fi\/wp-content\/uploads\/2024\/11\/IMG_3596-1536x1024.jpeg 1536w, https:\/\/kuivasjarvenaura.fi\/wp-content\/uploads\/2024\/11\/IMG_3596-360x240.jpeg 360w, https:\/\/kuivasjarvenaura.fi\/wp-content\/uploads\/2024\/11\/IMG_3596-98x65.jpeg 98w, https:\/\/kuivasjarvenaura.fi\/wp-content\/uploads\/2024\/11\/IMG_3596.jpeg 2000w\" sizes=\"auto, (max-width: 487px) 100vw, 487px\" \/><\/figure>\n","protected":false},"excerpt":{"rendered":"<p>Auran heittotreenit pidet\u00e4\u00e4n maanantaisin klo 18-19:30 Anteron vet\u00e4min\u00e4. Ota yhteys suoraan heittovalmentaja Anteroon heittotreeneihin liittyen. Antero Lehto puh. 040-7541983<\/p>\n","protected":false},"author":3,"featured_media":0,"parent":0,"menu_order":0,"comment_status":"closed","ping_status":"closed","template":"","meta":{"footnotes":""},"class_list":["post-5714","page","type-page","status-publish","hentry"],"_links":{"self":[{"href":"https:\/\/kuivasjarvenaura.fi\/index.php\/wp-json\/wp\/v2\/pages\/5714","targetHints":{"allow":["GET"]}}],"collection":[{"href":"https:\/\/kuivasjarvenaura.fi\/index.php\/wp-json\/wp\/v2\/pages"}],"about":[{"href":"https:\/\/kuivasjarvenaura.fi\/index.php\/wp-json\/wp\/v2\/types\/page"}],"author":[{"embeddable":true,"href":"https:\/\/kuivasjarvenaura.fi\/index.php\/wp-json\/wp\/v2\/users\/3"}],"replies":[{"embeddable":true,"href":"https:\/\/kuivasjarvenaura.fi\/index.php\/wp-json\/wp\/v2\/comments?post=5714"}],"version-history":[{"count":4,"href":"https:\/\/kuivasjarvenaura.fi\/index.php\/wp-json\/wp\/v2\/pages\/5714\/revisions"}],"predecessor-version":[{"id":6768,"href":"https:\/\/kuivasjarvenaura.fi\/index.php\/wp-json\/wp\/v2\/pages\/5714\/revisions\/6768"}],"wp:attachment":[{"href":"https:\/\/kuivasjarvenaura.fi\/index.php\/wp-json\/wp\/v2\/media?parent=5714"}],"curies":[{"name":"wp","href":"https:\/\/api.w.org\/{rel}","templated":true}]}}