{"id":5495,"date":"2023-11-27T15:34:09","date_gmt":"2023-11-27T13:34:09","guid":{"rendered":"https:\/\/kuivasjarvenaura.fi\/?page_id=5495"},"modified":"2023-11-27T15:38:47","modified_gmt":"2023-11-27T13:38:47","slug":"ala-riko-urheilua","status":"publish","type":"page","link":"https:\/\/kuivasjarvenaura.fi\/index.php\/ala-riko-urheilua\/","title":{"rendered":"\u00c4L\u00c4 RIKO URHEILUA"},"content":{"rendered":"\n<p>\u00c4l\u00e4 riko urheilua -kampanja tuo rohkeasti esille urheilun ihmisoikeuskysymyksi\u00e4 Suomessa. Kampanjan viesti on, ett\u00e4 ihmisoikeudet kuuluvat urheilun ytimeen. Ihmisoikeusongelmia on sek\u00e4 urheilun rakenteissa ett\u00e4 tavallisissa arjen tilanteissa. Ihmisoikeudet kuuluvat urheilun ytimeen. Niist\u00e4 huolehtiminen kuuluu meille kaikille, jotka teemme t\u00f6it\u00e4 tai harrastamme urheilun ja liikunnan kent\u00e4ll\u00e4.\u00a0<\/p>\n\n\n\n<p>Kuivasj\u00e4rven Aura on kampajassa mukana.<\/p>\n\n\n\n<p><a href=\"https:\/\/alarikourheilua.fi\/\">\u00c4l\u00e4 riko urheilua -kampanja (alarikourheilua.fi)<\/a><\/p>\n\n\n\n<figure class=\"wp-block-image size-large is-resized\"><img loading=\"lazy\" decoding=\"async\" src=\"https:\/\/kuivasjarvenaura.fi\/wp-content\/uploads\/2023\/11\/1_Kansikuva_AlaRikoUrheilua_1080x1080px-1024x1024.jpg\" alt=\"\" class=\"wp-image-5500\" width=\"358\" height=\"358\" srcset=\"https:\/\/kuivasjarvenaura.fi\/wp-content\/uploads\/2023\/11\/1_Kansikuva_AlaRikoUrheilua_1080x1080px-1024x1024.jpg 1024w, https:\/\/kuivasjarvenaura.fi\/wp-content\/uploads\/2023\/11\/1_Kansikuva_AlaRikoUrheilua_1080x1080px-300x300.jpg 300w, https:\/\/kuivasjarvenaura.fi\/wp-content\/uploads\/2023\/11\/1_Kansikuva_AlaRikoUrheilua_1080x1080px-150x150.jpg 150w, https:\/\/kuivasjarvenaura.fi\/wp-content\/uploads\/2023\/11\/1_Kansikuva_AlaRikoUrheilua_1080x1080px-768x768.jpg 768w, https:\/\/kuivasjarvenaura.fi\/wp-content\/uploads\/2023\/11\/1_Kansikuva_AlaRikoUrheilua_1080x1080px-200x200.jpg 200w, https:\/\/kuivasjarvenaura.fi\/wp-content\/uploads\/2023\/11\/1_Kansikuva_AlaRikoUrheilua_1080x1080px-255x255.jpg 255w, https:\/\/kuivasjarvenaura.fi\/wp-content\/uploads\/2023\/11\/1_Kansikuva_AlaRikoUrheilua_1080x1080px-80x80.jpg 80w, https:\/\/kuivasjarvenaura.fi\/wp-content\/uploads\/2023\/11\/1_Kansikuva_AlaRikoUrheilua_1080x1080px-740x740.jpg 740w, https:\/\/kuivasjarvenaura.fi\/wp-content\/uploads\/2023\/11\/1_Kansikuva_AlaRikoUrheilua_1080x1080px-98x98.jpg 98w, https:\/\/kuivasjarvenaura.fi\/wp-content\/uploads\/2023\/11\/1_Kansikuva_AlaRikoUrheilua_1080x1080px-445x445.jpg 445w, https:\/\/kuivasjarvenaura.fi\/wp-content\/uploads\/2023\/11\/1_Kansikuva_AlaRikoUrheilua_1080x1080px-270x270.jpg 270w, https:\/\/kuivasjarvenaura.fi\/wp-content\/uploads\/2023\/11\/1_Kansikuva_AlaRikoUrheilua_1080x1080px.jpg 1080w\" sizes=\"auto, (max-width: 358px) 100vw, 358px\" \/><\/figure>\n","protected":false},"excerpt":{"rendered":"<p>\u00c4l\u00e4 riko urheilua -kampanja tuo rohkeasti esille urheilun ihmisoikeuskysymyksi\u00e4 Suomessa. Kampanjan viesti on, ett\u00e4 ihmisoikeudet kuuluvat urheilun ytimeen. Ihmisoikeusongelmia on sek\u00e4 urheilun rakenteissa ett\u00e4 tavallisissa arjen tilanteissa. Ihmisoikeudet kuuluvat urheilun ytimeen. Niist\u00e4 huolehtiminen kuuluu meille kaikille, jotka teemme t\u00f6it\u00e4 tai harrastamme urheilun ja liikunnan kent\u00e4ll\u00e4.\u00a0 Kuivasj\u00e4rven Aura on kampajassa mukana. \u00c4l\u00e4 riko urheilua -kampanja (alarikourheilua.fi)<\/p>\n","protected":false},"author":3,"featured_media":0,"parent":0,"menu_order":0,"comment_status":"closed","ping_status":"closed","template":"","meta":{"footnotes":""},"class_list":["post-5495","page","type-page","status-publish","hentry"],"_links":{"self":[{"href":"https:\/\/kuivasjarvenaura.fi\/index.php\/wp-json\/wp\/v2\/pages\/5495","targetHints":{"allow":["GET"]}}],"collection":[{"href":"https:\/\/kuivasjarvenaura.fi\/index.php\/wp-json\/wp\/v2\/pages"}],"about":[{"href":"https:\/\/kuivasjarvenaura.fi\/index.php\/wp-json\/wp\/v2\/types\/page"}],"author":[{"embeddable":true,"href":"https:\/\/kuivasjarvenaura.fi\/index.php\/wp-json\/wp\/v2\/users\/3"}],"replies":[{"embeddable":true,"href":"https:\/\/kuivasjarvenaura.fi\/index.php\/wp-json\/wp\/v2\/comments?post=5495"}],"version-history":[{"count":3,"href":"https:\/\/kuivasjarvenaura.fi\/index.php\/wp-json\/wp\/v2\/pages\/5495\/revisions"}],"predecessor-version":[{"id":5501,"href":"https:\/\/kuivasjarvenaura.fi\/index.php\/wp-json\/wp\/v2\/pages\/5495\/revisions\/5501"}],"wp:attachment":[{"href":"https:\/\/kuivasjarvenaura.fi\/index.php\/wp-json\/wp\/v2\/media?parent=5495"}],"curies":[{"name":"wp","href":"https:\/\/api.w.org\/{rel}","templated":true}]}}