{"id":5462,"date":"2023-11-22T12:58:48","date_gmt":"2023-11-22T10:58:48","guid":{"rendered":"https:\/\/kuivasjarvenaura.fi\/?page_id=5462"},"modified":"2023-11-22T13:09:12","modified_gmt":"2023-11-22T11:09:12","slug":"hairintayhdyshenkilot","status":"publish","type":"page","link":"https:\/\/kuivasjarvenaura.fi\/index.php\/hairintayhdyshenkilot\/","title":{"rendered":"H\u00c4IRINT\u00c4YHDYSHENKIL\u00d6T"},"content":{"rendered":"\n<div class=\"wp-block-file\"><a href=\"https:\/\/kuivasjarvenaura.fi\/wp-content\/uploads\/2023\/11\/Hairintayhdyshenkilo-kotisivu-teksti-2-pdf-725x1024.jpg\" class=\"wp-block-file__button wp-element-button\" download>Lataa<\/a><\/div>\n\n\n\n<figure class=\"wp-block-image size-large\"><img loading=\"lazy\" decoding=\"async\" width=\"725\" height=\"1024\" src=\"https:\/\/kuivasjarvenaura.fi\/wp-content\/uploads\/2023\/11\/Hairintayhdyshenkilo-kotisivu-teksti3-pdf-725x1024.jpg\" alt=\"\" class=\"wp-image-5470\"\/><\/figure>\n\n\n\n<figure class=\"wp-block-image size-large\"><img loading=\"lazy\" decoding=\"async\" width=\"724\" height=\"1024\" src=\"https:\/\/kuivasjarvenaura.fi\/wp-content\/uploads\/2023\/11\/Hairintayhdyshenkilo-voi-suostumuksellasi-pdf-724x1024.jpg\" alt=\"\" class=\"wp-image-5472\"\/><\/figure>\n","protected":false},"excerpt":{"rendered":"Lataa","protected":false},"author":3,"featured_media":0,"parent":0,"menu_order":0,"comment_status":"closed","ping_status":"closed","template":"","meta":{"footnotes":""},"class_list":["post-5462","page","type-page","status-publish","hentry"],"_links":{"self":[{"href":"https:\/\/kuivasjarvenaura.fi\/index.php\/wp-json\/wp\/v2\/pages\/5462","targetHints":{"allow":["GET"]}}],"collection":[{"href":"https:\/\/kuivasjarvenaura.fi\/index.php\/wp-json\/wp\/v2\/pages"}],"about":[{"href":"https:\/\/kuivasjarvenaura.fi\/index.php\/wp-json\/wp\/v2\/types\/page"}],"author":[{"embeddable":true,"href":"https:\/\/kuivasjarvenaura.fi\/index.php\/wp-json\/wp\/v2\/users\/3"}],"replies":[{"embeddable":true,"href":"https:\/\/kuivasjarvenaura.fi\/index.php\/wp-json\/wp\/v2\/comments?post=5462"}],"version-history":[{"count":4,"href":"https:\/\/kuivasjarvenaura.fi\/index.php\/wp-json\/wp\/v2\/pages\/5462\/revisions"}],"predecessor-version":[{"id":5473,"href":"https:\/\/kuivasjarvenaura.fi\/index.php\/wp-json\/wp\/v2\/pages\/5462\/revisions\/5473"}],"wp:attachment":[{"href":"https:\/\/kuivasjarvenaura.fi\/index.php\/wp-json\/wp\/v2\/media?parent=5462"}],"curies":[{"name":"wp","href":"https:\/\/api.w.org\/{rel}","templated":true}]}}