{"id":5404,"date":"2023-11-02T15:19:05","date_gmt":"2023-11-02T13:19:05","guid":{"rendered":"https:\/\/kuivasjarvenaura.fi\/?page_id=5404"},"modified":"2024-05-14T15:16:19","modified_gmt":"2024-05-14T12:16:19","slug":"anna-kokko","status":"publish","type":"page","link":"https:\/\/kuivasjarvenaura.fi\/index.php\/anna-kokko\/","title":{"rendered":"Anna Kokko"},"content":{"rendered":"\n<p><strong>Anna Kokko &#8211; Kilpaurheilija &amp; Ohjaaja<\/strong><\/p>\n\n\n\n<p>Olen 19-vuotias yleisurheiluvalmentaja sek\u00e4 urheilija. Olen harrastanut yleisurheilua koko ik\u00e4ni Kuivasj\u00e4rven Aurassa. Vuosien varrella olen kahlannut l\u00e4pi kaikkia lajeja, joista omaksi p\u00e4\u00e4lajiksi on muodostunut kilpak\u00e4vely. 15-vuotiaaksi kilpailin viel\u00e4 monipuolisesti juoksu-, hyppy- ja k\u00e4velylajeja, ja vahvuuteni valmentamisessa on monipuolisuus.<\/p>\n\n\n\n<p>K\u00e4vin lasten yleisurheiluohjaajakurssin vuonna 2018 ja olen siit\u00e4 asti olen Auran urheilukouluja. Syksyll\u00e4 2022 aloitin valmentamaan Auran 9-12v kilparyhm\u00e4\u00e4, kilpureita.<\/p>\n\n\n\n<p>Ryhm\u00e4ss\u00e4mme on ik\u00e4luokan Suomen k\u00e4rki juoksijoiden ja -hypp\u00e4\u00e4jien ohella kaiken tasoisia kilpailusta innostuneita lapsia. Osa lapsista k\u00e4y harjoituksissa toisen lajin ohella ja osalle yleisurheilu on p\u00e4\u00e4laji. Ryhm\u00e4mme harjoittelee klo 18-19.30 maanantaisin, tiistaisin ja torstaisin. Ryhm\u00e4mme vahvuus on aina ollut yhteishenki ja toisten tsemppaaminen niin harjoituksissa kuin kilpailuissa. Ryhm\u00e4mme valmentajien vahvuus on monipuolisuus, sill\u00e4 ryhm\u00e4n valmentajat omaavat monipuoliset taustat.<\/p>\n\n\n\n<p> Minulle t\u00e4rkeint\u00e4 valmentamisessa on saada lapsille samanlainen positiivinen ja monipuolinen pohja urheiluun, jonka olen itse saanut seuramme kasvattina. Parasta on, kun n\u00e4kee lapsissa saman ilon, jonka itse tunsi saman ik\u00e4isen\u00e4 seurakavereiden kanssa harjoituksissa. T\u00e4rkeint\u00e4 on, ett\u00e4 jokainen kehittyy omalla tasollaan ja ett\u00e4 kaikki l\u00e4htev\u00e4t kotiin hymyss\u00e4 suin.<\/p>\n\n\n\n<figure class=\"wp-block-image size-large is-resized\"><img loading=\"lazy\" decoding=\"async\" src=\"https:\/\/kuivasjarvenaura.fi\/wp-content\/uploads\/2023\/11\/anna-kokko-683x1024.jpeg\" alt=\"\" class=\"wp-image-5409\" width=\"183\" height=\"274\" srcset=\"https:\/\/kuivasjarvenaura.fi\/wp-content\/uploads\/2023\/11\/anna-kokko-683x1024.jpeg 683w, https:\/\/kuivasjarvenaura.fi\/wp-content\/uploads\/2023\/11\/anna-kokko-200x300.jpeg 200w, https:\/\/kuivasjarvenaura.fi\/wp-content\/uploads\/2023\/11\/anna-kokko-768x1152.jpeg 768w, https:\/\/kuivasjarvenaura.fi\/wp-content\/uploads\/2023\/11\/anna-kokko-1024x1536.jpeg 1024w, https:\/\/kuivasjarvenaura.fi\/wp-content\/uploads\/2023\/11\/anna-kokko-65x98.jpeg 65w, https:\/\/kuivasjarvenaura.fi\/wp-content\/uploads\/2023\/11\/anna-kokko.jpeg 1080w\" sizes=\"auto, (max-width: 183px) 100vw, 183px\" \/><\/figure>\n","protected":false},"excerpt":{"rendered":"<p>Anna Kokko &#8211; Kilpaurheilija &amp; Ohjaaja Olen 19-vuotias yleisurheiluvalmentaja sek\u00e4 urheilija. Olen harrastanut yleisurheilua koko ik\u00e4ni Kuivasj\u00e4rven Aurassa. Vuosien varrella olen kahlannut l\u00e4pi kaikkia lajeja, joista omaksi p\u00e4\u00e4lajiksi on muodostunut kilpak\u00e4vely. 15-vuotiaaksi kilpailin viel\u00e4 monipuolisesti juoksu-, hyppy- ja k\u00e4velylajeja, ja vahvuuteni valmentamisessa on monipuolisuus. K\u00e4vin lasten yleisurheiluohjaajakurssin vuonna 2018 ja olen siit\u00e4 asti olen Auran&#8230;<\/p>\n","protected":false},"author":3,"featured_media":0,"parent":0,"menu_order":0,"comment_status":"closed","ping_status":"closed","template":"","meta":{"footnotes":""},"class_list":["post-5404","page","type-page","status-publish","hentry"],"_links":{"self":[{"href":"https:\/\/kuivasjarvenaura.fi\/index.php\/wp-json\/wp\/v2\/pages\/5404","targetHints":{"allow":["GET"]}}],"collection":[{"href":"https:\/\/kuivasjarvenaura.fi\/index.php\/wp-json\/wp\/v2\/pages"}],"about":[{"href":"https:\/\/kuivasjarvenaura.fi\/index.php\/wp-json\/wp\/v2\/types\/page"}],"author":[{"embeddable":true,"href":"https:\/\/kuivasjarvenaura.fi\/index.php\/wp-json\/wp\/v2\/users\/3"}],"replies":[{"embeddable":true,"href":"https:\/\/kuivasjarvenaura.fi\/index.php\/wp-json\/wp\/v2\/comments?post=5404"}],"version-history":[{"count":5,"href":"https:\/\/kuivasjarvenaura.fi\/index.php\/wp-json\/wp\/v2\/pages\/5404\/revisions"}],"predecessor-version":[{"id":5794,"href":"https:\/\/kuivasjarvenaura.fi\/index.php\/wp-json\/wp\/v2\/pages\/5404\/revisions\/5794"}],"wp:attachment":[{"href":"https:\/\/kuivasjarvenaura.fi\/index.php\/wp-json\/wp\/v2\/media?parent=5404"}],"curies":[{"name":"wp","href":"https:\/\/api.w.org\/{rel}","templated":true}]}}