{"id":5392,"date":"2023-10-24T18:16:20","date_gmt":"2023-10-24T15:16:20","guid":{"rendered":"https:\/\/kuivasjarvenaura.fi\/?page_id=5392"},"modified":"2024-11-11T15:34:07","modified_gmt":"2024-11-11T13:34:07","slug":"kuvauslupa","status":"publish","type":"page","link":"https:\/\/kuivasjarvenaura.fi\/index.php\/kuvauslupa\/","title":{"rendered":"KUVAUSLUPA"},"content":{"rendered":"\n<p>Ilmoittautuessa seuran toimintaan kysyt\u00e4\u00e4n kuvauslupa osallistujien kuvien k\u00e4yt\u00f6st\u00e4 ensimm\u00e4isiss\u00e4 sek\u00e4 toisissa kauden harjoituksissa. Mik\u00e4li tulet toimintaamme my\u00f6hemmin lupaa, laita s\u00e4hk\u00f6postia jos et anna kuvauslupaa lapsellesi.<br>Alle 18-vuotiaiden kuvien julkaisuluvan my\u00f6nt\u00e4\u00e4 urheilijan huoltaja. <\/p>\n\n\n\n<p>Kuvia ja\/tai videoita k\u00e4ytet\u00e4\u00e4n seuramme viestin\u00e4ss\u00e4 ja markkinoinnissa esimerkiksi  nettisivuillamme sek\u00e4 sosiaalisen median kanavilla (FB, Instagram, TikTok). K\u00e4yt\u00e4mme kuvia\/videoita n\u00e4ytt\u00e4\u00e4ksemme muillekin Auran mahtavaa ilmapiiri\u00e4 ja Aura-henke\u00e4. Kuvat ja videot ovat t\u00e4rke\u00e4 osa markkinointia.<\/p>\n\n\n\n<p><\/p>\n\n\n\n<p>Kuvauslupa\/kielto on voimassa yhden kauden kerrallaan. Ilmoita meille kuvauskiellosta: kuivau49@gmail.com otsikolla Kuvauskielto<\/p>\n\n\n\n<p>Jos et anna kuvauslupaa keskustelethan kotona asiasta, jotta lapsi on asiasta tietoinen ja ymm\u00e4rt\u00e4\u00e4 tilanteen.<br>Seura\/kuvaaja pyrkii huolehtimaan, ett\u00e4 lapsi otetaan pois yhteiskuvista. Mik\u00e4li kuitenkin huomaat lapsesi jostain meid\u00e4n kuvasta, ja haluat kuvan pois, laita asiasta s\u00e4hk\u00f6postia: kuivau49@gmail.com<\/p>\n\n\n\n<figure class=\"wp-block-image size-large is-resized\"><img loading=\"lazy\" decoding=\"async\" src=\"https:\/\/kuivasjarvenaura.fi\/wp-content\/uploads\/2024\/11\/IMG_3976-1024x683.jpeg\" alt=\"\" class=\"wp-image-6451\" width=\"490\" height=\"327\" srcset=\"https:\/\/kuivasjarvenaura.fi\/wp-content\/uploads\/2024\/11\/IMG_3976-1024x683.jpeg 1024w, https:\/\/kuivasjarvenaura.fi\/wp-content\/uploads\/2024\/11\/IMG_3976-300x200.jpeg 300w, https:\/\/kuivasjarvenaura.fi\/wp-content\/uploads\/2024\/11\/IMG_3976-768x512.jpeg 768w, https:\/\/kuivasjarvenaura.fi\/wp-content\/uploads\/2024\/11\/IMG_3976-1536x1024.jpeg 1536w, https:\/\/kuivasjarvenaura.fi\/wp-content\/uploads\/2024\/11\/IMG_3976-2048x1366.jpeg 2048w, https:\/\/kuivasjarvenaura.fi\/wp-content\/uploads\/2024\/11\/IMG_3976-360x240.jpeg 360w, https:\/\/kuivasjarvenaura.fi\/wp-content\/uploads\/2024\/11\/IMG_3976-98x65.jpeg 98w\" sizes=\"auto, (max-width: 490px) 100vw, 490px\" \/><\/figure>\n","protected":false},"excerpt":{"rendered":"<p>Ilmoittautuessa seuran toimintaan kysyt\u00e4\u00e4n kuvauslupa osallistujien kuvien k\u00e4yt\u00f6st\u00e4 ensimm\u00e4isiss\u00e4 sek\u00e4 toisissa kauden harjoituksissa. Mik\u00e4li tulet toimintaamme my\u00f6hemmin lupaa, laita s\u00e4hk\u00f6postia jos et anna kuvauslupaa lapsellesi.Alle 18-vuotiaiden kuvien julkaisuluvan my\u00f6nt\u00e4\u00e4 urheilijan huoltaja. Kuvia ja\/tai videoita k\u00e4ytet\u00e4\u00e4n seuramme viestin\u00e4ss\u00e4 ja markkinoinnissa esimerkiksi nettisivuillamme sek\u00e4 sosiaalisen median kanavilla (FB, Instagram, TikTok). K\u00e4yt\u00e4mme kuvia\/videoita n\u00e4ytt\u00e4\u00e4ksemme muillekin Auran mahtavaa ilmapiiri\u00e4&#8230;<\/p>\n","protected":false},"author":3,"featured_media":0,"parent":0,"menu_order":0,"comment_status":"closed","ping_status":"closed","template":"","meta":{"footnotes":""},"class_list":["post-5392","page","type-page","status-publish","hentry"],"_links":{"self":[{"href":"https:\/\/kuivasjarvenaura.fi\/index.php\/wp-json\/wp\/v2\/pages\/5392","targetHints":{"allow":["GET"]}}],"collection":[{"href":"https:\/\/kuivasjarvenaura.fi\/index.php\/wp-json\/wp\/v2\/pages"}],"about":[{"href":"https:\/\/kuivasjarvenaura.fi\/index.php\/wp-json\/wp\/v2\/types\/page"}],"author":[{"embeddable":true,"href":"https:\/\/kuivasjarvenaura.fi\/index.php\/wp-json\/wp\/v2\/users\/3"}],"replies":[{"embeddable":true,"href":"https:\/\/kuivasjarvenaura.fi\/index.php\/wp-json\/wp\/v2\/comments?post=5392"}],"version-history":[{"count":7,"href":"https:\/\/kuivasjarvenaura.fi\/index.php\/wp-json\/wp\/v2\/pages\/5392\/revisions"}],"predecessor-version":[{"id":6452,"href":"https:\/\/kuivasjarvenaura.fi\/index.php\/wp-json\/wp\/v2\/pages\/5392\/revisions\/6452"}],"wp:attachment":[{"href":"https:\/\/kuivasjarvenaura.fi\/index.php\/wp-json\/wp\/v2\/media?parent=5392"}],"curies":[{"name":"wp","href":"https:\/\/api.w.org\/{rel}","templated":true}]}}