{"id":5376,"date":"2023-10-19T14:57:37","date_gmt":"2023-10-19T11:57:37","guid":{"rendered":"https:\/\/kuivasjarvenaura.fi\/?page_id=5376"},"modified":"2024-11-11T14:45:00","modified_gmt":"2024-11-11T12:45:00","slug":"vapaaehtoistoiminta","status":"publish","type":"page","link":"https:\/\/kuivasjarvenaura.fi\/index.php\/vapaaehtoistoiminta\/","title":{"rendered":"Vapaaehtoistoiminta"},"content":{"rendered":"\n<p>Haluatko olla osana Kuivasj\u00e4rven Auran vapaaehtoistoimintaa? <\/p>\n\n\n\n<p>Tervetuloa mukaan vapaaehtoiseksi Auran j\u00e4rjest\u00e4miin kilpailuihin ja tapahtumiin. <\/p>\n\n\n\n<p>Auran seurakisat kes\u00e4 2024: Ti 11.6, To 26.6, To 18.7, To 8.8 <\/p>\n\n\n\n<p>Ota yhteytt\u00e4: kuivau49@gmail.com<\/p>\n\n\n\n<p><\/p>\n\n\n\n<p>Vapaaehtoistoiminnan avulla pystymme pit\u00e4m\u00e4\u00e4n seuran lapsille, nuorille ja huippu-urheilijoille kulut matalina. Pystymme kustantamaan kilpailureissujen kuljetuksia sek\u00e4 y\u00f6pymisi\u00e4. <\/p>\n\n\n\n<p>Kiitos jokaiselle vapaaehtoiselle vuodesta 2023! Jatketaan samaan malliin tulevinakin vuosina.<\/p>\n\n\n\n<p><\/p>\n\n\n\n<p>Yleisurheilun s\u00e4\u00e4nt\u00f6j\u00e4:<\/p>\n\n\n\n<p><a href=\"https:\/\/www.yleisurheilu.fi\/saannot-ja-ohjeet-2\/\">S\u00e4\u00e4nn\u00f6t ja ohjeet \u2013 Yleisurheilu.fi<\/a><\/p>\n\n\n\n<figure class=\"wp-block-image size-large is-resized\"><img loading=\"lazy\" decoding=\"async\" src=\"https:\/\/kuivasjarvenaura.fi\/wp-content\/uploads\/2024\/11\/IMG_3965-1024x683.jpeg\" alt=\"\" class=\"wp-image-6413\" width=\"682\" height=\"455\" srcset=\"https:\/\/kuivasjarvenaura.fi\/wp-content\/uploads\/2024\/11\/IMG_3965-1024x683.jpeg 1024w, https:\/\/kuivasjarvenaura.fi\/wp-content\/uploads\/2024\/11\/IMG_3965-300x200.jpeg 300w, https:\/\/kuivasjarvenaura.fi\/wp-content\/uploads\/2024\/11\/IMG_3965-768x512.jpeg 768w, https:\/\/kuivasjarvenaura.fi\/wp-content\/uploads\/2024\/11\/IMG_3965-1536x1024.jpeg 1536w, https:\/\/kuivasjarvenaura.fi\/wp-content\/uploads\/2024\/11\/IMG_3965-2048x1366.jpeg 2048w, https:\/\/kuivasjarvenaura.fi\/wp-content\/uploads\/2024\/11\/IMG_3965-360x240.jpeg 360w, https:\/\/kuivasjarvenaura.fi\/wp-content\/uploads\/2024\/11\/IMG_3965-98x65.jpeg 98w\" sizes=\"auto, (max-width: 682px) 100vw, 682px\" \/><\/figure>\n","protected":false},"excerpt":{"rendered":"<p>Haluatko olla osana Kuivasj\u00e4rven Auran vapaaehtoistoimintaa? Tervetuloa mukaan vapaaehtoiseksi Auran j\u00e4rjest\u00e4miin kilpailuihin ja tapahtumiin. Auran seurakisat kes\u00e4 2024: Ti 11.6, To 26.6, To 18.7, To 8.8 Ota yhteytt\u00e4: kuivau49@gmail.com Vapaaehtoistoiminnan avulla pystymme pit\u00e4m\u00e4\u00e4n seuran lapsille, nuorille ja huippu-urheilijoille kulut matalina. Pystymme kustantamaan kilpailureissujen kuljetuksia sek\u00e4 y\u00f6pymisi\u00e4. Kiitos jokaiselle vapaaehtoiselle vuodesta 2023! Jatketaan samaan malliin tulevinakin&#8230;<\/p>\n","protected":false},"author":3,"featured_media":0,"parent":0,"menu_order":0,"comment_status":"closed","ping_status":"closed","template":"","meta":{"footnotes":""},"class_list":["post-5376","page","type-page","status-publish","hentry"],"_links":{"self":[{"href":"https:\/\/kuivasjarvenaura.fi\/index.php\/wp-json\/wp\/v2\/pages\/5376","targetHints":{"allow":["GET"]}}],"collection":[{"href":"https:\/\/kuivasjarvenaura.fi\/index.php\/wp-json\/wp\/v2\/pages"}],"about":[{"href":"https:\/\/kuivasjarvenaura.fi\/index.php\/wp-json\/wp\/v2\/types\/page"}],"author":[{"embeddable":true,"href":"https:\/\/kuivasjarvenaura.fi\/index.php\/wp-json\/wp\/v2\/users\/3"}],"replies":[{"embeddable":true,"href":"https:\/\/kuivasjarvenaura.fi\/index.php\/wp-json\/wp\/v2\/comments?post=5376"}],"version-history":[{"count":8,"href":"https:\/\/kuivasjarvenaura.fi\/index.php\/wp-json\/wp\/v2\/pages\/5376\/revisions"}],"predecessor-version":[{"id":6415,"href":"https:\/\/kuivasjarvenaura.fi\/index.php\/wp-json\/wp\/v2\/pages\/5376\/revisions\/6415"}],"wp:attachment":[{"href":"https:\/\/kuivasjarvenaura.fi\/index.php\/wp-json\/wp\/v2\/media?parent=5376"}],"curies":[{"name":"wp","href":"https:\/\/api.w.org\/{rel}","templated":true}]}}