{"id":5344,"date":"2023-10-13T14:35:16","date_gmt":"2023-10-13T11:35:16","guid":{"rendered":"https:\/\/kuivasjarvenaura.fi\/?page_id=5344"},"modified":"2023-10-13T14:45:58","modified_gmt":"2023-10-13T11:45:58","slug":"et-ole-yksin","status":"publish","type":"page","link":"https:\/\/kuivasjarvenaura.fi\/index.php\/et-ole-yksin\/","title":{"rendered":"ET OLE YKSIN"},"content":{"rendered":"\n<p>V\u00e4est\u00f6liiton Et ole yksin-palveluun on avautunut kaikille avoin ja ilmainen verkkokoulutus ep\u00e4asiallisen k\u00e4yt\u00f6ksen ja h\u00e4irinn\u00e4n ennaltaehk\u00e4isyst\u00e4 ja siihen puuttumisesta. Koulutus on suunnattu erityisesti kaikille seuratoiminnassa mukana oleville. Koulutus kest\u00e4\u00e4 noin tunnin, mutta sen voi suorittaa omassa tahdissa, niin monessa osassa kuin haluaa. T\u00e4t\u00e4 varten koulutukseen tulee kirjautua. Verkkokurssilla k\u00e4yd\u00e4\u00e4n l\u00e4pi aiheita kuten henkinen ja fyysinen v\u00e4kivalta ja kiusaaminen, seksuaalinen h\u00e4irint\u00e4, seksuaalirikos, lastensuojelu ja itsem\u00e4\u00e4r\u00e4\u00e4misoikeutta vahvistava valmennus. Kurssi on helppok\u00e4ytt\u00f6inen ja suorittaminen onnistuu my\u00f6s mobiililaitteilla. Verkkokoulutus l\u00f6ytyy osoitteesta: <a href=\"https:\/\/www.etoleyksin.fi\/verkkokoulutus\/\">Verkkokoulutukset &#8211; Et ole yksin<\/a><\/p>\n\n\n\n<p>Et ole yksinon V\u00e4est\u00f6liiton ja suomalaisen urheilun yhteishanke ja Suomen ensimm\u00e4inen kohdennettu tukipalvelu, johon seksuaalisen hyv\u00e4ksik\u00e4yt\u00f6n ja h\u00e4irinn\u00e4n, ep\u00e4asiallisenk\u00e4yt\u00f6ksen tai kiusaamisen kohteeksi joutunut urheilija voi olla yhteydess\u00e4 ja saada apua. Verkkokoulutuksen lis\u00e4ksi palvelulla matalan kynnyksen ilmainen puhelin-ja chat-palvelu, jossa voi keskustella V\u00e4est\u00f6liiton ammattilaisen kanssa luottamuksellisesti.<\/p>\n\n\n\n<p><\/p>\n\n\n\n<p>Kuivasj\u00e4rven Aurassa ei hyv\u00e4ksyt\u00e4 ep\u00e4asiallista k\u00e4ytt\u00e4ytymist\u00e4, h\u00e4irint\u00e4\u00e4 tai mink\u00e4\u00e4nlaista kiusaamista. Jos kohtaat ep\u00e4asiallista k\u00e4ytt\u00e4ytymist\u00e4 tai h\u00e4irint\u00e4\u00e4 harjoituksissa, ota yhteytt\u00e4 Anneen\/Henriikkaan, kuivau49@gmail.com.<\/p>\n","protected":false},"excerpt":{"rendered":"<p>V\u00e4est\u00f6liiton Et ole yksin-palveluun on avautunut kaikille avoin ja ilmainen verkkokoulutus ep\u00e4asiallisen k\u00e4yt\u00f6ksen ja h\u00e4irinn\u00e4n ennaltaehk\u00e4isyst\u00e4 ja siihen puuttumisesta. Koulutus on suunnattu erityisesti kaikille seuratoiminnassa mukana oleville. Koulutus kest\u00e4\u00e4 noin tunnin, mutta sen voi suorittaa omassa tahdissa, niin monessa osassa kuin haluaa. T\u00e4t\u00e4 varten koulutukseen tulee kirjautua. Verkkokurssilla k\u00e4yd\u00e4\u00e4n l\u00e4pi aiheita kuten henkinen ja fyysinen&#8230;<\/p>\n","protected":false},"author":3,"featured_media":0,"parent":0,"menu_order":0,"comment_status":"closed","ping_status":"closed","template":"","meta":{"footnotes":""},"class_list":["post-5344","page","type-page","status-publish","hentry"],"_links":{"self":[{"href":"https:\/\/kuivasjarvenaura.fi\/index.php\/wp-json\/wp\/v2\/pages\/5344","targetHints":{"allow":["GET"]}}],"collection":[{"href":"https:\/\/kuivasjarvenaura.fi\/index.php\/wp-json\/wp\/v2\/pages"}],"about":[{"href":"https:\/\/kuivasjarvenaura.fi\/index.php\/wp-json\/wp\/v2\/types\/page"}],"author":[{"embeddable":true,"href":"https:\/\/kuivasjarvenaura.fi\/index.php\/wp-json\/wp\/v2\/users\/3"}],"replies":[{"embeddable":true,"href":"https:\/\/kuivasjarvenaura.fi\/index.php\/wp-json\/wp\/v2\/comments?post=5344"}],"version-history":[{"count":3,"href":"https:\/\/kuivasjarvenaura.fi\/index.php\/wp-json\/wp\/v2\/pages\/5344\/revisions"}],"predecessor-version":[{"id":5350,"href":"https:\/\/kuivasjarvenaura.fi\/index.php\/wp-json\/wp\/v2\/pages\/5344\/revisions\/5350"}],"wp:attachment":[{"href":"https:\/\/kuivasjarvenaura.fi\/index.php\/wp-json\/wp\/v2\/media?parent=5344"}],"curies":[{"name":"wp","href":"https:\/\/api.w.org\/{rel}","templated":true}]}}