{"id":5059,"date":"2023-07-27T16:59:15","date_gmt":"2023-07-27T13:59:15","guid":{"rendered":"https:\/\/kuivasjarvenaura.fi\/?page_id=5059"},"modified":"2025-09-15T13:49:05","modified_gmt":"2025-09-15T10:49:05","slug":"eveliinan-veronican-annan-kilparyhma","status":"publish","type":"page","link":"https:\/\/kuivasjarvenaura.fi\/index.php\/eveliinan-veronican-annan-kilparyhma\/","title":{"rendered":"Kiritt\u00e4jien kilparyhm\u00e4"},"content":{"rendered":"\n<p>2014-2015 vuotiaiden kilparyhm\u00e4 perustettiin kes\u00e4ll\u00e4 2023. Ryhm\u00e4 harjoittelee tiistaisin ja torstaisin klo 18-19:30 monipuolisesti yleisurheilulajeja l\u00e4pi opetellen kilpailemista.<\/p>\n\n\n\n<p>Ohjaajina Eveliina Arvola, Hilda Erholtz sek\u00e4 Veronica Rohula. <\/p>\n\n\n\n<figure class=\"wp-block-image size-large is-resized\"><img loading=\"lazy\" decoding=\"async\" src=\"https:\/\/kuivasjarvenaura.fi\/wp-content\/uploads\/2024\/11\/IMG_9513-768x1024.jpeg\" alt=\"\" class=\"wp-image-6439\" width=\"215\" height=\"287\" srcset=\"https:\/\/kuivasjarvenaura.fi\/wp-content\/uploads\/2024\/11\/IMG_9513-768x1024.jpeg 768w, https:\/\/kuivasjarvenaura.fi\/wp-content\/uploads\/2024\/11\/IMG_9513-225x300.jpeg 225w, https:\/\/kuivasjarvenaura.fi\/wp-content\/uploads\/2024\/11\/IMG_9513-1152x1536.jpeg 1152w, https:\/\/kuivasjarvenaura.fi\/wp-content\/uploads\/2024\/11\/IMG_9513-1536x2048.jpeg 1536w, https:\/\/kuivasjarvenaura.fi\/wp-content\/uploads\/2024\/11\/IMG_9513-74x98.jpeg 74w, https:\/\/kuivasjarvenaura.fi\/wp-content\/uploads\/2024\/11\/IMG_9513-scaled.jpeg 1920w\" sizes=\"auto, (max-width: 215px) 100vw, 215px\" \/><\/figure>\n","protected":false},"excerpt":{"rendered":"<p>2014-2015 vuotiaiden kilparyhm\u00e4 perustettiin kes\u00e4ll\u00e4 2023. Ryhm\u00e4 harjoittelee tiistaisin ja torstaisin klo 18-19:30 monipuolisesti yleisurheilulajeja l\u00e4pi opetellen kilpailemista. Ohjaajina Eveliina Arvola, Hilda Erholtz sek\u00e4 Veronica Rohula.<\/p>\n","protected":false},"author":3,"featured_media":0,"parent":0,"menu_order":0,"comment_status":"closed","ping_status":"closed","template":"","meta":{"footnotes":""},"class_list":["post-5059","page","type-page","status-publish","hentry"],"_links":{"self":[{"href":"https:\/\/kuivasjarvenaura.fi\/index.php\/wp-json\/wp\/v2\/pages\/5059","targetHints":{"allow":["GET"]}}],"collection":[{"href":"https:\/\/kuivasjarvenaura.fi\/index.php\/wp-json\/wp\/v2\/pages"}],"about":[{"href":"https:\/\/kuivasjarvenaura.fi\/index.php\/wp-json\/wp\/v2\/types\/page"}],"author":[{"embeddable":true,"href":"https:\/\/kuivasjarvenaura.fi\/index.php\/wp-json\/wp\/v2\/users\/3"}],"replies":[{"embeddable":true,"href":"https:\/\/kuivasjarvenaura.fi\/index.php\/wp-json\/wp\/v2\/comments?post=5059"}],"version-history":[{"count":7,"href":"https:\/\/kuivasjarvenaura.fi\/index.php\/wp-json\/wp\/v2\/pages\/5059\/revisions"}],"predecessor-version":[{"id":6934,"href":"https:\/\/kuivasjarvenaura.fi\/index.php\/wp-json\/wp\/v2\/pages\/5059\/revisions\/6934"}],"wp:attachment":[{"href":"https:\/\/kuivasjarvenaura.fi\/index.php\/wp-json\/wp\/v2\/media?parent=5059"}],"curies":[{"name":"wp","href":"https:\/\/api.w.org\/{rel}","templated":true}]}}