{"id":4965,"date":"2023-07-17T13:48:34","date_gmt":"2023-07-17T10:48:34","guid":{"rendered":"https:\/\/kuivasjarvenaura.fi\/?page_id=4965"},"modified":"2023-07-17T13:58:43","modified_gmt":"2023-07-17T10:58:43","slug":"seuran-arvot","status":"publish","type":"page","link":"https:\/\/kuivasjarvenaura.fi\/index.php\/seuran-arvot\/","title":{"rendered":"Seuran arvot"},"content":{"rendered":"\n<p><strong>YHDENARVOISUUS<\/strong><\/p>\n\n\n\n<p>Jokaisella on mahdollisuus harrastaa omana itsen\u00e4\u00e4n ja kokea urheilun ilo.<\/p>\n\n\n\n<p><\/p>\n\n\n\n<p><strong>VAPAAEHTOISUUS<\/strong><\/p>\n\n\n\n<p>Matalankynnyksen seuran ehto, kustannukset saadaan pidetty\u00e4 matalina.<\/p>\n\n\n\n<p><\/p>\n\n\n\n<p><strong>INTOHIMO YLEISURHEILUA KOHTAAN<\/strong><\/p>\n\n\n\n<p>Halu kehitt\u00e4\u00e4 itse\u00e4, seuraa ja urheilijoita eteenp\u00e4in. Yleisurheilun rakastaminen!<\/p>\n\n\n\n<p><\/p>\n\n\n\n<p><strong>AURAPERHE<\/strong><\/p>\n\n\n\n<p>Jokaista auralaista arvostetaan ja haluamme pit\u00e4\u00e4 heid\u00e4t seuramme toiminnassa kiinni. Haluamme pysy\u00e4 helposti l\u00e4hestytt\u00e4v\u00e4n\u00e4 urheiluseurana.<\/p>\n\n\n\n<p><\/p>\n\n\n\n<p>Haluamme pysy\u00e4 urheiluseurana kehityksess\u00e4 mukana. Haluamme olla tarjoamassa yleisurheilua kaikenik\u00e4isille liikkujille, painottuen lapsiin ja nuoriin.<\/p>\n","protected":false},"excerpt":{"rendered":"<p>YHDENARVOISUUS Jokaisella on mahdollisuus harrastaa omana itsen\u00e4\u00e4n ja kokea urheilun ilo. VAPAAEHTOISUUS Matalankynnyksen seuran ehto, kustannukset saadaan pidetty\u00e4 matalina. INTOHIMO YLEISURHEILUA KOHTAAN Halu kehitt\u00e4\u00e4 itse\u00e4, seuraa ja urheilijoita eteenp\u00e4in. Yleisurheilun rakastaminen! AURAPERHE Jokaista auralaista arvostetaan ja haluamme pit\u00e4\u00e4 heid\u00e4t seuramme toiminnassa kiinni. Haluamme pysy\u00e4 helposti l\u00e4hestytt\u00e4v\u00e4n\u00e4 urheiluseurana. Haluamme pysy\u00e4 urheiluseurana kehityksess\u00e4 mukana. Haluamme olla tarjoamassa&#8230;<\/p>\n","protected":false},"author":3,"featured_media":0,"parent":0,"menu_order":0,"comment_status":"closed","ping_status":"closed","template":"","meta":{"footnotes":""},"class_list":["post-4965","page","type-page","status-publish","hentry"],"_links":{"self":[{"href":"https:\/\/kuivasjarvenaura.fi\/index.php\/wp-json\/wp\/v2\/pages\/4965","targetHints":{"allow":["GET"]}}],"collection":[{"href":"https:\/\/kuivasjarvenaura.fi\/index.php\/wp-json\/wp\/v2\/pages"}],"about":[{"href":"https:\/\/kuivasjarvenaura.fi\/index.php\/wp-json\/wp\/v2\/types\/page"}],"author":[{"embeddable":true,"href":"https:\/\/kuivasjarvenaura.fi\/index.php\/wp-json\/wp\/v2\/users\/3"}],"replies":[{"embeddable":true,"href":"https:\/\/kuivasjarvenaura.fi\/index.php\/wp-json\/wp\/v2\/comments?post=4965"}],"version-history":[{"count":4,"href":"https:\/\/kuivasjarvenaura.fi\/index.php\/wp-json\/wp\/v2\/pages\/4965\/revisions"}],"predecessor-version":[{"id":4971,"href":"https:\/\/kuivasjarvenaura.fi\/index.php\/wp-json\/wp\/v2\/pages\/4965\/revisions\/4971"}],"wp:attachment":[{"href":"https:\/\/kuivasjarvenaura.fi\/index.php\/wp-json\/wp\/v2\/media?parent=4965"}],"curies":[{"name":"wp","href":"https:\/\/api.w.org\/{rel}","templated":true}]}}