{"id":4466,"date":"2023-02-02T19:24:04","date_gmt":"2023-02-02T17:24:04","guid":{"rendered":"https:\/\/kuivasjarvenaura.fi\/?page_id=4466"},"modified":"2025-06-17T17:00:59","modified_gmt":"2025-06-17T14:00:59","slug":"seivaskoulu","status":"publish","type":"page","link":"https:\/\/kuivasjarvenaura.fi\/index.php\/seivaskoulu\/","title":{"rendered":"Seiv\u00e4skoulu"},"content":{"rendered":"\n<p>Seiv\u00e4sharjoitukset keskiviikkoisin 11.10 klo 17:30-19:00 alkaen Ouluhallilla. Harjoituksiin voit tulla aloittelijana tai jo seiv\u00e4st\u00e4 hyp\u00e4nneen\u00e4.<\/p>\n\n\n\n<p>Maanantaisin ja keskiviikkoisin seiv\u00e4sharjoitukset klo 16:30-18 kilpaileville urheilijoille.<\/p>\n\n\n\n<p><\/p>\n\n\n\n<p>Ohjaajina Henriikka K\u00f6n\u00f6nen, Uwe K\u00f6n\u00f6nen sek\u00e4 Aulis Kairento.<\/p>\n\n\n\n<p>Aulis Kairento toimii my\u00f6s mentorina Henriikalle ja Uwelle. H\u00e4n on entinen seiv\u00e4shypp\u00e4\u00e4j\u00e4 &amp; pitk\u00e4aikainen SUL seiv\u00e4shypyn lajivalmentaja. H\u00e4nen valmennuksessa on ollut mm. Antti Kalliom\u00e4ki, Raimo Eskola, Tapani Haapakoski, Jani Lehtonen, Asko Peltoniemi sek\u00e4 Henriikka K\u00f6n\u00f6nen.<\/p>\n\n\n\n<p>Mik\u00e4li et ole Auralainen, ota yhteys Henriikkaan ja keskustellaan!<\/p>\n\n\n\n<p>Ilmoittautuminen: kuivau49@gmail.com<\/p>\n\n\n\n<figure class=\"wp-block-gallery has-nested-images columns-default is-cropped wp-block-gallery-1 is-layout-flex wp-block-gallery-is-layout-flex\">\n<figure class=\"wp-block-image size-large\"><img loading=\"lazy\" decoding=\"async\" width=\"1024\" height=\"683\" data-id=\"6406\" src=\"https:\/\/kuivasjarvenaura.fi\/wp-content\/uploads\/2024\/11\/IMG_3720-1024x683.jpeg\" alt=\"\" class=\"wp-image-6406\" srcset=\"https:\/\/kuivasjarvenaura.fi\/wp-content\/uploads\/2024\/11\/IMG_3720-1024x683.jpeg 1024w, https:\/\/kuivasjarvenaura.fi\/wp-content\/uploads\/2024\/11\/IMG_3720-300x200.jpeg 300w, https:\/\/kuivasjarvenaura.fi\/wp-content\/uploads\/2024\/11\/IMG_3720-768x512.jpeg 768w, https:\/\/kuivasjarvenaura.fi\/wp-content\/uploads\/2024\/11\/IMG_3720-1536x1024.jpeg 1536w, https:\/\/kuivasjarvenaura.fi\/wp-content\/uploads\/2024\/11\/IMG_3720-2048x1366.jpeg 2048w, https:\/\/kuivasjarvenaura.fi\/wp-content\/uploads\/2024\/11\/IMG_3720-360x240.jpeg 360w, https:\/\/kuivasjarvenaura.fi\/wp-content\/uploads\/2024\/11\/IMG_3720-98x65.jpeg 98w\" sizes=\"auto, (max-width: 1024px) 100vw, 1024px\" \/><\/figure>\n<\/figure>\n","protected":false},"excerpt":{"rendered":"<p>Seiv\u00e4sharjoitukset keskiviikkoisin 11.10 klo 17:30-19:00 alkaen Ouluhallilla. Harjoituksiin voit tulla aloittelijana tai jo seiv\u00e4st\u00e4 hyp\u00e4nneen\u00e4. Maanantaisin ja keskiviikkoisin seiv\u00e4sharjoitukset klo 16:30-18 kilpaileville urheilijoille. Ohjaajina Henriikka K\u00f6n\u00f6nen, Uwe K\u00f6n\u00f6nen sek\u00e4 Aulis Kairento. Aulis Kairento toimii my\u00f6s mentorina Henriikalle ja Uwelle. H\u00e4n on entinen seiv\u00e4shypp\u00e4\u00e4j\u00e4 &amp; pitk\u00e4aikainen SUL seiv\u00e4shypyn lajivalmentaja. H\u00e4nen valmennuksessa on ollut mm. Antti Kalliom\u00e4ki,&#8230;<\/p>\n","protected":false},"author":3,"featured_media":0,"parent":0,"menu_order":0,"comment_status":"closed","ping_status":"closed","template":"","meta":{"footnotes":""},"class_list":["post-4466","page","type-page","status-publish","hentry"],"_links":{"self":[{"href":"https:\/\/kuivasjarvenaura.fi\/index.php\/wp-json\/wp\/v2\/pages\/4466","targetHints":{"allow":["GET"]}}],"collection":[{"href":"https:\/\/kuivasjarvenaura.fi\/index.php\/wp-json\/wp\/v2\/pages"}],"about":[{"href":"https:\/\/kuivasjarvenaura.fi\/index.php\/wp-json\/wp\/v2\/types\/page"}],"author":[{"embeddable":true,"href":"https:\/\/kuivasjarvenaura.fi\/index.php\/wp-json\/wp\/v2\/users\/3"}],"replies":[{"embeddable":true,"href":"https:\/\/kuivasjarvenaura.fi\/index.php\/wp-json\/wp\/v2\/comments?post=4466"}],"version-history":[{"count":13,"href":"https:\/\/kuivasjarvenaura.fi\/index.php\/wp-json\/wp\/v2\/pages\/4466\/revisions"}],"predecessor-version":[{"id":6769,"href":"https:\/\/kuivasjarvenaura.fi\/index.php\/wp-json\/wp\/v2\/pages\/4466\/revisions\/6769"}],"wp:attachment":[{"href":"https:\/\/kuivasjarvenaura.fi\/index.php\/wp-json\/wp\/v2\/media?parent=4466"}],"curies":[{"name":"wp","href":"https:\/\/api.w.org\/{rel}","templated":true}]}}