{"id":4403,"date":"2023-01-18T17:13:54","date_gmt":"2023-01-18T15:13:54","guid":{"rendered":"https:\/\/kuivasjarvenaura.fi\/?page_id=4403"},"modified":"2024-05-14T15:13:10","modified_gmt":"2024-05-14T12:13:10","slug":"janne-kovaniemi","status":"publish","type":"page","link":"https:\/\/kuivasjarvenaura.fi\/index.php\/janne-kovaniemi\/","title":{"rendered":"Janne Kovaniemi"},"content":{"rendered":"\n<p>Olen 46-vuotias yleisurheiluvalmentaja ja ammatiltani l\u00e4hihoitaja. Kiinnostuin valmentamisesta, kun omat lapseni aloittivat yleisurheilun. Aloitin valmentamisen vuonna 2016, jolloin k\u00e4vin lasten yleisurheiluohjaatutkinnon sek\u00e4 nuorten yleisurheiluohjaajatutkinnon. Suoritin Kuortaneella Nvt tutkinnon 2018-2019. <\/p>\n\n\n\n<p>Omaa harrastus taustaa l\u00f6ytyy painista, jossa kilpailin Sm-tasolla.\u00a0 Kaiken kaikkiaan harrastin painia 15 vuotta. Parhaimmat saavutukset nuorten sm 5. ja 6. -sija, aikuisten sm 6. -sija ja joukkue sm-pronssi. Valmennan junioreiden-kilparyhm\u00e4\u00e4.<\/p>\n\n\n\n<p>&nbsp; Minulle harjoituksissa t\u00e4rke\u00e4\u00e4 on hyv\u00e4 ja kannustava kannustava ilmapiiri sek\u00e4 sitoutuminen siihen mit\u00e4 tehd\u00e4\u00e4n.<\/p>\n\n\n\n<figure class=\"wp-block-image size-large is-resized\"><img loading=\"lazy\" decoding=\"async\" src=\"https:\/\/kuivasjarvenaura.fi\/wp-content\/uploads\/2023\/02\/janne-768x1024.jpg\" alt=\"\" class=\"wp-image-4453\" width=\"262\" height=\"349\" srcset=\"https:\/\/kuivasjarvenaura.fi\/wp-content\/uploads\/2023\/02\/janne-768x1024.jpg 768w, https:\/\/kuivasjarvenaura.fi\/wp-content\/uploads\/2023\/02\/janne-225x300.jpg 225w, https:\/\/kuivasjarvenaura.fi\/wp-content\/uploads\/2023\/02\/janne-1152x1536.jpg 1152w, https:\/\/kuivasjarvenaura.fi\/wp-content\/uploads\/2023\/02\/janne-74x98.jpg 74w, https:\/\/kuivasjarvenaura.fi\/wp-content\/uploads\/2023\/02\/janne-rotated.jpg 1434w\" sizes=\"auto, (max-width: 262px) 100vw, 262px\" \/><\/figure>\n","protected":false},"excerpt":{"rendered":"<p>Olen 46-vuotias yleisurheiluvalmentaja ja ammatiltani l\u00e4hihoitaja. Kiinnostuin valmentamisesta, kun omat lapseni aloittivat yleisurheilun. Aloitin valmentamisen vuonna 2016, jolloin k\u00e4vin lasten yleisurheiluohjaatutkinnon sek\u00e4 nuorten yleisurheiluohjaajatutkinnon. Suoritin Kuortaneella Nvt tutkinnon 2018-2019. Omaa harrastus taustaa l\u00f6ytyy painista, jossa kilpailin Sm-tasolla.\u00a0 Kaiken kaikkiaan harrastin painia 15 vuotta. Parhaimmat saavutukset nuorten sm 5. ja 6. -sija, aikuisten sm 6. -sija&#8230;<\/p>\n","protected":false},"author":3,"featured_media":0,"parent":0,"menu_order":0,"comment_status":"closed","ping_status":"closed","template":"","meta":{"footnotes":""},"class_list":["post-4403","page","type-page","status-publish","hentry"],"_links":{"self":[{"href":"https:\/\/kuivasjarvenaura.fi\/index.php\/wp-json\/wp\/v2\/pages\/4403","targetHints":{"allow":["GET"]}}],"collection":[{"href":"https:\/\/kuivasjarvenaura.fi\/index.php\/wp-json\/wp\/v2\/pages"}],"about":[{"href":"https:\/\/kuivasjarvenaura.fi\/index.php\/wp-json\/wp\/v2\/types\/page"}],"author":[{"embeddable":true,"href":"https:\/\/kuivasjarvenaura.fi\/index.php\/wp-json\/wp\/v2\/users\/3"}],"replies":[{"embeddable":true,"href":"https:\/\/kuivasjarvenaura.fi\/index.php\/wp-json\/wp\/v2\/comments?post=4403"}],"version-history":[{"count":4,"href":"https:\/\/kuivasjarvenaura.fi\/index.php\/wp-json\/wp\/v2\/pages\/4403\/revisions"}],"predecessor-version":[{"id":5789,"href":"https:\/\/kuivasjarvenaura.fi\/index.php\/wp-json\/wp\/v2\/pages\/4403\/revisions\/5789"}],"wp:attachment":[{"href":"https:\/\/kuivasjarvenaura.fi\/index.php\/wp-json\/wp\/v2\/media?parent=4403"}],"curies":[{"name":"wp","href":"https:\/\/api.w.org\/{rel}","templated":true}]}}