{"id":3041,"date":"2021-03-29T22:16:47","date_gmt":"2021-03-29T19:16:47","guid":{"rendered":"http:\/\/kuivasjarvenaura.fi\/?page_id=3041"},"modified":"2021-03-29T22:37:56","modified_gmt":"2021-03-29T19:37:56","slug":"isot","status":"publish","type":"page","link":"https:\/\/kuivasjarvenaura.fi\/index.php\/isot\/","title":{"rendered":"Isot"},"content":{"rendered":"<div class=\"wpb-content-wrapper\"><p>[vc_row][vc_column width=&#8221;1\/2&#8243;][vc_column_text]Olivia Jokisen ja Janne Kovaniemen isompien ryhm\u00e4ss\u00e4 treenaa 2003-2005 syntyneit\u00e4 urheilijoita, niin tytt\u00f6j\u00e4 kuin poikia. Ryhm\u00e4 treenaa nelj\u00e4 kertaa viikossa maanantaisin, keskiviikkoisin, torstaisin ja perjantaisin.<\/p>\n<p>Ryhm\u00e4ss\u00e4 on niin useita vuosia harrastaneita ja kilpailleita kuin my\u00f6s vastik\u00e4\u00e4n lajista innostuneita. Olivian ja Jannen ryhm\u00e4 treenaa monipuolisesti eri lajeja ja ominaisuuksia. Ryhm\u00e4ss\u00e4 tarjotaan my\u00f6s mahdollisuus harrastaa yleisurheilua my\u00f6s muut harrastukset huomioon ottaen.<\/p>\n<p>Lue lis\u00e4\u00e4 Oliviasta <a href=\"http:\/\/kuivasjarvenaura.fi\/index.php\/olivia-jokinen\/\">t\u00e4\u00e4lt\u00e4<\/a>.[\/vc_column_text][\/vc_column][vc_column width=&#8221;1\/2&#8243;][vc_single_image image=&#8221;2572&#8243; img_size=&#8221;large&#8221;][\/vc_column][\/vc_row]<\/p>\n<\/div>","protected":false},"excerpt":{"rendered":"<p>[vc_row][vc_column width=&#8221;1\/2&#8243;][vc_column_text]Olivia Jokisen ja Janne Kovaniemen isompien ryhm\u00e4ss\u00e4 treenaa 2003-2005 syntyneit\u00e4 urheilijoita, niin tytt\u00f6j\u00e4 kuin poikia. Ryhm\u00e4 treenaa nelj\u00e4 kertaa viikossa maanantaisin, keskiviikkoisin, torstaisin ja perjantaisin. Ryhm\u00e4ss\u00e4 on niin useita vuosia harrastaneita ja kilpailleita kuin my\u00f6s vastik\u00e4\u00e4n lajista innostuneita. Olivian ja Jannen ryhm\u00e4 treenaa monipuolisesti eri lajeja ja ominaisuuksia. Ryhm\u00e4ss\u00e4 tarjotaan my\u00f6s mahdollisuus harrastaa yleisurheilua&#8230;<\/p>\n","protected":false},"author":3,"featured_media":0,"parent":0,"menu_order":0,"comment_status":"closed","ping_status":"closed","template":"","meta":{"footnotes":""},"class_list":["post-3041","page","type-page","status-publish","hentry"],"_links":{"self":[{"href":"https:\/\/kuivasjarvenaura.fi\/index.php\/wp-json\/wp\/v2\/pages\/3041","targetHints":{"allow":["GET"]}}],"collection":[{"href":"https:\/\/kuivasjarvenaura.fi\/index.php\/wp-json\/wp\/v2\/pages"}],"about":[{"href":"https:\/\/kuivasjarvenaura.fi\/index.php\/wp-json\/wp\/v2\/types\/page"}],"author":[{"embeddable":true,"href":"https:\/\/kuivasjarvenaura.fi\/index.php\/wp-json\/wp\/v2\/users\/3"}],"replies":[{"embeddable":true,"href":"https:\/\/kuivasjarvenaura.fi\/index.php\/wp-json\/wp\/v2\/comments?post=3041"}],"version-history":[{"count":5,"href":"https:\/\/kuivasjarvenaura.fi\/index.php\/wp-json\/wp\/v2\/pages\/3041\/revisions"}],"predecessor-version":[{"id":3060,"href":"https:\/\/kuivasjarvenaura.fi\/index.php\/wp-json\/wp\/v2\/pages\/3041\/revisions\/3060"}],"wp:attachment":[{"href":"https:\/\/kuivasjarvenaura.fi\/index.php\/wp-json\/wp\/v2\/media?parent=3041"}],"curies":[{"name":"wp","href":"https:\/\/api.w.org\/{rel}","templated":true}]}}