{"id":3000,"date":"2021-03-29T21:14:59","date_gmt":"2021-03-29T18:14:59","guid":{"rendered":"http:\/\/kuivasjarvenaura.fi\/?page_id=3000"},"modified":"2024-05-14T15:14:16","modified_gmt":"2024-05-14T12:14:16","slug":"olivia-jokinen","status":"publish","type":"page","link":"https:\/\/kuivasjarvenaura.fi\/index.php\/olivia-jokinen\/","title":{"rendered":"Olivia Jokinen"},"content":{"rendered":"<div class=\"wpb-content-wrapper\"><p>[vc_row][vc_column width=&#8221;2\/3&#8243;][vc_column_text]<b>Olivia Jokinen \u2013 Kilpaurheilijasta ohjaajaksi<\/b><\/p>\n<p>Olen aina tyk\u00e4nnyt urheilla ja varsinkin juosta. Aloitin kilpauinnin rinnalle yleisurheilun 10-vuotiaana. Valmentajani oli alusta asti Anne. Olen kilpaillut aina p\u00e4\u00e4asiassa juoksulajeissa: juoksin kaikkia matkoja 60 metrist\u00e4 1000 metriin, v\u00e4lill\u00e4 aitojenkin kanssa. Lempimatkaksi muodostui kuitenkin 400m 16-vuotiaana.<\/p>\n<p>Olen k\u00e4ynyt lasten ja nuorten yleisurheiluohjaajakurssit. Valmentamisen aloitin vuonna 2017. Sit\u00e4 ennen olin vet\u00e4nyt useampana kes\u00e4n\u00e4 yleisurheilukouluja ja erilaisia juoksukouluja. Olen ensihoitaja ja niiden t\u00f6iden ohella valmennan nuoriso-kilparyhm\u00e4\u00e4.<\/p>\n<p>Pyrin tukemaan nuoria parhaani mukaan omien tavoitteiden saavuttamisessa niin urheilun saralla kuin el\u00e4m\u00e4ss\u00e4 yleisesti. Minulle on t\u00e4rke\u00e4\u00e4, ett\u00e4 treeneiss\u00e4 kaikki saavat olla omana itsen\u00e4\u00e4n. Kun ilmapiiri on positiivinen ja kannustava, se vie eteenp\u00e4in.<\/p>\n<p>Pyrin koko ajan kehittym\u00e4\u00e4n valmentajana. Meid\u00e4n seuramme konkarit Anne ja Riitta tukevat ja neuvovat aina kysytt\u00e4ess\u00e4. Valmentajien v\u00e4linen yhteisty\u00f6 on korvaamattoman t\u00e4rke\u00e4\u00e4!<\/p>\n<p>Vahvuuteni valmentajana on oma kokemus kovasta treenaamisesta ja kilpailemisesta. Olen kilpaillut SM-tasolla, ja minulla on kaksi henkil\u00f6kohtaista SM-mitalia: T14 800m pronssi ja N16 400m pronssi. Olin \u00e4\u00e4rimm\u00e4isen kova j\u00e4nnitt\u00e4m\u00e4\u00e4n ihan pieni\u00e4kin kisoja. Koen, ett\u00e4 oman kokemukseni kautta pystyn auttamaan ja tukemaan urheilijoita erilaisissa haastavissa tilanteissa, mm. j\u00e4nnitystilanteissa.<\/p>\n<p>Matka urheilijasta valmentajaksi on ollut kasvattava. Urheilijoilta ja toisilta valmentajilta oppii koko ajan uutta. Valmentamisessa parasta on sen aitous ja palkitsevuus sek\u00e4 ymp\u00e4rill\u00e4 olevat ihmiset.<\/p>\n<p>Ryhmien urheilijat kilpailevat hyvin eri lajeissa, joten treenaaminen on monipuolista ja sovellamme treeneiss\u00e4 jokaiselle sopivaa ohjelmaa, my\u00f6s toiset harrastukset huomioidaan ohjelmassa. Mik\u00e4li kiinnostuit, ota rohkeasti Anneen yhteytt\u00e4.[\/vc_column_text][\/vc_column][vc_column width=&#8221;1\/3&#8243;][vc_single_image image=&#8221;2199&#8243; img_size=&#8221;large&#8221;][vc_single_image image=&#8221;2198&#8243; img_size=&#8221;large&#8221;][\/vc_column][\/vc_row]<\/p>\n<\/div>","protected":false},"excerpt":{"rendered":"<p>[vc_row][vc_column width=&#8221;2\/3&#8243;][vc_column_text]Olivia Jokinen \u2013 Kilpaurheilijasta ohjaajaksi Olen aina tyk\u00e4nnyt urheilla ja varsinkin juosta. Aloitin kilpauinnin rinnalle yleisurheilun 10-vuotiaana. Valmentajani oli alusta asti Anne. Olen kilpaillut aina p\u00e4\u00e4asiassa juoksulajeissa: juoksin kaikkia matkoja 60 metrist\u00e4 1000 metriin, v\u00e4lill\u00e4 aitojenkin kanssa. Lempimatkaksi muodostui kuitenkin 400m 16-vuotiaana. Olen k\u00e4ynyt lasten ja nuorten yleisurheiluohjaajakurssit. Valmentamisen aloitin vuonna 2017. Sit\u00e4 ennen&#8230;<\/p>\n","protected":false},"author":3,"featured_media":0,"parent":0,"menu_order":0,"comment_status":"closed","ping_status":"closed","template":"","meta":{"footnotes":""},"class_list":["post-3000","page","type-page","status-publish","hentry"],"_links":{"self":[{"href":"https:\/\/kuivasjarvenaura.fi\/index.php\/wp-json\/wp\/v2\/pages\/3000","targetHints":{"allow":["GET"]}}],"collection":[{"href":"https:\/\/kuivasjarvenaura.fi\/index.php\/wp-json\/wp\/v2\/pages"}],"about":[{"href":"https:\/\/kuivasjarvenaura.fi\/index.php\/wp-json\/wp\/v2\/types\/page"}],"author":[{"embeddable":true,"href":"https:\/\/kuivasjarvenaura.fi\/index.php\/wp-json\/wp\/v2\/users\/3"}],"replies":[{"embeddable":true,"href":"https:\/\/kuivasjarvenaura.fi\/index.php\/wp-json\/wp\/v2\/comments?post=3000"}],"version-history":[{"count":9,"href":"https:\/\/kuivasjarvenaura.fi\/index.php\/wp-json\/wp\/v2\/pages\/3000\/revisions"}],"predecessor-version":[{"id":5791,"href":"https:\/\/kuivasjarvenaura.fi\/index.php\/wp-json\/wp\/v2\/pages\/3000\/revisions\/5791"}],"wp:attachment":[{"href":"https:\/\/kuivasjarvenaura.fi\/index.php\/wp-json\/wp\/v2\/media?parent=3000"}],"curies":[{"name":"wp","href":"https:\/\/api.w.org\/{rel}","templated":true}]}}