{"id":2808,"date":"2021-03-27T15:43:40","date_gmt":"2021-03-27T13:43:40","guid":{"rendered":"http:\/\/kuivasjarvenaura.fi\/?page_id=2808"},"modified":"2024-11-11T15:06:49","modified_gmt":"2024-11-11T13:06:49","slug":"annan-kilparyhma","status":"publish","type":"page","link":"https:\/\/kuivasjarvenaura.fi\/index.php\/annan-kilparyhma\/","title":{"rendered":"Nuoriso kilparyhm\u00e4"},"content":{"rendered":"<div class=\"wpb-content-wrapper\"><p>[vc_row][vc_column width=&#8221;1\/2&#8243;][vc_column_text]Anna Okkosen ja Olivia Jokisen kilparyhm\u00e4ss\u00e4 treenaa 2005-2008 syntyneit\u00e4 urheilijoita. Ryhm\u00e4 treenaa nelj\u00e4sti viikossa, maanantaisin, tiistaisin, torstaisin ja perjantaisin.<\/p>\n<p>Annan ja Olivian ryhm\u00e4 on pika- ja aitajuoksu sek\u00e4 hyppypainotteinen kilparyhm\u00e4.<\/p>\n<p>Ryhm\u00e4st\u00e4 l\u00f6ytyy niin useita vuosia harrastaneita kuin vastik\u00e4\u00e4n lajista innostuneita. Ryhm\u00e4ss\u00e4 on mahdollista treenata my\u00f6s muita lajeja harrastaen tai yleisurheiluun keskittyen.<\/p>\n<p>Lue lis\u00e4\u00e4 Annasta <a href=\"http:\/\/kuivasjarvenaura.fi\/index.php\/anna-okkonen\/\">t\u00e4\u00e4lt\u00e4<\/a>.<\/p>\n<p>Lue lis\u00e4\u00e4 Oliviasta <a href=\"https:\/\/kuivasjarvenaura.fi\/index.php\/olivia-jokinen\/\">t\u00e4\u00e4lt\u00e4.<\/a>[\/vc_column_text][\/vc_column][vc_column width=&#8221;1\/2&#8243;][vc_single_image image=&#8221;2586&#8243; img_size=&#8221;large&#8221;][\/vc_column][\/vc_row]<\/p>\n<\/div>","protected":false},"excerpt":{"rendered":"<p>[vc_row][vc_column width=&#8221;1\/2&#8243;][vc_column_text]Anna Okkosen ja Olivia Jokisen kilparyhm\u00e4ss\u00e4 treenaa 2005-2008 syntyneit\u00e4 urheilijoita. Ryhm\u00e4 treenaa nelj\u00e4sti viikossa, maanantaisin, tiistaisin, torstaisin ja perjantaisin. Annan ja Olivian ryhm\u00e4 on pika- ja aitajuoksu sek\u00e4 hyppypainotteinen kilparyhm\u00e4. Ryhm\u00e4st\u00e4 l\u00f6ytyy niin useita vuosia harrastaneita kuin vastik\u00e4\u00e4n lajista innostuneita. Ryhm\u00e4ss\u00e4 on mahdollista treenata my\u00f6s muita lajeja harrastaen tai yleisurheiluun keskittyen. Lue lis\u00e4\u00e4 Annasta&#8230;<\/p>\n","protected":false},"author":3,"featured_media":0,"parent":0,"menu_order":0,"comment_status":"closed","ping_status":"closed","template":"","meta":{"footnotes":""},"class_list":["post-2808","page","type-page","status-publish","hentry"],"_links":{"self":[{"href":"https:\/\/kuivasjarvenaura.fi\/index.php\/wp-json\/wp\/v2\/pages\/2808","targetHints":{"allow":["GET"]}}],"collection":[{"href":"https:\/\/kuivasjarvenaura.fi\/index.php\/wp-json\/wp\/v2\/pages"}],"about":[{"href":"https:\/\/kuivasjarvenaura.fi\/index.php\/wp-json\/wp\/v2\/types\/page"}],"author":[{"embeddable":true,"href":"https:\/\/kuivasjarvenaura.fi\/index.php\/wp-json\/wp\/v2\/users\/3"}],"replies":[{"embeddable":true,"href":"https:\/\/kuivasjarvenaura.fi\/index.php\/wp-json\/wp\/v2\/comments?post=2808"}],"version-history":[{"count":15,"href":"https:\/\/kuivasjarvenaura.fi\/index.php\/wp-json\/wp\/v2\/pages\/2808\/revisions"}],"predecessor-version":[{"id":6432,"href":"https:\/\/kuivasjarvenaura.fi\/index.php\/wp-json\/wp\/v2\/pages\/2808\/revisions\/6432"}],"wp:attachment":[{"href":"https:\/\/kuivasjarvenaura.fi\/index.php\/wp-json\/wp\/v2\/media?parent=2808"}],"curies":[{"name":"wp","href":"https:\/\/api.w.org\/{rel}","templated":true}]}}