{"id":2802,"date":"2021-03-27T15:42:42","date_gmt":"2021-03-27T13:42:42","guid":{"rendered":"http:\/\/kuivasjarvenaura.fi\/?page_id=2802"},"modified":"2024-12-02T14:03:56","modified_gmt":"2024-12-02T12:03:56","slug":"riitan-kilparyhma","status":"publish","type":"page","link":"https:\/\/kuivasjarvenaura.fi\/index.php\/riitan-kilparyhma\/","title":{"rendered":"Kest\u00e4vyysryhm\u00e4t"},"content":{"rendered":"<div class=\"wpb-content-wrapper\"><p>[vc_row][vc_column width=&#8221;1\/2&#8243;][vc_column_text]Alle 15-vuotiaille j\u00e4rjestet\u00e4\u00e4n keskiviikkoisin kest\u00e4vyysryhm\u00e4. Ohjaajina Anna Kokko &amp; Kerttu Salmi.<\/p>\n<p>&nbsp;<\/p>\n<p>Jukka Ilvesluodon kest\u00e4vyysryhm\u00e4 on kilpaileville +15v. juoksijoille. Useimpien urheilijoiden p\u00e4\u00e4matkat ovat 800 metrist\u00e4 yl\u00f6sp\u00e4in.<\/p>\n<p>Kest\u00e4vyysryhm\u00e4 tekee 1-2 yhteistreeni\u00e4\/vko. Ryhm\u00e4n urheilijat k\u00e4yv\u00e4t my\u00f6s toisessa kilparyhm\u00e4ss\u00e4 tekem\u00e4ss\u00e4\u00a0 voima-, laji- ja nopeusharjoituksia.<\/p>\n<p>Jos kiinnostuit kest\u00e4vyysryhm\u00e4st\u00e4, laita s\u00e4hk\u00f6postia kuivau49@gmail.com[\/vc_column_text][\/vc_column][vc_column width=&#8221;1\/2&#8243;][vc_single_image image=&#8221;6423&#8243; img_size=&#8221;large&#8221;][\/vc_column][\/vc_row]<\/p>\n<\/div>","protected":false},"excerpt":{"rendered":"<p>[vc_row][vc_column width=&#8221;1\/2&#8243;][vc_column_text]Alle 15-vuotiaille j\u00e4rjestet\u00e4\u00e4n keskiviikkoisin kest\u00e4vyysryhm\u00e4. Ohjaajina Anna Kokko &amp; Kerttu Salmi. &nbsp; Jukka Ilvesluodon kest\u00e4vyysryhm\u00e4 on kilpaileville +15v. juoksijoille. Useimpien urheilijoiden p\u00e4\u00e4matkat ovat 800 metrist\u00e4 yl\u00f6sp\u00e4in. Kest\u00e4vyysryhm\u00e4 tekee 1-2 yhteistreeni\u00e4\/vko. Ryhm\u00e4n urheilijat k\u00e4yv\u00e4t my\u00f6s toisessa kilparyhm\u00e4ss\u00e4 tekem\u00e4ss\u00e4\u00a0 voima-, laji- ja nopeusharjoituksia. Jos kiinnostuit kest\u00e4vyysryhm\u00e4st\u00e4, laita s\u00e4hk\u00f6postia kuivau49@gmail.com[\/vc_column_text][\/vc_column][vc_column width=&#8221;1\/2&#8243;][vc_single_image image=&#8221;6423&#8243; img_size=&#8221;large&#8221;][\/vc_column][\/vc_row]<\/p>\n","protected":false},"author":3,"featured_media":0,"parent":0,"menu_order":0,"comment_status":"closed","ping_status":"closed","template":"","meta":{"footnotes":""},"class_list":["post-2802","page","type-page","status-publish","hentry"],"_links":{"self":[{"href":"https:\/\/kuivasjarvenaura.fi\/index.php\/wp-json\/wp\/v2\/pages\/2802","targetHints":{"allow":["GET"]}}],"collection":[{"href":"https:\/\/kuivasjarvenaura.fi\/index.php\/wp-json\/wp\/v2\/pages"}],"about":[{"href":"https:\/\/kuivasjarvenaura.fi\/index.php\/wp-json\/wp\/v2\/types\/page"}],"author":[{"embeddable":true,"href":"https:\/\/kuivasjarvenaura.fi\/index.php\/wp-json\/wp\/v2\/users\/3"}],"replies":[{"embeddable":true,"href":"https:\/\/kuivasjarvenaura.fi\/index.php\/wp-json\/wp\/v2\/comments?post=2802"}],"version-history":[{"count":11,"href":"https:\/\/kuivasjarvenaura.fi\/index.php\/wp-json\/wp\/v2\/pages\/2802\/revisions"}],"predecessor-version":[{"id":3050,"href":"https:\/\/kuivasjarvenaura.fi\/index.php\/wp-json\/wp\/v2\/pages\/2802\/revisions\/3050"}],"wp:attachment":[{"href":"https:\/\/kuivasjarvenaura.fi\/index.php\/wp-json\/wp\/v2\/media?parent=2802"}],"curies":[{"name":"wp","href":"https:\/\/api.w.org\/{rel}","templated":true}]}}