{"id":2800,"date":"2021-03-27T15:42:28","date_gmt":"2021-03-27T13:42:28","guid":{"rendered":"http:\/\/kuivasjarvenaura.fi\/?page_id=2800"},"modified":"2025-01-24T21:25:10","modified_gmt":"2025-01-24T19:25:10","slug":"annen-kilparyhma","status":"publish","type":"page","link":"https:\/\/kuivasjarvenaura.fi\/index.php\/annen-kilparyhma\/","title":{"rendered":"Villen kilparyhm\u00e4"},"content":{"rendered":"<div class=\"wpb-content-wrapper\"><p>[vc_row][vc_column width=&#8221;1\/2&#8243;][vc_column_text]Ville Vakkurin valmennuksessa on t\u00e4ll\u00e4 hetkell\u00e4 kymmenkunta urheilijaa. Urheilijat ovat +16-vuotiaita. Ryhm\u00e4st\u00e4 l\u00f6ytyy useita SM-mitalisteja, nuorten kansainv\u00e4lisen tason urheilijoita sek\u00e4 potentiaalisia tulevia t\u00e4hti\u00e4. T\u00e4ll\u00e4 ryhm\u00e4ll\u00e4 on TOP-ryhm\u00e4 status seurassamme.<\/p>\n<p>Lajipainotuksena Villen urheilijoilla on pika- ja aitajuoksu, pituushyppy\/kolmiloikka. Ryhm\u00e4 treenaa 6 kertaa viikossa.<\/p>\n<p>[\/vc_column_text][\/vc_column][vc_column width=&#8221;1\/2&#8243;][vc_single_image image=&#8221;6351&#8243;][\/vc_column][\/vc_row]<\/p>\n<\/div>","protected":false},"excerpt":{"rendered":"<p>[vc_row][vc_column width=&#8221;1\/2&#8243;][vc_column_text]Ville Vakkurin valmennuksessa on t\u00e4ll\u00e4 hetkell\u00e4 kymmenkunta urheilijaa. Urheilijat ovat +16-vuotiaita. Ryhm\u00e4st\u00e4 l\u00f6ytyy useita SM-mitalisteja, nuorten kansainv\u00e4lisen tason urheilijoita sek\u00e4 potentiaalisia tulevia t\u00e4hti\u00e4. T\u00e4ll\u00e4 ryhm\u00e4ll\u00e4 on TOP-ryhm\u00e4 status seurassamme. Lajipainotuksena Villen urheilijoilla on pika- ja aitajuoksu, pituushyppy\/kolmiloikka. Ryhm\u00e4 treenaa 6 kertaa viikossa. [\/vc_column_text][\/vc_column][vc_column width=&#8221;1\/2&#8243;][vc_single_image image=&#8221;6351&#8243;][\/vc_column][\/vc_row]<\/p>\n","protected":false},"author":3,"featured_media":2546,"parent":0,"menu_order":0,"comment_status":"closed","ping_status":"closed","template":"","meta":{"footnotes":""},"class_list":["post-2800","page","type-page","status-publish","has-post-thumbnail","hentry"],"_links":{"self":[{"href":"https:\/\/kuivasjarvenaura.fi\/index.php\/wp-json\/wp\/v2\/pages\/2800","targetHints":{"allow":["GET"]}}],"collection":[{"href":"https:\/\/kuivasjarvenaura.fi\/index.php\/wp-json\/wp\/v2\/pages"}],"about":[{"href":"https:\/\/kuivasjarvenaura.fi\/index.php\/wp-json\/wp\/v2\/types\/page"}],"author":[{"embeddable":true,"href":"https:\/\/kuivasjarvenaura.fi\/index.php\/wp-json\/wp\/v2\/users\/3"}],"replies":[{"embeddable":true,"href":"https:\/\/kuivasjarvenaura.fi\/index.php\/wp-json\/wp\/v2\/comments?post=2800"}],"version-history":[{"count":26,"href":"https:\/\/kuivasjarvenaura.fi\/index.php\/wp-json\/wp\/v2\/pages\/2800\/revisions"}],"predecessor-version":[{"id":6561,"href":"https:\/\/kuivasjarvenaura.fi\/index.php\/wp-json\/wp\/v2\/pages\/2800\/revisions\/6561"}],"wp:featuredmedia":[{"embeddable":true,"href":"https:\/\/kuivasjarvenaura.fi\/index.php\/wp-json\/wp\/v2\/media\/2546"}],"wp:attachment":[{"href":"https:\/\/kuivasjarvenaura.fi\/index.php\/wp-json\/wp\/v2\/media?parent=2800"}],"curies":[{"name":"wp","href":"https:\/\/api.w.org\/{rel}","templated":true}]}}