{"id":2789,"date":"2021-03-27T14:01:43","date_gmt":"2021-03-27T12:01:43","guid":{"rendered":"http:\/\/kuivasjarvenaura.fi\/?page_id=2789"},"modified":"2026-04-17T17:51:41","modified_gmt":"2026-04-17T14:51:41","slug":"jasenedut","status":"publish","type":"page","link":"https:\/\/kuivasjarvenaura.fi\/index.php\/jasenedut\/","title":{"rendered":"J\u00e4senedut"},"content":{"rendered":"<div class=\"wpb-content-wrapper\"><p>[vc_row][vc_column][vc_column_text css=&#8221;&#8221;]<\/p>\r\n<p><strong>ODL-SEURADIILI 2026:<\/strong><\/p>\r\n<!-- \/wp:post-content --><!-- \/wp:paragraph -->\r\n<p><!-- wp:paragraph --><a href=\"https:\/\/odl.fi\/palvelut\/odl-liikuntaklinikka\/tarvitsen-tukea-tavoitteelliseen-treeniin\/urheiluseurapalvelut\/seuradiili-palvelu\/\">ODL SeuraDiili<\/a><\/p>\r\n<!-- \/wp:paragraph -->\r\n<p><!-- wp:paragraph --><strong>ILMAINEN L\u00c4\u00c4K\u00c4RIN PUHELINNEUVONTA:<\/strong><br \/>ODL Liikuntaklinikan puhelinneuvontaan voit soittaa vaikkapa, kun mietitytt\u00e4\u00e4, mit\u00e4 vaivallesi pit\u00e4isi tehd\u00e4 tai keneen ottaa yhteytt\u00e4. Usein l\u00e4\u00e4k\u00e4ri voi suoraan neuvoa asiassa tai pohtia kanssasi sopivaa asiantuntijaa.<\/p>\r\n<!-- \/wp:paragraph -->\r\n<p><!-- wp:paragraph -->My\u00f6s seuradiilil\u00e4isen perheenj\u00e4sen tai valmentaja voi hy\u00f6dynt\u00e4\u00e4 puhelinneuvontaa. Soittaa voi rohkeasti vaikka ei ole varma kuuluuko asia l\u00e4\u00e4k\u00e4rille!<\/p>\r\n<!-- \/wp:paragraph -->\r\n<p><!-- wp:paragraph -->Soittoaika on tiistaisin klo 12-13<\/p>\r\n<!-- \/wp:paragraph -->\r\n<p><!-- wp:paragraph -->Puhelinneuvonnan numero 08 313 2154<\/p>\r\n<p><!-- \/wp:paragraph -->[\/vc_column_text][\/vc_column][\/vc_row]<\/p><\/div>","protected":false},"excerpt":{"rendered":"<p>[vc_row][vc_column][vc_column_text css=&#8221;&#8221;] ODL-SEURADIILI 2026: ODL SeuraDiili ILMAINEN L\u00c4\u00c4K\u00c4RIN PUHELINNEUVONTA:ODL Liikuntaklinikan puhelinneuvontaan voit soittaa vaikkapa, kun mietitytt\u00e4\u00e4, mit\u00e4 vaivallesi pit\u00e4isi tehd\u00e4 tai keneen ottaa yhteytt\u00e4. Usein l\u00e4\u00e4k\u00e4ri voi suoraan neuvoa asiassa tai pohtia kanssasi sopivaa asiantuntijaa. My\u00f6s seuradiilil\u00e4isen perheenj\u00e4sen tai valmentaja voi hy\u00f6dynt\u00e4\u00e4 puhelinneuvontaa. Soittaa voi rohkeasti vaikka ei ole varma kuuluuko asia l\u00e4\u00e4k\u00e4rille! Soittoaika on&#8230;<\/p>\n","protected":false},"author":3,"featured_media":2861,"parent":0,"menu_order":0,"comment_status":"closed","ping_status":"closed","template":"","meta":{"footnotes":""},"class_list":["post-2789","page","type-page","status-publish","has-post-thumbnail","hentry"],"_links":{"self":[{"href":"https:\/\/kuivasjarvenaura.fi\/index.php\/wp-json\/wp\/v2\/pages\/2789","targetHints":{"allow":["GET"]}}],"collection":[{"href":"https:\/\/kuivasjarvenaura.fi\/index.php\/wp-json\/wp\/v2\/pages"}],"about":[{"href":"https:\/\/kuivasjarvenaura.fi\/index.php\/wp-json\/wp\/v2\/types\/page"}],"author":[{"embeddable":true,"href":"https:\/\/kuivasjarvenaura.fi\/index.php\/wp-json\/wp\/v2\/users\/3"}],"replies":[{"embeddable":true,"href":"https:\/\/kuivasjarvenaura.fi\/index.php\/wp-json\/wp\/v2\/comments?post=2789"}],"version-history":[{"count":24,"href":"https:\/\/kuivasjarvenaura.fi\/index.php\/wp-json\/wp\/v2\/pages\/2789\/revisions"}],"predecessor-version":[{"id":7146,"href":"https:\/\/kuivasjarvenaura.fi\/index.php\/wp-json\/wp\/v2\/pages\/2789\/revisions\/7146"}],"wp:featuredmedia":[{"embeddable":true,"href":"https:\/\/kuivasjarvenaura.fi\/index.php\/wp-json\/wp\/v2\/media\/2861"}],"wp:attachment":[{"href":"https:\/\/kuivasjarvenaura.fi\/index.php\/wp-json\/wp\/v2\/media?parent=2789"}],"curies":[{"name":"wp","href":"https:\/\/api.w.org\/{rel}","templated":true}]}}