{"id":2350,"date":"2021-03-07T14:14:57","date_gmt":"2021-03-07T12:14:57","guid":{"rendered":"http:\/\/kuivasjarvenaura.fi\/?page_id=2350"},"modified":"2026-02-12T18:48:12","modified_gmt":"2026-02-12T16:48:12","slug":"esittely","status":"publish","type":"page","link":"https:\/\/kuivasjarvenaura.fi\/index.php\/auran-maja\/esittely\/","title":{"rendered":"Esittely"},"content":{"rendered":"<div class=\"wpb-content-wrapper\"><p>[vc_row][vc_column width=&#8221;1\/2&#8243;][vc_column_text]<\/p>\n<div class=\"wpb_text_column wpb_content_element vc_custom_1612196261444\">\n<div class=\"wpb_wrapper\">\n<p>Maja auki talvisin hiihtokaudella. Muulloin majaa voi vuokrata esim. juhla- ja kokous k\u00e4ytt\u00f6\u00f6n, esimerkiksi h\u00e4idenjatkoja, pikkujouluja, syntym\u00e4p\u00e4ivi\u00e4, saunailtoja jne. Hiihtokaudella onnistuu vuokrata majaa mm. kokouksia varten!<\/p>\n<p>Lis\u00e4\u00e4 vuokrauksesta kohdasta:<\/p>\n<p><a href=\"https:\/\/kuivasjarvenaura.fi\/index.php\/auran-maja\/vuokraaminen\/\">Vuokraaminen<\/a><\/p>\n<p>Auranmajaa pidet\u00e4\u00e4n auki hiiht\u00e4jille hiihtokauden alettua. Maja avataan lumitilanteen mukaan. Myynti\u00e4 talvisin my\u00f6s ajanottokopin luukusta, kioskista. Myyt\u00e4v\u00e4n\u00e4 munkkeja, kahvia, teet\u00e4, mehua ja pillimehua. Maksu k\u00e4teisell\u00e4, l\u00e4himaksulla tai MobilePayll\u00e4. Suomen parhaiksi kutsuttuja munkkeja myyd\u00e4\u00e4n my\u00f6s mukaan! L\u00f6ytyy my\u00f6s todella hyvi\u00e4 gluteenittomia munkkeja. Kannattaa talvella k\u00e4yd\u00e4 maistamassa \u201dSuomen parhaiksi\u201d kehuttuja munkkeja!<\/p>\n<\/div>\n<\/div>\n<div class=\"wpb_text_column wpb_content_element vc_custom_1615118760158\">\n<div class=\"wpb_wrapper\">\n<p>Auranmaja on Kuivasj\u00e4rven Auran omistama hiihtomaja. Maja sijaitsee Kuivasj\u00e4rvell\u00e4 Jylkynkankaan naapurissa n. 3 km Kuivasj\u00e4rven liikenneympyr\u00e4st\u00e4 Alakyl\u00e4\u00e4n p\u00e4in. Majan osoite: Alakyl\u00e4ntie 634, 90540 Oulu<\/p>\n<\/div>\n<\/div>\n<div class=\"wpb_text_column wpb_content_element vc_custom_1612196293922\">\n<div class=\"wpb_wrapper\">\n<p>Majan ymp\u00e4rist\u00f6ss\u00e4\u00a0 latuverkosto (1km, 2km, 3km, 5km (valaistu) ja 10 km). Majalle tulee kaupungin latuverkostoa. Latuja pitkin majalle p\u00e4\u00e4see esim. Hiukkavaarasta (Haapalehto-H\u00f6ntt\u00e4m\u00e4ki), Koskelasta, Pateniemest\u00e4, Puoliv\u00e4likankaalta (Pyyk\u00f6sj\u00e4rven kautta). Majan ymp\u00e4rist\u00f6ss\u00e4 my\u00f6s koiralatu. Majalta l\u00f6ytyy my\u00f6s hyv\u00e4 m\u00e4ki lasten kanssa ulkoilua varten sek\u00e4 makkaranpaistopaikka.<\/p>\n<p>Auranmajaa on remontoitu vuonna 2025 Leaderin tuen avulla.<\/p>\n<\/div>\n<\/div>\n<div class=\"wpb_text_column wpb_content_element \">\n<div class=\"wpb_wrapper\">\n<p><strong>Majaa ei vuokrata hiihtokaudella juhlak\u00e4ytt\u00f6\u00f6n. Kyselyt kokouksien varaamisista kohdasta: vuokraaminen<\/strong><\/p>\n<\/div>\n<\/div>\n<p>[\/vc_column_text][\/vc_column][vc_column width=&#8221;1\/2&#8243;][vc_single_image image=&#8221;2147&#8243; img_size=&#8221;full&#8221;][vc_single_image image=&#8221;7037&#8243; img_size=&#8221;medium&#8221;][vc_single_image image=&#8221;6675&#8243; img_size=&#8221;full&#8221;][\/vc_column][\/vc_row]<\/p>\n<\/div>","protected":false},"excerpt":{"rendered":"<p>[vc_row][vc_column width=&#8221;1\/2&#8243;][vc_column_text] Maja auki talvisin hiihtokaudella. Muulloin majaa voi vuokrata esim. juhla- ja kokous k\u00e4ytt\u00f6\u00f6n, esimerkiksi h\u00e4idenjatkoja, pikkujouluja, syntym\u00e4p\u00e4ivi\u00e4, saunailtoja jne. Hiihtokaudella onnistuu vuokrata majaa mm. kokouksia varten! Lis\u00e4\u00e4 vuokrauksesta kohdasta: Vuokraaminen Auranmajaa pidet\u00e4\u00e4n auki hiiht\u00e4jille hiihtokauden alettua. Maja avataan lumitilanteen mukaan. Myynti\u00e4 talvisin my\u00f6s ajanottokopin luukusta, kioskista. Myyt\u00e4v\u00e4n\u00e4 munkkeja, kahvia, teet\u00e4, mehua ja pillimehua&#8230;.<\/p>\n","protected":false},"author":3,"featured_media":0,"parent":2066,"menu_order":0,"comment_status":"closed","ping_status":"closed","template":"","meta":{"footnotes":""},"class_list":["post-2350","page","type-page","status-publish","hentry"],"_links":{"self":[{"href":"https:\/\/kuivasjarvenaura.fi\/index.php\/wp-json\/wp\/v2\/pages\/2350","targetHints":{"allow":["GET"]}}],"collection":[{"href":"https:\/\/kuivasjarvenaura.fi\/index.php\/wp-json\/wp\/v2\/pages"}],"about":[{"href":"https:\/\/kuivasjarvenaura.fi\/index.php\/wp-json\/wp\/v2\/types\/page"}],"author":[{"embeddable":true,"href":"https:\/\/kuivasjarvenaura.fi\/index.php\/wp-json\/wp\/v2\/users\/3"}],"replies":[{"embeddable":true,"href":"https:\/\/kuivasjarvenaura.fi\/index.php\/wp-json\/wp\/v2\/comments?post=2350"}],"version-history":[{"count":12,"href":"https:\/\/kuivasjarvenaura.fi\/index.php\/wp-json\/wp\/v2\/pages\/2350\/revisions"}],"predecessor-version":[{"id":7077,"href":"https:\/\/kuivasjarvenaura.fi\/index.php\/wp-json\/wp\/v2\/pages\/2350\/revisions\/7077"}],"up":[{"embeddable":true,"href":"https:\/\/kuivasjarvenaura.fi\/index.php\/wp-json\/wp\/v2\/pages\/2066"}],"wp:attachment":[{"href":"https:\/\/kuivasjarvenaura.fi\/index.php\/wp-json\/wp\/v2\/media?parent=2350"}],"curies":[{"name":"wp","href":"https:\/\/api.w.org\/{rel}","templated":true}]}}