{"id":2126,"date":"2016-05-05T10:36:13","date_gmt":"2016-05-05T07:36:13","guid":{"rendered":"http:\/\/kuivasjarvenaura.fi\/index.php\/hiihto-2-2\/"},"modified":"2025-02-06T11:26:52","modified_gmt":"2025-02-06T09:26:52","slug":"auran-ladut","status":"publish","type":"page","link":"https:\/\/kuivasjarvenaura.fi\/index.php\/hiihto-2\/auran-ladut\/","title":{"rendered":"Auranmajan ladut"},"content":{"rendered":"<div class=\"wpb-content-wrapper\"><p>[vc_row full_width=&#8221;stretch_row&#8221; css=&#8221;.vc_custom_1584939033954{margin-top: 0px !important;margin-bottom: 0px !important;background-color: #ffffff !important;}&#8221;][vc_column css=&#8221;.vc_custom_1584522605112{padding-top: 0px !important;}&#8221;][vc_single_image image=&#8221;2210&#8243; img_size=&#8221;full&#8221; onclick=&#8221;link_image&#8221; css_animation=&#8221;right-to-left&#8221;][vc_column_text]Kuivasj\u00e4rven Aura ei en\u00e4\u00e4 aja\/hoida latuja.<\/p>\n<p>Palautteet laduista suoraan Oulun kaupungille, kiitos![\/vc_column_text][\/vc_column][\/vc_row][vc_row][vc_column][vc_btn title=&#8221;Lataa pdf kartta&#8221; link=&#8221;url:http%3A%2F%2Fkuivasjarvenaura.fi%2Fwp-content%2Fuploads%2F2021%2F02%2FAuranladut1.pdf|title:Auran%20ladut|target:_blank&#8221;][\/vc_column][\/vc_row]<\/p>\n<\/div>","protected":false},"excerpt":{"rendered":"<p>[vc_row full_width=&#8221;stretch_row&#8221; css=&#8221;.vc_custom_1584939033954{margin-top: 0px !important;margin-bottom: 0px !important;background-color: #ffffff !important;}&#8221;][vc_column css=&#8221;.vc_custom_1584522605112{padding-top: 0px !important;}&#8221;][vc_single_image image=&#8221;2210&#8243; img_size=&#8221;full&#8221; onclick=&#8221;link_image&#8221; css_animation=&#8221;right-to-left&#8221;][vc_column_text]Kuivasj\u00e4rven Aura ei en\u00e4\u00e4 aja\/hoida latuja. Palautteet laduista suoraan Oulun kaupungille, kiitos![\/vc_column_text][\/vc_column][\/vc_row][vc_row][vc_column][vc_btn title=&#8221;Lataa pdf kartta&#8221; link=&#8221;url:http%3A%2F%2Fkuivasjarvenaura.fi%2Fwp-content%2Fuploads%2F2021%2F02%2FAuranladut1.pdf|title:Auran%20ladut|target:_blank&#8221;][\/vc_column][\/vc_row]<\/p>\n","protected":false},"author":1,"featured_media":0,"parent":2060,"menu_order":0,"comment_status":"closed","ping_status":"closed","template":"","meta":{"footnotes":""},"class_list":["post-2126","page","type-page","status-publish","hentry"],"_links":{"self":[{"href":"https:\/\/kuivasjarvenaura.fi\/index.php\/wp-json\/wp\/v2\/pages\/2126","targetHints":{"allow":["GET"]}}],"collection":[{"href":"https:\/\/kuivasjarvenaura.fi\/index.php\/wp-json\/wp\/v2\/pages"}],"about":[{"href":"https:\/\/kuivasjarvenaura.fi\/index.php\/wp-json\/wp\/v2\/types\/page"}],"author":[{"embeddable":true,"href":"https:\/\/kuivasjarvenaura.fi\/index.php\/wp-json\/wp\/v2\/users\/1"}],"replies":[{"embeddable":true,"href":"https:\/\/kuivasjarvenaura.fi\/index.php\/wp-json\/wp\/v2\/comments?post=2126"}],"version-history":[{"count":9,"href":"https:\/\/kuivasjarvenaura.fi\/index.php\/wp-json\/wp\/v2\/pages\/2126\/revisions"}],"predecessor-version":[{"id":6570,"href":"https:\/\/kuivasjarvenaura.fi\/index.php\/wp-json\/wp\/v2\/pages\/2126\/revisions\/6570"}],"up":[{"embeddable":true,"href":"https:\/\/kuivasjarvenaura.fi\/index.php\/wp-json\/wp\/v2\/pages\/2060"}],"wp:attachment":[{"href":"https:\/\/kuivasjarvenaura.fi\/index.php\/wp-json\/wp\/v2\/media?parent=2126"}],"curies":[{"name":"wp","href":"https:\/\/api.w.org\/{rel}","templated":true}]}}