{"id":2120,"date":"2016-05-05T10:36:13","date_gmt":"2016-05-05T07:36:13","guid":{"rendered":"http:\/\/kuivasjarvenaura.fi\/index.php\/hiihto-2\/kilpailut-hiihto-2\/"},"modified":"2026-02-02T19:03:04","modified_gmt":"2026-02-02T17:03:04","slug":"jaseneksi","status":"publish","type":"page","link":"https:\/\/kuivasjarvenaura.fi\/index.php\/seurainfo\/jaseneksi\/","title":{"rendered":"J\u00e4seneksi"},"content":{"rendered":"<div class=\"wpb-content-wrapper\"><p>[vc_row full_width=&#8221;stretch_row&#8221; css=&#8221;.vc_custom_1584939033954{margin-top: 0px !important;margin-bottom: 0px !important;background-color: #ffffff !important;}&#8221;][vc_column css=&#8221;.vc_custom_1584522598519{padding-top: 0px !important;}&#8221;][vc_column_text css=&#8221;.vc_custom_1770051767485{margin-bottom: 23px !important;}&#8221;]HUOM. My\u00f6s olemassaolevien j\u00e4senten tulee liitty\u00e4 MyClubin j\u00e4senrekisteriin!<\/p>\n<p>Jos olet kiinnostunut seuramme j\u00e4senyydest\u00e4 kilpailu- tai vaikka vain tukimieless\u00e4, niin toimi seuraavasti.<\/p>\n<p>1. Tee itsellesi MyClubiin tunnukset ja liity Kuivasj\u00e4rven Auran j\u00e4seneksi:<\/p>\n<p><a href=\"https:\/\/kuivasjarvenaura.myclub.fi\/flow\/courses\/9698207\">https:\/\/kuivasjarvenaura.myclub.fi\/flow\/courses\/9698207<\/a><\/p>\n<ul>\n<li>Paina sivun oikeasta yl\u00e4reunasta &#8221;ILMOITTAUDU&#8221;.<\/li>\n<\/ul>\n<p>2. Ilmoittautuessasi MyClub l\u00e4hett\u00e4\u00e4 sinulle automaattisesti j\u00e4senmaksulaskun.<\/p>\n<p>&nbsp;<\/p>\n<p>J\u00c4SENEN\u00c4:<\/p>\n<ul>\n<li>Edustat Kuivasj\u00e4rven Auraa kilpailuissa<\/li>\n<li>Sinulla on osallistumisoikeus Auran j\u00e4rjest\u00e4miin seurakilpailuihin ja tapahtumiin maksuttomasti<\/li>\n<li>Pystyt vaikuttamaan seuran asioihin vuosikokouksessa<\/li>\n<\/ul>\n<p>[\/vc_column_text][\/vc_column][\/vc_row][vc_row][vc_column][vc_images_carousel images=&#8221;6442,6403,5412,6444,6445,6446&#8243; img_size=&#8221;large&#8221;][\/vc_column][\/vc_row]<\/p>\n<\/div>","protected":false},"excerpt":{"rendered":"<p>[vc_row full_width=&#8221;stretch_row&#8221; css=&#8221;.vc_custom_1584939033954{margin-top: 0px !important;margin-bottom: 0px !important;background-color: #ffffff !important;}&#8221;][vc_column css=&#8221;.vc_custom_1584522598519{padding-top: 0px !important;}&#8221;][vc_column_text css=&#8221;.vc_custom_1770051767485{margin-bottom: 23px !important;}&#8221;]HUOM. My\u00f6s olemassaolevien j\u00e4senten tulee liitty\u00e4 MyClubin j\u00e4senrekisteriin! Jos olet kiinnostunut seuramme j\u00e4senyydest\u00e4 kilpailu- tai vaikka vain tukimieless\u00e4, niin toimi seuraavasti. 1. Tee itsellesi MyClubiin tunnukset ja liity Kuivasj\u00e4rven Auran j\u00e4seneksi: https:\/\/kuivasjarvenaura.myclub.fi\/flow\/courses\/9698207 Paina sivun oikeasta yl\u00e4reunasta &#8221;ILMOITTAUDU&#8221;. 2. Ilmoittautuessasi MyClub l\u00e4hett\u00e4\u00e4&#8230;<\/p>\n","protected":false},"author":1,"featured_media":0,"parent":2085,"menu_order":0,"comment_status":"closed","ping_status":"closed","template":"","meta":{"footnotes":""},"class_list":["post-2120","page","type-page","status-publish","hentry"],"_links":{"self":[{"href":"https:\/\/kuivasjarvenaura.fi\/index.php\/wp-json\/wp\/v2\/pages\/2120","targetHints":{"allow":["GET"]}}],"collection":[{"href":"https:\/\/kuivasjarvenaura.fi\/index.php\/wp-json\/wp\/v2\/pages"}],"about":[{"href":"https:\/\/kuivasjarvenaura.fi\/index.php\/wp-json\/wp\/v2\/types\/page"}],"author":[{"embeddable":true,"href":"https:\/\/kuivasjarvenaura.fi\/index.php\/wp-json\/wp\/v2\/users\/1"}],"replies":[{"embeddable":true,"href":"https:\/\/kuivasjarvenaura.fi\/index.php\/wp-json\/wp\/v2\/comments?post=2120"}],"version-history":[{"count":17,"href":"https:\/\/kuivasjarvenaura.fi\/index.php\/wp-json\/wp\/v2\/pages\/2120\/revisions"}],"predecessor-version":[{"id":7067,"href":"https:\/\/kuivasjarvenaura.fi\/index.php\/wp-json\/wp\/v2\/pages\/2120\/revisions\/7067"}],"up":[{"embeddable":true,"href":"https:\/\/kuivasjarvenaura.fi\/index.php\/wp-json\/wp\/v2\/pages\/2085"}],"wp:attachment":[{"href":"https:\/\/kuivasjarvenaura.fi\/index.php\/wp-json\/wp\/v2\/media?parent=2120"}],"curies":[{"name":"wp","href":"https:\/\/api.w.org\/{rel}","templated":true}]}}