{"id":2101,"date":"2016-05-05T10:36:13","date_gmt":"2016-05-05T07:36:13","guid":{"rendered":"http:\/\/kuivasjarvenaura.fi\/index.php\/auran-maja\/esittely-2\/"},"modified":"2026-01-27T15:15:02","modified_gmt":"2026-01-27T13:15:02","slug":"vuokraaminen","status":"publish","type":"page","link":"https:\/\/kuivasjarvenaura.fi\/index.php\/auran-maja\/vuokraaminen\/","title":{"rendered":"Vuokraaminen"},"content":{"rendered":"<div class=\"wpb-content-wrapper\"><p>[vc_row][vc_column width=&#8221;1\/2&#8243;][vc_column_text]<strong>Majan varaukset hoidetaan s\u00e4hk\u00f6posti: skarvi48@gmail.com TAI numerosta 040-7411608\/Seija\u00a0<\/strong><\/p>\n<p><strong>TILOJEN N\u00c4YT\u00d6T SOVITTAVISSA SEIJAN KANSSA.\u00a0<\/strong><\/p>\n<p>Tilaa noin 100 hengelle.<\/p>\n<p><b>MAJAN VUOKRAUSHINNAT KAUDELLE HUHTIKUU -JOULUKUU 2026:<\/b><\/p>\n<p><b>Keitti\u00f6t, sali, astiat ja liinat:<\/b><\/p>\n<p>perjantai klo 12.00 \u2013 sunnuntai klo 16.00 610\u20ac<\/p>\n<p>lauantai klo 8.00 \u2013 sunnuntai klo 16.00 525\u20ac<\/p>\n<p>yksi p\u00e4iv\u00e4 klo 8.00 &#8211; 22.00 420\u20ac<\/p>\n<p>&nbsp;<\/p>\n<p><b>Keitti\u00f6, sali, astiat (ei liinoja):<\/b><\/p>\n<p>perjantai klo 12.00 \u2013 sunnuntai klo 16.00 525\u20ac<\/p>\n<p>lauantai klo 8.00 \u2013 sunnuntai klo 16.00 465\u20ac.<\/p>\n<p>Yksi p\u00e4iv\u00e4 klo 8.00 -22.00 345\u20ac<\/p>\n<p>&nbsp;<\/p>\n<p><b>Siivouspalvelu (ei kuulu astioiden tiskaus):<\/b> 170\u20ac<\/p>\n<p><b>Varausmaksu 100\u20ac,<\/b>\u00a0joka otetaan huomioon loppusummassa.<\/p>\n<p>Varausmaksun saatuamme er\u00e4p\u00e4iv\u00e4\u00e4n menness\u00e4 varaus tulee virallisesti voimaan. Varausmaksua ei palaute jos juhlia ei j\u00e4rjestet\u00e4. Avaimet luovutetaan loppulaskun maksutositetta vastaan.<\/p>\n<p>&nbsp;<\/p>\n<p><b>Tilojen siivous<\/b> kuuluu vuokraajalle. Lattian puhdistus(puhdistusv\u00e4lineet majalla valmiina), liinat otettava p\u00f6ydilt\u00e4 pois, p\u00e4\u00e4ty wc:t siivottava, p\u00f6yd\u00e4t pyyhitt\u00e4v\u00e4 ja tuolit nostettava p\u00f6ydille. Ostettavissa siivouspalvelu.<\/p>\n<p><b>Vastuu<\/b>: Vuokraaja on velvollinen korvaamaan kadonneet ja rikkoutuneet kalustot ja astiat. Astiat luovutetaan takaisin puhtaina ja niille kuuluville paikoille.<\/p>\n<p>&nbsp;<\/p>\n<p><b>Vuokraan kuuluva irtaimisto:<\/b><\/p>\n<p>Salissa 13 p\u00f6yt\u00e4\u00e4 200\u00d780 cm ja lis\u00e4ksi yksi p\u00f6yt\u00e4 140&#215;80 cm<\/p>\n<p>* 1 kylm\u00e4kaappi, kylm\u00e4tiski, j\u00e4\u00e4kaappi\/pakastin, pakastin<\/p>\n<p>* Kahvinkeitin 3\u00d75 litraa, 2-osainen Moccamaster, 1.pieni Moccamaster<\/p>\n<p>* Astianpesukone 2 min\/kori<\/p>\n<p>* Mikroaaltouuneja 3 kpl, liesi\u00e4 3 kpl,\u00a0 1 kiertoilmaliesi, kiertoilmauuni, tavallinen uuni.<\/p>\n<p>* Astioita: kahvikupit, lasiasetit, laseja kahta kokoa, viini-, shampanja- ja snapsilasit, syv\u00e4t ja matalat lautaset, ruokailuv\u00e4lineet(savonia-sarja), lasikulhoja, kannuja ym.<\/p>\n<p>* Kauittimet, televisio, kannettava videotykki, langattomat mikrofonit ja mikseri esim. musiikkeja varten.\u00a0 (HDMI-johto)<\/p>\n<p>&nbsp;<\/p>\n<p><b>Tilojen esittely<\/b> sopimuksen mukaan!<\/p>\n<p>Majaa on remontoitu 2024-2025!<\/p>\n<p>&nbsp;<\/p>\n<p>Auranmajan harmoninen tunnelma, kaunis ymp\u00e4rist\u00f6 ja tilojen avaruus tekev\u00e4t siit\u00e4 paikan, jossa juhlap\u00e4iv\u00e4 tuntuu juuri oikealta. T\u00e4\u00e4ll\u00e4 voit keskitty\u00e4 olennaiseen: yhdess\u00e4oloon ja unohtumattomiin hetkiin. Auranmaja on vuokrattavissa hiihtokauden ulkopuolella.<\/p>\n<p>Tule tutustumaan \u2013 saatat l\u00f6yt\u00e4\u00e4 juuri sen juhlatilan, josta olet haaveillut.<\/p>\n<p><b><strong>Majan vastuuhenkil\u00f6: skarvi48@gmail.com 040-7411608\/Seija.<\/strong><\/b>[\/vc_column_text][\/vc_column][vc_column width=&#8221;1\/2&#8243;][vc_media_grid grid_id=&#8221;vc_gid:1769517988601-338a83a8-82fd-10&#8243; include=&#8221;2217,2222,2226,2227,2228,2224,7040,7039,7037&#8243;][\/vc_column][\/vc_row]<\/p>\n<\/div>","protected":false},"excerpt":{"rendered":"<p>[vc_row][vc_column width=&#8221;1\/2&#8243;][vc_column_text]Majan varaukset hoidetaan s\u00e4hk\u00f6posti: skarvi48@gmail.com TAI numerosta 040-7411608\/Seija\u00a0 TILOJEN N\u00c4YT\u00d6T SOVITTAVISSA SEIJAN KANSSA.\u00a0 Tilaa noin 100 hengelle. MAJAN VUOKRAUSHINNAT KAUDELLE HUHTIKUU -JOULUKUU 2026: Keitti\u00f6t, sali, astiat ja liinat: perjantai klo 12.00 \u2013 sunnuntai klo 16.00 610\u20ac lauantai klo 8.00 \u2013 sunnuntai klo 16.00 525\u20ac yksi p\u00e4iv\u00e4 klo 8.00 &#8211; 22.00 420\u20ac &nbsp; Keitti\u00f6, sali,&#8230;<\/p>\n","protected":false},"author":1,"featured_media":0,"parent":2066,"menu_order":0,"comment_status":"closed","ping_status":"closed","template":"","meta":{"footnotes":""},"class_list":["post-2101","page","type-page","status-publish","hentry"],"_links":{"self":[{"href":"https:\/\/kuivasjarvenaura.fi\/index.php\/wp-json\/wp\/v2\/pages\/2101","targetHints":{"allow":["GET"]}}],"collection":[{"href":"https:\/\/kuivasjarvenaura.fi\/index.php\/wp-json\/wp\/v2\/pages"}],"about":[{"href":"https:\/\/kuivasjarvenaura.fi\/index.php\/wp-json\/wp\/v2\/types\/page"}],"author":[{"embeddable":true,"href":"https:\/\/kuivasjarvenaura.fi\/index.php\/wp-json\/wp\/v2\/users\/1"}],"replies":[{"embeddable":true,"href":"https:\/\/kuivasjarvenaura.fi\/index.php\/wp-json\/wp\/v2\/comments?post=2101"}],"version-history":[{"count":14,"href":"https:\/\/kuivasjarvenaura.fi\/index.php\/wp-json\/wp\/v2\/pages\/2101\/revisions"}],"predecessor-version":[{"id":7063,"href":"https:\/\/kuivasjarvenaura.fi\/index.php\/wp-json\/wp\/v2\/pages\/2101\/revisions\/7063"}],"up":[{"embeddable":true,"href":"https:\/\/kuivasjarvenaura.fi\/index.php\/wp-json\/wp\/v2\/pages\/2066"}],"wp:attachment":[{"href":"https:\/\/kuivasjarvenaura.fi\/index.php\/wp-json\/wp\/v2\/media?parent=2101"}],"curies":[{"name":"wp","href":"https:\/\/api.w.org\/{rel}","templated":true}]}}