{"id":2092,"date":"2016-05-05T10:36:13","date_gmt":"2016-05-05T07:36:13","guid":{"rendered":"http:\/\/kuivasjarvenaura.fi\/index.php\/kuvagalleria-2\/"},"modified":"2026-04-09T10:41:57","modified_gmt":"2026-04-09T07:41:57","slug":"seuratuotteet","status":"publish","type":"page","link":"https:\/\/kuivasjarvenaura.fi\/index.php\/seuratuotteet\/","title":{"rendered":"Seuratuotteet"},"content":{"rendered":"<div class=\"wpb-content-wrapper\"><p>[vc_row full_width=&#8221;stretch_row&#8221; css=&#8221;.vc_custom_1584939033954{margin-top: 0px !important;margin-bottom: 0px !important;background-color: #ffffff !important;}&#8221;][vc_column width=&#8221;1\/2&#8243; css=&#8221;.vc_custom_1584522598519{padding-top: 0px !important;}&#8221;][vc_column_text css=&#8221;.vc_custom_1675353194868{margin-bottom: 20px !important;}&#8221;]Tuotteet l\u00f6ytyv\u00e4t toimistolta, Kallisenhaara 3!<\/p>\n<p>Tuotteita voi my\u00f6s kysell\u00e4 Henriikalta (puh. 0413100662)<\/p>\n<p><strong>TYTT\u00d6JEN\/NAISTEN ASUT:<\/strong><\/p>\n<ul>\n<li>lyhyt toppi 35\u20ac<\/li>\n<li>mustat shortsit 29\u20ac<\/li>\n<\/ul>\n<p>[\/vc_column_text][vc_single_image image=&#8221;2297&#8243; img_size=&#8221;medium&#8221;][vc_single_image image=&#8221;5442&#8243; img_size=&#8221;medium&#8221;][vc_column_text]<\/p>\n<ul>\n<li>keskipitk\u00e4 toppi 36\u20ac<\/li>\n<\/ul>\n<p><img loading=\"lazy\" decoding=\"async\" class=\"alignnone size-medium wp-image-4495\" src=\"https:\/\/kuivasjarvenaura.fi\/wp-content\/uploads\/2023\/02\/pitkat-oppi-200x300.jpg\" alt=\"\" width=\"200\" height=\"300\" srcset=\"https:\/\/kuivasjarvenaura.fi\/wp-content\/uploads\/2023\/02\/pitkat-oppi-200x300.jpg 200w, https:\/\/kuivasjarvenaura.fi\/wp-content\/uploads\/2023\/02\/pitkat-oppi-682x1024.jpg 682w, https:\/\/kuivasjarvenaura.fi\/wp-content\/uploads\/2023\/02\/pitkat-oppi-768x1152.jpg 768w, https:\/\/kuivasjarvenaura.fi\/wp-content\/uploads\/2023\/02\/pitkat-oppi-65x98.jpg 65w, https:\/\/kuivasjarvenaura.fi\/wp-content\/uploads\/2023\/02\/pitkat-oppi.jpg 853w\" sizes=\"auto, (max-width: 200px) 100vw, 200px\" \/><\/p>\n<ul>\n<li>pitk\u00e4 toppi 40\u20ac<\/li>\n<li><\/li>\n<\/ul>\n<p>[\/vc_column_text][vc_single_image image=&#8221;2298&#8243; img_size=&#8221;medium&#8221;][vc_column_text]<\/p>\n<ul>\n<li>Auran v\u00e4riset shortsit 36\u20ac<\/li>\n<\/ul>\n<p>[\/vc_column_text][vc_single_image image=&#8221;2301&#8243; img_size=&#8221;medium&#8221;][vc_column_text]<\/p>\n<ul>\n<li>tuulitakki 70\u20ac<\/li>\n<\/ul>\n<p>[\/vc_column_text][vc_single_image image=&#8221;5409&#8243; img_size=&#8221;medium&#8221;][vc_column_text]<\/p>\n<ul>\n<li>naisten pitk\u00e4hihainen paita 38\u20ac<\/li>\n<\/ul>\n<p>[\/vc_column_text][vc_single_image image=&#8221;6471&#8243; img_size=&#8221;medium&#8221;][vc_column_text css=&#8221;&#8221;]Auran tekninen treenipaita xs-4xl 20\u20ac[\/vc_column_text][vc_single_image image=&#8221;6470&#8243; img_size=&#8221;medium&#8221;][vc_column_text]Unisex mallin college 35\u20ac<\/p>\n<p>Koot XXS (k\u00e4y my\u00f6s esim. 150cm) &#8211; XXL<\/p>\n<p>&nbsp;<\/p>\n<p>[\/vc_column_text][vc_column_text]<\/p>\n<ul>\n<li>t-paita unisex 35 \u20ac<\/li>\n<li><img loading=\"lazy\" decoding=\"async\" class=\"alignnone size-medium wp-image-5445\" src=\"https:\/\/kuivasjarvenaura.fi\/wp-content\/uploads\/2023\/11\/ndadqfrz.png\" alt=\"\" width=\"300\" height=\"157\" srcset=\"https:\/\/kuivasjarvenaura.fi\/wp-content\/uploads\/2023\/11\/ndadqfrz.png 300w, https:\/\/kuivasjarvenaura.fi\/wp-content\/uploads\/2023\/11\/ndadqfrz-98x51.png 98w\" sizes=\"auto, (max-width: 300px) 100vw, 300px\" \/><\/li>\n<li>tuulihousut 45\u20ac<\/li>\n<li>panta 20\u20ac<\/li>\n<\/ul>\n<p><strong>POIKIEN\/MIESTEN ASUT<\/strong>[\/vc_column_text][vc_column_text]<\/p>\n<ul>\n<li>hihaton kisapaita 36\u20ac<\/li>\n<li>t-paita (unisex) 35\u20ac<\/li>\n<li>mustat py\u00f6r\u00e4ilyshortsit (vasen reuna) 33\u20ac<\/li>\n<li><img loading=\"lazy\" decoding=\"async\" class=\"alignnone size-medium wp-image-5439\" src=\"https:\/\/kuivasjarvenaura.fi\/wp-content\/uploads\/2023\/11\/E797452A-0D45-463D-B4A4-677881C97E21-1-300x200.jpeg\" alt=\"\" width=\"300\" height=\"200\" srcset=\"https:\/\/kuivasjarvenaura.fi\/wp-content\/uploads\/2023\/11\/E797452A-0D45-463D-B4A4-677881C97E21-1-300x200.jpeg 300w, https:\/\/kuivasjarvenaura.fi\/wp-content\/uploads\/2023\/11\/E797452A-0D45-463D-B4A4-677881C97E21-1-1024x683.jpeg 1024w, https:\/\/kuivasjarvenaura.fi\/wp-content\/uploads\/2023\/11\/E797452A-0D45-463D-B4A4-677881C97E21-1-768x512.jpeg 768w, https:\/\/kuivasjarvenaura.fi\/wp-content\/uploads\/2023\/11\/E797452A-0D45-463D-B4A4-677881C97E21-1-360x240.jpeg 360w, https:\/\/kuivasjarvenaura.fi\/wp-content\/uploads\/2023\/11\/E797452A-0D45-463D-B4A4-677881C97E21-1-98x65.jpeg 98w, https:\/\/kuivasjarvenaura.fi\/wp-content\/uploads\/2023\/11\/E797452A-0D45-463D-B4A4-677881C97E21-1.jpeg 1500w\" sizes=\"auto, (max-width: 300px) 100vw, 300px\" \/><\/li>\n<li>poikien pitk\u00e4hihainen paita 38\u20ac<\/li>\n<li>tuulitakki 70\u20ac<\/li>\n<li>tuulihousut 45\u20ac<\/li>\n<li>l\u00f6ys\u00e4t shortsit 32\u20ac<\/li>\n<\/ul>\n<p><strong><img loading=\"lazy\" decoding=\"async\" class=\"alignnone size-medium wp-image-7024\" src=\"https:\/\/kuivasjarvenaura.fi\/wp-content\/uploads\/2025\/12\/IMG_3065-200x300.jpeg\" alt=\"\" width=\"200\" height=\"300\" srcset=\"https:\/\/kuivasjarvenaura.fi\/wp-content\/uploads\/2025\/12\/IMG_3065-200x300.jpeg 200w, https:\/\/kuivasjarvenaura.fi\/wp-content\/uploads\/2025\/12\/IMG_3065-683x1024.jpeg 683w, https:\/\/kuivasjarvenaura.fi\/wp-content\/uploads\/2025\/12\/IMG_3065-768x1152.jpeg 768w, https:\/\/kuivasjarvenaura.fi\/wp-content\/uploads\/2025\/12\/IMG_3065-65x98.jpeg 65w, https:\/\/kuivasjarvenaura.fi\/wp-content\/uploads\/2025\/12\/IMG_3065.jpeg 1024w\" sizes=\"auto, (max-width: 200px) 100vw, 200px\" \/><\/strong><\/p>\n<p><strong>Craft hupparit<\/strong>: Rintalogo tulee kaikille, isompi selk\u00e4logo valittavissa erikseen.<\/p>\n<p>Lasten 122\/128, 134\/140, 146\/152, 158\/164\u00a0 55\u20ac, selk\u00e4logolla 60\u20ac<\/p>\n<p>Naisten xs, s, m, l, xl, xxl 60\u20ac, selk\u00e4logolla 65\u20ac<\/p>\n<p>Miesten xs, s, m, l, xl, xxl, xxxl 60\u20ac, selk\u00e4logolla 65\u20ac<\/p>\n<p><img loading=\"lazy\" decoding=\"async\" class=\"alignnone wp-image-7018 size-medium\" src=\"https:\/\/kuivasjarvenaura.fi\/wp-content\/uploads\/2025\/12\/reppu-225x300.jpeg\" alt=\"\" width=\"225\" height=\"300\" srcset=\"https:\/\/kuivasjarvenaura.fi\/wp-content\/uploads\/2025\/12\/reppu-225x300.jpeg 225w, https:\/\/kuivasjarvenaura.fi\/wp-content\/uploads\/2025\/12\/reppu-768x1024.jpeg 768w, https:\/\/kuivasjarvenaura.fi\/wp-content\/uploads\/2025\/12\/reppu-1152x1536.jpeg 1152w, https:\/\/kuivasjarvenaura.fi\/wp-content\/uploads\/2025\/12\/reppu-1536x2048.jpeg 1536w, https:\/\/kuivasjarvenaura.fi\/wp-content\/uploads\/2025\/12\/reppu-74x98.jpeg 74w, https:\/\/kuivasjarvenaura.fi\/wp-content\/uploads\/2025\/12\/reppu-scaled.jpeg 1920w\" sizes=\"auto, (max-width: 225px) 100vw, 225px\" \/><\/p>\n<p>Piikkaripussi 25\u20ac<\/p>\n<p><img loading=\"lazy\" decoding=\"async\" class=\"alignnone size-medium wp-image-4472\" src=\"https:\/\/kuivasjarvenaura.fi\/wp-content\/uploads\/2023\/02\/IMG_4173-253x300.jpg\" alt=\"\" width=\"253\" height=\"300\" srcset=\"https:\/\/kuivasjarvenaura.fi\/wp-content\/uploads\/2023\/02\/IMG_4173-253x300.jpg 253w, https:\/\/kuivasjarvenaura.fi\/wp-content\/uploads\/2023\/02\/IMG_4173-768x910.jpg 768w, https:\/\/kuivasjarvenaura.fi\/wp-content\/uploads\/2023\/02\/IMG_4173-83x98.jpg 83w, https:\/\/kuivasjarvenaura.fi\/wp-content\/uploads\/2023\/02\/IMG_4173.jpg 856w\" sizes=\"auto, (max-width: 253px) 100vw, 253px\" \/><\/p>\n<p>Talvipipo 23\u20ac<\/p>\n<p>Beige talvipipo 25\u20ac (kuva tulossa)<\/p>\n<p><img loading=\"lazy\" decoding=\"async\" class=\"alignnone size-medium wp-image-4473\" src=\"https:\/\/kuivasjarvenaura.fi\/wp-content\/uploads\/2023\/02\/IMG_4128-200x300.jpg\" alt=\"\" width=\"200\" height=\"300\" srcset=\"https:\/\/kuivasjarvenaura.fi\/wp-content\/uploads\/2023\/02\/IMG_4128-200x300.jpg 200w, https:\/\/kuivasjarvenaura.fi\/wp-content\/uploads\/2023\/02\/IMG_4128-683x1024.jpg 683w, https:\/\/kuivasjarvenaura.fi\/wp-content\/uploads\/2023\/02\/IMG_4128-768x1152.jpg 768w, https:\/\/kuivasjarvenaura.fi\/wp-content\/uploads\/2023\/02\/IMG_4128-1024x1536.jpg 1024w, https:\/\/kuivasjarvenaura.fi\/wp-content\/uploads\/2023\/02\/IMG_4128-65x98.jpg 65w, https:\/\/kuivasjarvenaura.fi\/wp-content\/uploads\/2023\/02\/IMG_4128.jpg 1080w\" sizes=\"auto, (max-width: 200px) 100vw, 200px\" \/><\/p>\n<p>Trikoopipo heijastinlogolla 15\u20ac, Tuubihuivi 10\u20ac<\/p>\n<p><img loading=\"lazy\" decoding=\"async\" class=\"alignnone size-medium wp-image-7019\" src=\"https:\/\/kuivasjarvenaura.fi\/wp-content\/uploads\/2025\/12\/sukat-225x300.jpeg\" alt=\"\" width=\"225\" height=\"300\" srcset=\"https:\/\/kuivasjarvenaura.fi\/wp-content\/uploads\/2025\/12\/sukat-225x300.jpeg 225w, https:\/\/kuivasjarvenaura.fi\/wp-content\/uploads\/2025\/12\/sukat-768x1024.jpeg 768w, https:\/\/kuivasjarvenaura.fi\/wp-content\/uploads\/2025\/12\/sukat-1152x1536.jpeg 1152w, https:\/\/kuivasjarvenaura.fi\/wp-content\/uploads\/2025\/12\/sukat-1536x2048.jpeg 1536w, https:\/\/kuivasjarvenaura.fi\/wp-content\/uploads\/2025\/12\/sukat-74x98.jpeg 74w, https:\/\/kuivasjarvenaura.fi\/wp-content\/uploads\/2025\/12\/sukat-scaled.jpeg 1920w\" sizes=\"auto, (max-width: 225px) 100vw, 225px\" \/><\/p>\n<p>Craft tekninen sukka 24\u20ac Koot: 34-36, 37-39, 40-42, 43-45\u00a0 (reilu mitoitus)<\/p>\n<p><img loading=\"lazy\" decoding=\"async\" class=\"alignnone size-medium wp-image-4470\" src=\"https:\/\/kuivasjarvenaura.fi\/wp-content\/uploads\/2023\/02\/IMG_4157-200x300.jpg\" alt=\"\" width=\"200\" height=\"300\" srcset=\"https:\/\/kuivasjarvenaura.fi\/wp-content\/uploads\/2023\/02\/IMG_4157-200x300.jpg 200w, https:\/\/kuivasjarvenaura.fi\/wp-content\/uploads\/2023\/02\/IMG_4157-683x1024.jpg 683w, https:\/\/kuivasjarvenaura.fi\/wp-content\/uploads\/2023\/02\/IMG_4157-768x1152.jpg 768w, https:\/\/kuivasjarvenaura.fi\/wp-content\/uploads\/2023\/02\/IMG_4157-1024x1536.jpg 1024w, https:\/\/kuivasjarvenaura.fi\/wp-content\/uploads\/2023\/02\/IMG_4157-65x98.jpg 65w, https:\/\/kuivasjarvenaura.fi\/wp-content\/uploads\/2023\/02\/IMG_4157.jpg 1080w\" sizes=\"auto, (max-width: 200px) 100vw, 200px\" \/><\/p>\n<p>Juomapullo 15\u20ac<\/p>\n<p>[\/vc_column_text][\/vc_column][vc_column width=&#8221;1\/2&#8243; css=&#8221;.vc_custom_1584522605112{padding-top: 0px !important;}&#8221;][vc_single_image image=&#8221;2302&#8243; img_size=&#8221;full&#8221; alignment=&#8221;center&#8221; onclick=&#8221;link_image&#8221; css_animation=&#8221;right-to-left&#8221;][vc_column_text css=&#8221;.vc_custom_1613670775534{margin-bottom: 22px !important;}&#8221;][\/vc_column_text][vc_column_text css=&#8221;.vc_custom_1613670768172{margin-bottom: 25px !important;}&#8221;][\/vc_column_text][stm_icon_list][\/stm_icon_list][\/vc_column][\/vc_row][vc_row][vc_column][\/vc_column][\/vc_row]<\/p>\n<\/div>","protected":false},"excerpt":{"rendered":"<p>[vc_row full_width=&#8221;stretch_row&#8221; css=&#8221;.vc_custom_1584939033954{margin-top: 0px !important;margin-bottom: 0px !important;background-color: #ffffff !important;}&#8221;][vc_column width=&#8221;1\/2&#8243; css=&#8221;.vc_custom_1584522598519{padding-top: 0px !important;}&#8221;][vc_column_text css=&#8221;.vc_custom_1675353194868{margin-bottom: 20px !important;}&#8221;]Tuotteet l\u00f6ytyv\u00e4t toimistolta, Kallisenhaara 3! Tuotteita voi my\u00f6s kysell\u00e4 Henriikalta (puh. 0413100662) TYTT\u00d6JEN\/NAISTEN ASUT: lyhyt toppi 35\u20ac mustat shortsit 29\u20ac [\/vc_column_text][vc_single_image image=&#8221;2297&#8243; img_size=&#8221;medium&#8221;][vc_single_image image=&#8221;5442&#8243; img_size=&#8221;medium&#8221;][vc_column_text] keskipitk\u00e4 toppi 36\u20ac pitk\u00e4 toppi 40\u20ac [\/vc_column_text][vc_single_image image=&#8221;2298&#8243; img_size=&#8221;medium&#8221;][vc_column_text] Auran v\u00e4riset shortsit 36\u20ac [\/vc_column_text][vc_single_image image=&#8221;2301&#8243;&#8230;<\/p>\n","protected":false},"author":1,"featured_media":0,"parent":0,"menu_order":0,"comment_status":"closed","ping_status":"closed","template":"","meta":{"footnotes":""},"class_list":["post-2092","page","type-page","status-publish","hentry"],"_links":{"self":[{"href":"https:\/\/kuivasjarvenaura.fi\/index.php\/wp-json\/wp\/v2\/pages\/2092","targetHints":{"allow":["GET"]}}],"collection":[{"href":"https:\/\/kuivasjarvenaura.fi\/index.php\/wp-json\/wp\/v2\/pages"}],"about":[{"href":"https:\/\/kuivasjarvenaura.fi\/index.php\/wp-json\/wp\/v2\/types\/page"}],"author":[{"embeddable":true,"href":"https:\/\/kuivasjarvenaura.fi\/index.php\/wp-json\/wp\/v2\/users\/1"}],"replies":[{"embeddable":true,"href":"https:\/\/kuivasjarvenaura.fi\/index.php\/wp-json\/wp\/v2\/comments?post=2092"}],"version-history":[{"count":47,"href":"https:\/\/kuivasjarvenaura.fi\/index.php\/wp-json\/wp\/v2\/pages\/2092\/revisions"}],"predecessor-version":[{"id":7116,"href":"https:\/\/kuivasjarvenaura.fi\/index.php\/wp-json\/wp\/v2\/pages\/2092\/revisions\/7116"}],"wp:attachment":[{"href":"https:\/\/kuivasjarvenaura.fi\/index.php\/wp-json\/wp\/v2\/media?parent=2092"}],"curies":[{"name":"wp","href":"https:\/\/api.w.org\/{rel}","templated":true}]}}