{"id":2064,"date":"2016-05-05T10:36:13","date_gmt":"2016-05-05T07:36:13","guid":{"rendered":"http:\/\/kuivasjarvenaura.fi\/index.php\/heittoharjoitukset-2\/"},"modified":"2023-02-02T17:47:46","modified_gmt":"2023-02-02T15:47:46","slug":"hiihtojaosto","status":"publish","type":"page","link":"https:\/\/kuivasjarvenaura.fi\/index.php\/hiihtojaosto\/","title":{"rendered":"Hiihtojaosto"},"content":{"rendered":"<div class=\"wpb-content-wrapper\"><p>[vc_row full_width=&#8221;stretch_row&#8221; css=&#8221;.vc_custom_1584939033954{margin-top: 0px !important;margin-bottom: 0px !important;background-color: #ffffff !important;}&#8221;][vc_column css=&#8221;.vc_custom_1584522598519{padding-top: 0px !important;}&#8221;][vc_column_text css=&#8221;.vc_custom_1675352863919{margin-bottom: 23px !important;}&#8221;]<\/p>\n<div id=\"content-middle\">\n<div id=\"zone-_main\" class=\"zone zone-_main-stuff\">\n<div id=\"token-253967\" class=\"token token-Content\">\n<p><strong>Kuivasj\u00e4rven Auran Hiihtojaosto:<\/strong><\/p>\n<div id=\"content-container-14622\" class=\"content-container\">\n<div id=\"content-text-14622\">\n<p>kilpailuilmoittautumiset, kisaorganisoija, tiedostus: Jani Laine<\/p>\n<p>Hiihtojaoston s\u00e4hk\u00f6posti: auranhiihto(at)gmail.com tai hiihtaja74(at)gmail.com<\/p>\n<\/div>\n<\/div>\n<\/div>\n<\/div>\n<\/div>\n<p>[\/vc_column_text][\/vc_column][\/vc_row]<\/p>\n<\/div>","protected":false},"excerpt":{"rendered":"<p>[vc_row full_width=&#8221;stretch_row&#8221; css=&#8221;.vc_custom_1584939033954{margin-top: 0px !important;margin-bottom: 0px !important;background-color: #ffffff !important;}&#8221;][vc_column css=&#8221;.vc_custom_1584522598519{padding-top: 0px !important;}&#8221;][vc_column_text css=&#8221;.vc_custom_1675352863919{margin-bottom: 23px !important;}&#8221;] Kuivasj\u00e4rven Auran Hiihtojaosto: kilpailuilmoittautumiset, kisaorganisoija, tiedostus: Jani Laine Hiihtojaoston s\u00e4hk\u00f6posti: auranhiihto(at)gmail.com tai hiihtaja74(at)gmail.com [\/vc_column_text][\/vc_column][\/vc_row]<\/p>\n","protected":false},"author":1,"featured_media":0,"parent":0,"menu_order":0,"comment_status":"closed","ping_status":"closed","template":"","meta":{"footnotes":""},"class_list":["post-2064","page","type-page","status-publish","hentry"],"_links":{"self":[{"href":"https:\/\/kuivasjarvenaura.fi\/index.php\/wp-json\/wp\/v2\/pages\/2064","targetHints":{"allow":["GET"]}}],"collection":[{"href":"https:\/\/kuivasjarvenaura.fi\/index.php\/wp-json\/wp\/v2\/pages"}],"about":[{"href":"https:\/\/kuivasjarvenaura.fi\/index.php\/wp-json\/wp\/v2\/types\/page"}],"author":[{"embeddable":true,"href":"https:\/\/kuivasjarvenaura.fi\/index.php\/wp-json\/wp\/v2\/users\/1"}],"replies":[{"embeddable":true,"href":"https:\/\/kuivasjarvenaura.fi\/index.php\/wp-json\/wp\/v2\/comments?post=2064"}],"version-history":[{"count":5,"href":"https:\/\/kuivasjarvenaura.fi\/index.php\/wp-json\/wp\/v2\/pages\/2064\/revisions"}],"predecessor-version":[{"id":4462,"href":"https:\/\/kuivasjarvenaura.fi\/index.php\/wp-json\/wp\/v2\/pages\/2064\/revisions\/4462"}],"wp:attachment":[{"href":"https:\/\/kuivasjarvenaura.fi\/index.php\/wp-json\/wp\/v2\/media?parent=2064"}],"curies":[{"name":"wp","href":"https:\/\/api.w.org\/{rel}","templated":true}]}}