{"id":2058,"date":"2016-05-05T10:36:13","date_gmt":"2016-05-05T07:36:13","guid":{"rendered":"http:\/\/kuivasjarvenaura.fi\/index.php\/heittoharjoitukset-2\/"},"modified":"2026-02-05T10:02:37","modified_gmt":"2026-02-05T08:02:37","slug":"kilpailut","status":"publish","type":"page","link":"https:\/\/kuivasjarvenaura.fi\/index.php\/yleisurheilu-2-2\/yleisurheilu-info\/kilpailut\/","title":{"rendered":"Auran kilpailut"},"content":{"rendered":"<div class=\"wpb-content-wrapper\"><p>[vc_row full_width=&#8221;stretch_row&#8221; css=&#8221;.vc_custom_1584939033954{margin-top: 0px !important;margin-bottom: 0px !important;background-color: #ffffff !important;}&#8221;][vc_column width=&#8221;1\/3&#8243; css=&#8221;.vc_custom_1584522605112{padding-top: 0px !important;}&#8221;][vc_single_image image=&#8221;3946&#8243; img_size=&#8221;large&#8221;][\/vc_column][vc_column width=&#8221;2\/3&#8243; css=&#8221;.vc_custom_1584522598519{padding-top: 0px !important;}&#8221;][vc_column_text css=&#8221;.vc_custom_1763645739970{margin-bottom: 23px !important;}&#8221;]<strong>Auran urheilukoululaisten pikkujoulu-seurakisat su 7.12 Ouluhallissa.<\/strong><\/p>\n<p>Sunnuntaina 7.12 klo 12:30 alkaen pidet\u00e4\u00e4n matalan kynnyksen seurakisat Auran urheilukoululaisille\/kilparyhm\u00e4l\u00e4isille.<\/p>\n<p>Ilmoittautuminen viim. to 4.12<strong>.<\/strong> J\u00e4lki-ilmoittautumisia emme valitettavasti pysty ottamaan vastaan!<\/p>\n<p>Tulokset eiv\u00e4t ole tilastokelpoisia. Aikataulu julkaistaan viimeist\u00e4\u00e4n perjantaina 5.12\u00a0 klo 18 menness\u00e4 nettisivuillemme.<\/p>\n<p>Pikkujoulu-seurakisoissa p\u00e4\u00e4see kilpailemisen lis\u00e4ksi koristelemaan pipareita ja tekem\u00e4\u00e4n joulukortin!<\/p>\n<p>Seurakisoihin ilmoittaudutaan syntym\u00e4vuoden mukaisesti nettisivujen alla olevan kaavakkeen kautta:<\/p>\n<p>4v. 2021<\/p>\n<p>5v. 2020<\/p>\n<p>6v. 2019<\/p>\n<p>7v. 2018<\/p>\n<p>8v. 2017<\/p>\n<p>9v. 2016<\/p>\n<p>11v. 2015-2014<\/p>\n<p>13v. 2013-2012<\/p>\n<p>15v. 2011-2010<\/p>\n<p>17v. 2008-2009<\/p>\n<p>&nbsp;<\/p>\n<p>Seurakisat ovat matalan kynnyksen kilpailut, joissa Auralaiset p\u00e4\u00e4sev\u00e4t kisailemaan eri yleisurheilulajeissa.[\/vc_column_text][vc_separator][\/vc_column][\/vc_row][vc_row][vc_column][\/vc_column][\/vc_row]<\/p>\n<\/div>","protected":false},"excerpt":{"rendered":"<p>[vc_row full_width=&#8221;stretch_row&#8221; css=&#8221;.vc_custom_1584939033954{margin-top: 0px !important;margin-bottom: 0px !important;background-color: #ffffff !important;}&#8221;][vc_column width=&#8221;1\/3&#8243; css=&#8221;.vc_custom_1584522605112{padding-top: 0px !important;}&#8221;][vc_single_image image=&#8221;3946&#8243; img_size=&#8221;large&#8221;][\/vc_column][vc_column width=&#8221;2\/3&#8243; css=&#8221;.vc_custom_1584522598519{padding-top: 0px !important;}&#8221;][vc_column_text css=&#8221;.vc_custom_1763645739970{margin-bottom: 23px !important;}&#8221;]Auran urheilukoululaisten pikkujoulu-seurakisat su 7.12 Ouluhallissa. Sunnuntaina 7.12 klo 12:30 alkaen pidet\u00e4\u00e4n matalan kynnyksen seurakisat Auran urheilukoululaisille\/kilparyhm\u00e4l\u00e4isille. Ilmoittautuminen viim. to 4.12. J\u00e4lki-ilmoittautumisia emme valitettavasti pysty ottamaan vastaan! Tulokset eiv\u00e4t ole tilastokelpoisia. Aikataulu julkaistaan viimeist\u00e4\u00e4n&#8230;<\/p>\n","protected":false},"author":1,"featured_media":0,"parent":612,"menu_order":0,"comment_status":"closed","ping_status":"closed","template":"","meta":{"footnotes":""},"class_list":["post-2058","page","type-page","status-publish","hentry"],"_links":{"self":[{"href":"https:\/\/kuivasjarvenaura.fi\/index.php\/wp-json\/wp\/v2\/pages\/2058","targetHints":{"allow":["GET"]}}],"collection":[{"href":"https:\/\/kuivasjarvenaura.fi\/index.php\/wp-json\/wp\/v2\/pages"}],"about":[{"href":"https:\/\/kuivasjarvenaura.fi\/index.php\/wp-json\/wp\/v2\/types\/page"}],"author":[{"embeddable":true,"href":"https:\/\/kuivasjarvenaura.fi\/index.php\/wp-json\/wp\/v2\/users\/1"}],"replies":[{"embeddable":true,"href":"https:\/\/kuivasjarvenaura.fi\/index.php\/wp-json\/wp\/v2\/comments?post=2058"}],"version-history":[{"count":105,"href":"https:\/\/kuivasjarvenaura.fi\/index.php\/wp-json\/wp\/v2\/pages\/2058\/revisions"}],"predecessor-version":[{"id":7068,"href":"https:\/\/kuivasjarvenaura.fi\/index.php\/wp-json\/wp\/v2\/pages\/2058\/revisions\/7068"}],"up":[{"embeddable":true,"href":"https:\/\/kuivasjarvenaura.fi\/index.php\/wp-json\/wp\/v2\/pages\/612"}],"wp:attachment":[{"href":"https:\/\/kuivasjarvenaura.fi\/index.php\/wp-json\/wp\/v2\/media?parent=2058"}],"curies":[{"name":"wp","href":"https:\/\/api.w.org\/{rel}","templated":true}]}}