{"id":2056,"date":"2016-05-05T10:36:13","date_gmt":"2016-05-05T07:36:13","guid":{"rendered":"http:\/\/kuivasjarvenaura.fi\/index.php\/heittoharjoitukset-2\/"},"modified":"2024-01-17T11:21:20","modified_gmt":"2024-01-17T09:21:20","slug":"valmentajat-ja-ohjaajat","status":"publish","type":"page","link":"https:\/\/kuivasjarvenaura.fi\/index.php\/valmentajat-ja-ohjaajat\/","title":{"rendered":"Valmentajat ja ohjaajat"},"content":{"rendered":"<div class=\"wpb-content-wrapper\"><p>[vc_row][vc_column width=&#8221;1\/2&#8243;][vc_column_text]Kaikki seuramme ohjaajat ja valmentajat ovat Suomen Urheiluliiton kouluttamia. L\u00e4hes kaikki valmentajat ja ohjaajat ovat entisi\u00e4 tai nykyisi\u00e4 seuramme urheilijoita. Lue lis\u00e4\u00e4 valmentajista ja ohjaajista alta.<\/p>\n<p><a href=\"http:\/\/kuivasjarvenaura.fi\/index.php\/anne-karvinen-poutanen\/\">Anne Karvinen-Poutanen<\/a><\/p>\n<p><a href=\"http:\/\/kuivasjarvenaura.fi\/index.php\/olivia-jokinen\/\">Olivia Jokinen<\/a><\/p>\n<p><a href=\"http:\/\/kuivasjarvenaura.fi\/index.php\/anna-okkonen\/\">Anna Okkonen<\/a><\/p>\n<p><a href=\"https:\/\/kuivasjarvenaura.fi\/index.php\/janne-kovaniemi\/\">Janne Kovaniemi<\/a><\/p>\n<p><a href=\"http:\/\/kuivasjarvenaura.fi\/index.php\/yleisurheilukoulun-ohjaajat\/\">Yleisurheilukoulun ohjaajat<\/a><\/p>\n<p>&nbsp;<\/p>\n<p>Kuivasj\u00e4rven Auran valmentajat sek\u00e4 ohjaajat ovat sitoutuneita Suomen Olympiakomitean 10 laatulupaukseen\u00a0 lasten &amp; nuorten urheiluun.<\/p>\n<p><a href=\"https:\/\/www.olympiakomitea.fi\/uploads\/2021\/12\/c4315cff-10_laatulupausta.pdf\">Suomen Olympiakomitea<\/a>[\/vc_column_text][\/vc_column][vc_column width=&#8221;1\/2&#8243;][vc_single_image image=&#8221;2727&#8243; img_size=&#8221;large&#8221;][vc_single_image image=&#8221;5593&#8243; img_size=&#8221;medium&#8221;][\/vc_column][\/vc_row]<\/p>\n<\/div>","protected":false},"excerpt":{"rendered":"<p>[vc_row][vc_column width=&#8221;1\/2&#8243;][vc_column_text]Kaikki seuramme ohjaajat ja valmentajat ovat Suomen Urheiluliiton kouluttamia. L\u00e4hes kaikki valmentajat ja ohjaajat ovat entisi\u00e4 tai nykyisi\u00e4 seuramme urheilijoita. Lue lis\u00e4\u00e4 valmentajista ja ohjaajista alta. Anne Karvinen-Poutanen Olivia Jokinen Anna Okkonen Janne Kovaniemi Yleisurheilukoulun ohjaajat &nbsp; Kuivasj\u00e4rven Auran valmentajat sek\u00e4 ohjaajat ovat sitoutuneita Suomen Olympiakomitean 10 laatulupaukseen\u00a0 lasten &amp; nuorten urheiluun. Suomen Olympiakomitea[\/vc_column_text][\/vc_column][vc_column&#8230;<\/p>\n","protected":false},"author":1,"featured_media":0,"parent":0,"menu_order":0,"comment_status":"closed","ping_status":"closed","template":"","meta":{"footnotes":""},"class_list":["post-2056","page","type-page","status-publish","hentry"],"_links":{"self":[{"href":"https:\/\/kuivasjarvenaura.fi\/index.php\/wp-json\/wp\/v2\/pages\/2056","targetHints":{"allow":["GET"]}}],"collection":[{"href":"https:\/\/kuivasjarvenaura.fi\/index.php\/wp-json\/wp\/v2\/pages"}],"about":[{"href":"https:\/\/kuivasjarvenaura.fi\/index.php\/wp-json\/wp\/v2\/types\/page"}],"author":[{"embeddable":true,"href":"https:\/\/kuivasjarvenaura.fi\/index.php\/wp-json\/wp\/v2\/users\/1"}],"replies":[{"embeddable":true,"href":"https:\/\/kuivasjarvenaura.fi\/index.php\/wp-json\/wp\/v2\/comments?post=2056"}],"version-history":[{"count":23,"href":"https:\/\/kuivasjarvenaura.fi\/index.php\/wp-json\/wp\/v2\/pages\/2056\/revisions"}],"predecessor-version":[{"id":5595,"href":"https:\/\/kuivasjarvenaura.fi\/index.php\/wp-json\/wp\/v2\/pages\/2056\/revisions\/5595"}],"wp:attachment":[{"href":"https:\/\/kuivasjarvenaura.fi\/index.php\/wp-json\/wp\/v2\/media?parent=2056"}],"curies":[{"name":"wp","href":"https:\/\/api.w.org\/{rel}","templated":true}]}}