{"id":2052,"date":"2016-05-05T10:36:13","date_gmt":"2016-05-05T07:36:13","guid":{"rendered":"http:\/\/kuivasjarvenaura.fi\/index.php\/yleisurheilukoulu-2\/"},"modified":"2024-12-02T14:05:26","modified_gmt":"2024-12-02T12:05:26","slug":"kilparyhmat","status":"publish","type":"page","link":"https:\/\/kuivasjarvenaura.fi\/index.php\/yleisurheilu-2-2\/yleisurheilu-info\/kilparyhmat\/","title":{"rendered":"Kilparyhm\u00e4t"},"content":{"rendered":"<div class=\"wpb-content-wrapper\"><p>[vc_row full_width=&#8221;stretch_row&#8221; css=&#8221;.vc_custom_1584939033954{margin-top: 0px !important;margin-bottom: 0px !important;background-color: #ffffff !important;}&#8221;][vc_column width=&#8221;1\/2&#8243; css=&#8221;.vc_custom_1584522598519{padding-top: 0px !important;}&#8221;][vc_column_text css=&#8221;.vc_custom_1733141124247{margin-bottom: 23px !important;}&#8221;]Tavoitteellisesta urheilusta ja erityisesti kilpailemisesta kiinnostuneille seuramme tarjoaa tasokasta kilpavalmennusta. Kaikki valmentajamme ovat koulutettuja ja heill\u00e4 on vuosien kokemus yleisurheilun parissa.<\/p>\n<p>Kilparyhm\u00e4t on jaettu i\u00e4n, tason ja osittain my\u00f6s lajipainotuksen mukaan. Junioriryhmiss\u00e4 harjoitellaan monipuolisesti eri yleisurheilulajeja ja keskityt\u00e4\u00e4n kehitt\u00e4m\u00e4\u00e4n ominaisuuksia kattavasti. Lajiryhm\u00e4t t\u00e4ydent\u00e4v\u00e4t nuorten viikkoharjoittelua.<\/p>\n<p>Kilparyhm\u00e4ss\u00e4 harjoittelu ei edellyt\u00e4 vuosien kokemusta yleisurheilusta, mutta kilpaileminen on edellytys ryhmiin. T\u00e4rke\u00e4\u00e4 on aito kiinnostus ja motivaatio tavoitteelliseen harjoitteluun sek\u00e4 kilpailemiseen. Tavoitteellisessakin harjoittelussa meille t\u00e4rke\u00e4\u00e4 on mielekkyys, hauskanpito ja yhteishenki.<\/p>\n<p>Kilparyhmiin nostetaan seuran puolesta urheilijoita urheilukoulun puolelta eik\u00e4 niihin voi ilmoittautua itse. T\u00e4ll\u00e4 hetkell\u00e4 kilparyhm\u00e4t ovat t\u00e4ynn\u00e4.<\/p>\n<p>Voit ilmoittaa lapsesi halukkuudesta kilparyhm\u00e4\u00e4n: kuivau49@gmail.com[\/vc_column_text][\/vc_column][vc_column width=&#8221;1\/2&#8243; css=&#8221;.vc_custom_1584522605112{padding-top: 0px !important;}&#8221;][vc_single_image image=&#8221;2591&#8243; img_size=&#8221;large&#8221;][vc_single_image image=&#8221;5591&#8243; img_size=&#8221;medium&#8221;][\/vc_column][\/vc_row]<\/p>\n<\/div>","protected":false},"excerpt":{"rendered":"<p>[vc_row full_width=&#8221;stretch_row&#8221; css=&#8221;.vc_custom_1584939033954{margin-top: 0px !important;margin-bottom: 0px !important;background-color: #ffffff !important;}&#8221;][vc_column width=&#8221;1\/2&#8243; css=&#8221;.vc_custom_1584522598519{padding-top: 0px !important;}&#8221;][vc_column_text css=&#8221;.vc_custom_1733141124247{margin-bottom: 23px !important;}&#8221;]Tavoitteellisesta urheilusta ja erityisesti kilpailemisesta kiinnostuneille seuramme tarjoaa tasokasta kilpavalmennusta. Kaikki valmentajamme ovat koulutettuja ja heill\u00e4 on vuosien kokemus yleisurheilun parissa. Kilparyhm\u00e4t on jaettu i\u00e4n, tason ja osittain my\u00f6s lajipainotuksen mukaan. Junioriryhmiss\u00e4 harjoitellaan monipuolisesti eri yleisurheilulajeja ja keskityt\u00e4\u00e4n kehitt\u00e4m\u00e4\u00e4n ominaisuuksia&#8230;<\/p>\n","protected":false},"author":1,"featured_media":0,"parent":612,"menu_order":0,"comment_status":"closed","ping_status":"closed","template":"","meta":{"footnotes":""},"class_list":["post-2052","page","type-page","status-publish","hentry"],"_links":{"self":[{"href":"https:\/\/kuivasjarvenaura.fi\/index.php\/wp-json\/wp\/v2\/pages\/2052","targetHints":{"allow":["GET"]}}],"collection":[{"href":"https:\/\/kuivasjarvenaura.fi\/index.php\/wp-json\/wp\/v2\/pages"}],"about":[{"href":"https:\/\/kuivasjarvenaura.fi\/index.php\/wp-json\/wp\/v2\/types\/page"}],"author":[{"embeddable":true,"href":"https:\/\/kuivasjarvenaura.fi\/index.php\/wp-json\/wp\/v2\/users\/1"}],"replies":[{"embeddable":true,"href":"https:\/\/kuivasjarvenaura.fi\/index.php\/wp-json\/wp\/v2\/comments?post=2052"}],"version-history":[{"count":13,"href":"https:\/\/kuivasjarvenaura.fi\/index.php\/wp-json\/wp\/v2\/pages\/2052\/revisions"}],"predecessor-version":[{"id":6481,"href":"https:\/\/kuivasjarvenaura.fi\/index.php\/wp-json\/wp\/v2\/pages\/2052\/revisions\/6481"}],"up":[{"embeddable":true,"href":"https:\/\/kuivasjarvenaura.fi\/index.php\/wp-json\/wp\/v2\/pages\/612"}],"wp:attachment":[{"href":"https:\/\/kuivasjarvenaura.fi\/index.php\/wp-json\/wp\/v2\/media?parent=2052"}],"curies":[{"name":"wp","href":"https:\/\/api.w.org\/{rel}","templated":true}]}}