{"id":2050,"date":"2016-05-05T10:36:13","date_gmt":"2016-05-05T07:36:13","guid":{"rendered":"http:\/\/kuivasjarvenaura.fi\/index.php\/yleisurheilu-2-2\/"},"modified":"2026-02-25T15:36:53","modified_gmt":"2026-02-25T13:36:53","slug":"yleisurheilukoulu","status":"publish","type":"page","link":"https:\/\/kuivasjarvenaura.fi\/index.php\/yleisurheilu-2-2\/yleisurheilu-info\/yleisurheilukoulu\/","title":{"rendered":"Yleisurheilukoulu"},"content":{"rendered":"<div class=\"wpb-content-wrapper\"><p>[vc_row][vc_column width=&#8221;2\/3&#8243;][vc_column_text]<strong>HOX! <\/strong>Yleisurheilukoulun treenit pidet\u00e4\u00e4n talvilomaviikolla normaalisti Ouluhallissa ma-to 2.-5.3. <strong>Kaikkien<\/strong> ryhmien harjoitukset (my\u00f6s ti &amp; to ryhm\u00e4t) pidet\u00e4\u00e4n<strong> klo 18:00-19:00, <\/strong>poislukien keskiviikon 2021-syntyneiden ryhm\u00e4, jonka treenit ovat normaaliin aikaan klo 18:00-18:45. Talvilomaviikon poissaoloista ei tarvitse ilmoittaa erikseen.<\/p>\n<h4><\/h4>\n<h4>Urheilukoulujen ilmoittautuminen on nyt auki:\u00a0<a href=\"https:\/\/kuivasjarvenaura.myclub.fi\/\">https:\/\/kuivasjarvenaura.myclub.fi<\/a><\/h4>\n<p><strong>My\u00f6s kaudella 2024-2025 mukana olleiden t\u00e4ytyy ilmoittautua MyClub:n kautta uudelle kaudelle.<\/strong><\/p>\n<p>Olemme ottaneet uuden j\u00e4rjestelm\u00e4n, MyClubin k\u00e4ytt\u00f6\u00f6n, olethan tarkkana tietoja t\u00e4ytt\u00e4ess\u00e4si ja ryhm\u00e4n valinnassa!<\/p>\n<p>Ohjeita:<\/p>\n<p>&#8211;&gt; Ilmoittautumiset<\/p>\n<p>&#8211;&gt;Valitse SYNTYM\u00c4VUODEN mukainen ryhm\u00e4, \u00e4l\u00e4 v\u00e4lit\u00e4 kurssin kohdalla n\u00e4kyv\u00e4st\u00e4 p\u00e4iv\u00e4st\u00e4: MyClub n\u00e4ytt\u00e4\u00e4 t\u00e4ss\u00e4 kohtaa vain kurssin alkamisp\u00e4iv\u00e4\u00e4<\/p>\n<p>\u2014&gt; Klikkaa <strong>ilmoittaudu<\/strong> (treenip\u00e4iv\u00e4valinta tehd\u00e4\u00e4n my\u00f6hemm\u00e4ss\u00e4 vaiheessa)<\/p>\n<p>&#8211;&gt;Ilmoita lapsen sek\u00e4 huoltajan tiedot<\/p>\n<p>&#8211;&gt;Ilmoita muut lis\u00e4tiedot, joita lomake kysyy<\/p>\n<p>&#8211;&gt;Vahvista ilmoittautuminen<\/p>\n<p>&#8211;&gt; Luo k\u00e4ytt\u00e4j\u00e4tunnus MyClubiin<\/p>\n<p>&#8211;&gt; Saat s\u00e4hk\u00f6postiisi vahvistuksen ilmoittautumisesta<\/p>\n<p>Olemme ottaneet MyClubin k\u00e4ytt\u00f6\u00f6n, olethan tarkkana tietoja t\u00e4ytt\u00e4ess\u00e4si ja ryhm\u00e4n valinnassa!<\/p>\n<p>Ohessa infoa treenip\u00e4ivist\u00e4\/ajoista:<\/p>\n<p>Uusi 2025-2026 yleisurheilukoulukausi alkaa\u00a0<strong>maanantaina 1.9<\/strong> Raatin Stadionilla, ja jatkuu Ouluhallissa 6.10. alkaen. Kausi 1.9.2025-13.8.2026<\/p>\n<p>&nbsp;<\/p>\n<p><strong>Ryhm\u00e4t:<\/strong><\/p>\n<p><strong>Ma &amp; ke klo 18-19 (1h)<\/strong><\/p>\n<ul class=\"wp-block-list\">\n<li>2020-, 2019-, 2018- ja 2017-syntyneet<\/li>\n<\/ul>\n<p><strong>!!<\/strong>\u00a02021 kes\u00e4lt\u00e4 jatkavat vain keskiviikkoisin\u00a0<strong>18-18:45<\/strong>\u00a0<strong>!!<\/strong><\/p>\n<p><strong>Ti &amp; to klo 18-19.30 (1,5h)<\/strong><\/p>\n<ul class=\"wp-block-list\">\n<li>2016-, 2015-, 2014-, 2013-, 2012-, 2011- ja 2010-syntyneet<\/li>\n<\/ul>\n<p>&nbsp;<\/p>\n<p><strong>Hinta:<\/strong><\/p>\n<p>2x\/vko 415\u20ac<\/p>\n<p>1x\/vko 275\u20ac<\/p>\n<p>Lis\u00e4ksi 15\u20ac j\u00e4senmaksu.<\/p>\n<p>-Maksua saa maksaa itselle sopivissa eriss\u00e4.<\/p>\n<p>Hinta sis\u00e4lt\u00e4\u00e4:<\/p>\n<ul class=\"wp-block-list\">\n<li>2013-2018 syntyneille Suomen Urheiluliiton lisenssin (kilpailulupa) ja Sporttiturva-vakuutuksen<\/li>\n<li>2019 ja my\u00f6hemmin syntyneille Sporttiturva-ryhm\u00e4vakuutuksen<\/li>\n<li>2012- ja aiemmin syntyneet ostavat itse lisenssin Suomisportista, suosittelemme ostamaan my\u00f6s vakuutuksen. Edellyt\u00e4mme lisenssin ostamista kaikilta seurassamme treenaavilta. (1.10.2025-30.9.2026 lisenssikausi)<\/li>\n<li>Oikeuden osallistua Auran suosittuihin seurakisoihin<\/li>\n<li>Yli 9-vuotiaille piirinmestaruuskilpailuiden osanottomaksun 1.lajiin\/kilpailu (sisukilpailut)<\/li>\n<\/ul>\n<p><strong>LIS\u00c4TIETOA:<\/strong><\/p>\n<p>puh. 0413100662\/Henriikka<\/p>\n<p><a href=\"mailto:kuivau49@gmail.com\">kuivau49@gmail.com<\/a>[\/vc_column_text][\/vc_column][vc_column width=&#8221;1\/3&#8243;][vc_single_image image=&#8221;4261&#8243; img_size=&#8221;full&#8221;][vc_single_image image=&#8221;5160&#8243; img_size=&#8221;FULL&#8221;][vc_single_image image=&#8221;5734&#8243; img_size=&#8221;full&#8221;][vc_single_image image=&#8221;5733&#8243; img_size=&#8221;full&#8221;][\/vc_column][\/vc_row]<\/p>\n<\/div>","protected":false},"excerpt":{"rendered":"<p>[vc_row][vc_column width=&#8221;2\/3&#8243;][vc_column_text]HOX! Yleisurheilukoulun treenit pidet\u00e4\u00e4n talvilomaviikolla normaalisti Ouluhallissa ma-to 2.-5.3. Kaikkien ryhmien harjoitukset (my\u00f6s ti &amp; to ryhm\u00e4t) pidet\u00e4\u00e4n klo 18:00-19:00, poislukien keskiviikon 2021-syntyneiden ryhm\u00e4, jonka treenit ovat normaaliin aikaan klo 18:00-18:45. Talvilomaviikon poissaoloista ei tarvitse ilmoittaa erikseen. Urheilukoulujen ilmoittautuminen on nyt auki:\u00a0https:\/\/kuivasjarvenaura.myclub.fi My\u00f6s kaudella 2024-2025 mukana olleiden t\u00e4ytyy ilmoittautua MyClub:n kautta uudelle kaudelle. Olemme&#8230;<\/p>\n","protected":false},"author":1,"featured_media":0,"parent":612,"menu_order":0,"comment_status":"closed","ping_status":"closed","template":"","meta":{"footnotes":""},"class_list":["post-2050","page","type-page","status-publish","hentry"],"_links":{"self":[{"href":"https:\/\/kuivasjarvenaura.fi\/index.php\/wp-json\/wp\/v2\/pages\/2050","targetHints":{"allow":["GET"]}}],"collection":[{"href":"https:\/\/kuivasjarvenaura.fi\/index.php\/wp-json\/wp\/v2\/pages"}],"about":[{"href":"https:\/\/kuivasjarvenaura.fi\/index.php\/wp-json\/wp\/v2\/types\/page"}],"author":[{"embeddable":true,"href":"https:\/\/kuivasjarvenaura.fi\/index.php\/wp-json\/wp\/v2\/users\/1"}],"replies":[{"embeddable":true,"href":"https:\/\/kuivasjarvenaura.fi\/index.php\/wp-json\/wp\/v2\/comments?post=2050"}],"version-history":[{"count":141,"href":"https:\/\/kuivasjarvenaura.fi\/index.php\/wp-json\/wp\/v2\/pages\/2050\/revisions"}],"predecessor-version":[{"id":3196,"href":"https:\/\/kuivasjarvenaura.fi\/index.php\/wp-json\/wp\/v2\/pages\/2050\/revisions\/3196"}],"up":[{"embeddable":true,"href":"https:\/\/kuivasjarvenaura.fi\/index.php\/wp-json\/wp\/v2\/pages\/612"}],"wp:attachment":[{"href":"https:\/\/kuivasjarvenaura.fi\/index.php\/wp-json\/wp\/v2\/media?parent=2050"}],"curies":[{"name":"wp","href":"https:\/\/api.w.org\/{rel}","templated":true}]}}